{"id":108,"date":"2015-12-23T12:52:12","date_gmt":"2015-12-23T11:52:12","guid":{"rendered":"http:\/\/tommasini.microproxy.fr\/construction\/?page_id=108"},"modified":"2022-10-10T14:11:48","modified_gmt":"2022-10-10T13:11:48","slug":"certifications","status":"publish","type":"page","link":"https:\/\/dev.groupe-tommasini.com\/construction\/presentation\/certifications\/","title":{"rendered":"Certifications"},"content":{"rendered":"<p>[vc_row class=\u00a0\u00bbbox-certif\u00a0\u00bb][vc_column width=\u00a0\u00bb3\/4&Prime;][vc_column_text]Chaque entreprise QUALIBAT est s\u00e9lectionn\u00e9e sur ses aptitudes \u00e0 r\u00e9aliser des travaux dans une activit\u00e9 donn\u00e9e et r\u00e9guli\u00e8rement contr\u00f4l\u00e9e sur le plan administratif, juridique et financier.<\/p>\n<p>C\u2019est un gage d\u2019excellence pour tous les Ma\u00eetres d\u2019Ouvrage, publics et priv\u00e9s.<\/p>\n<p>En Construction :<\/p>\n<p>2113 \u2013 Ma\u00e7onnerie (technicit\u00e9 sup\u00e9rieure) et b\u00e9ton arm\u00e9 courant<br \/>\n2114 \u2013 Ma\u00e7onnerie (technicit\u00e9 exceptionnelle) et b\u00e9ton arm\u00e9 courant<br \/>\n2212 \u2013 B\u00e9ton arm\u00e9 et b\u00e9ton pr\u00e9contraint (technicit\u00e9 confirm\u00e9)<br \/>\n1552 \u2013 Traitement de l\u2019amiante<\/p>\n<p>Parce que le d\u00e9veloppement durable s\u2019impose d\u00e8s aujourd\u2019hui comme une pr\u00e9occupation majeure pour l\u2019avenir, QUALIBAT s\u2019engage \u00e0 promouvoir l\u2019environnement. Avec les nouvelles certifications \u00ab Energies renouvelables \u00bb et \u00ab R\u00e9novation \u00e9nerg\u00e9tique \u00bb, ainsi que la mention \u00ab Efficacit\u00e9 \u00e9nerg\u00e9tique \u00bb, qui accompagne d\u00e9sormais les qualifications se rapportant \u00e0 l\u2019enveloppe et \u00e0 l\u2019\u00e9quipement technique, QUALIBAT apporte une r\u00e9ponse appropri\u00e9e aux enjeux du Grenelle de l\u2019Environnement<\/p>\n<p>8621 \u2013 Efficacit\u00e9 \u00e9nerg\u00e9tique \u00ab Les Pros de la Performance Energ\u00e9tique[\/vc_column_text][\/vc_column][vc_column width=\u00a0\u00bb1\/4&Prime;][vc_single_image image=\u00a0\u00bb75&Prime; img_size=\u00a0\u00bbfull\u00a0\u00bb][\/vc_column][\/vc_row][vc_row class=\u00a0\u00bbbox-certif\u00a0\u00bb][vc_column width=\u00a0\u00bb1\/4&Prime;][vc_single_image image=\u00a0\u00bb74&Prime; img_size=\u00a0\u00bbfull\u00a0\u00bb][\/vc_column][vc_column width=\u00a0\u00bb3\/4&Prime;][vc_column_text]Afin de valoriser son savoir-faire, de renforcer sa relation de confiance avec ses clients et de s&rsquo;engager dans une d\u00e9marche de progr\u00e8s permanent, l&rsquo;Entreprise TOMMASINI CONSTRUCTION est Reconnue Garant de l&rsquo;Environnement (RGE).[\/vc_column_text][\/vc_column][\/vc_row]<\/p>\n","protected":false},"excerpt":{"rendered":"<p>[vc_row class=\u00a0\u00bbbox-certif\u00a0\u00bb][vc_column width=\u00a0\u00bb3\/4&Prime;][vc_column_text]Chaque entreprise QUALIBAT est s\u00e9lectionn\u00e9e sur ses aptitudes \u00e0 r\u00e9aliser des travaux dans une activit\u00e9 donn\u00e9e et r\u00e9guli\u00e8rement contr\u00f4l\u00e9e &#8230;<\/p>\n","protected":false},"author":1,"featured_media":862,"parent":7,"menu_order":0,"comment_status":"closed","ping_status":"closed","template":"","meta":{"footnotes":""},"_links":{"self":[{"href":"https:\/\/dev.groupe-tommasini.com\/construction\/wp-json\/wp\/v2\/pages\/108"}],"collection":[{"href":"https:\/\/dev.groupe-tommasini.com\/construction\/wp-json\/wp\/v2\/pages"}],"about":[{"href":"https:\/\/dev.groupe-tommasini.com\/construction\/wp-json\/wp\/v2\/types\/page"}],"author":[{"embeddable":true,"href":"https:\/\/dev.groupe-tommasini.com\/construction\/wp-json\/wp\/v2\/users\/1"}],"replies":[{"embeddable":true,"href":"https:\/\/dev.groupe-tommasini.com\/construction\/wp-json\/wp\/v2\/comments?post=108"}],"version-history":[{"count":16,"href":"https:\/\/dev.groupe-tommasini.com\/construction\/wp-json\/wp\/v2\/pages\/108\/revisions"}],"predecessor-version":[{"id":1367,"href":"https:\/\/dev.groupe-tommasini.com\/construction\/wp-json\/wp\/v2\/pages\/108\/revisions\/1367"}],"up":[{"embeddable":true,"href":"https:\/\/dev.groupe-tommasini.com\/construction\/wp-json\/wp\/v2\/pages\/7"}],"wp:featuredmedia":[{"embeddable":true,"href":"https:\/\/dev.groupe-tommasini.com\/construction\/wp-json\/wp\/v2\/media\/862"}],"wp:attachment":[{"href":"https:\/\/dev.groupe-tommasini.com\/construction\/wp-json\/wp\/v2\/media?parent=108"}],"curies":[{"name":"wp","href":"https:\/\/api.w.org\/{rel}","templated":true}]}}