{"id":125,"date":"2015-12-23T15:10:21","date_gmt":"2015-12-23T14:10:21","guid":{"rendered":"http:\/\/tommasini.microproxy.fr\/construction\/?page_id=125"},"modified":"2021-02-19T15:11:11","modified_gmt":"2021-02-19T14:11:11","slug":"scolairessportifs","status":"publish","type":"page","link":"https:\/\/dev.groupe-tommasini.com\/construction\/gros-oeuvre-et-entreprise-generale\/scolairessportifs\/","title":{"rendered":"Scolaires\/Sportifs"},"content":{"rendered":"<p>[vc_row][vc_column width=\u00a0\u00bb1\/2&Prime;][vc_single_image image=\u00a0\u00bb1338&Prime; img_size=\u00a0\u00bbfull\u00a0\u00bb alignment=\u00a0\u00bbcenter\u00a0\u00bb onclick=\u00a0\u00bblink_image\u00a0\u00bb][\/vc_column][vc_column width=\u00a0\u00bb1\/2&Prime;][vc_single_image image=\u00a0\u00bb1339&Prime; img_size=\u00a0\u00bbfull\u00a0\u00bb alignment=\u00a0\u00bbcenter\u00a0\u00bb onclick=\u00a0\u00bblink_image\u00a0\u00bb][\/vc_column][\/vc_row][vc_row][vc_column][vc_column_text]<\/p>\n<p style=\"text-align: center;\"><u><strong>Construction du Centre Aquatique Marcel Robert \u00e0 Trith-saint-L\u00e9ger<br \/>\n<\/strong><\/u><\/p>\n<p style=\"text-align: center;\"><b>Gros Oeuvre Etendu <\/b>pour un montant de 7,2 M\u20ac<\/p>\n<p style=\"text-align: center;\">Ma\u00eetrise d&rsquo;ouvrage : La Porte du Hainaut\u00a0 &#8211;\u00a0 Ma\u00eetrise d&rsquo;\u0153uvre : Agence M-P BOUCHEZ<\/p>\n<p>[\/vc_column_text][\/vc_column][\/vc_row][vc_row][vc_column][vc_separator][\/vc_column][\/vc_row][vc_row][vc_column width=\u00a0\u00bb1\/2&Prime;][vc_single_image image=\u00a0\u00bb1336&Prime; img_size=\u00a0\u00bbfull\u00a0\u00bb alignment=\u00a0\u00bbcenter\u00a0\u00bb onclick=\u00a0\u00bblink_image\u00a0\u00bb][\/vc_column][vc_column width=\u00a0\u00bb1\/2&Prime;][vc_single_image image=\u00a0\u00bb1337&Prime; img_size=\u00a0\u00bbfull\u00a0\u00bb alignment=\u00a0\u00bbcenter\u00a0\u00bb onclick=\u00a0\u00bblink_image\u00a0\u00bb][\/vc_column][\/vc_row][vc_row][vc_column][vc_column_text]<\/p>\n<p style=\"text-align: center;\"><u><strong>R\u00e9habilitation et extension du Groupe scolaire Jules Ferry \u00e0 Aulnoy-lez-Valenciennes<br \/>\n<\/strong><\/u><\/p>\n<p style=\"text-align: center;\"><b>Gros Oeuvre Etendu <\/b>pour un montant de 4,6 M\u20ac<\/p>\n<p style=\"text-align: center;\">Ossature Bois &#8211; <strong>Travaux en site occup\u00e9<\/strong><\/p>\n<p style=\"text-align: center;\">Ma\u00eetrise d&rsquo;ouvrage : Ville d&rsquo;Aulnoy-lez-Valenciennes\u00a0 &#8211;\u00a0 Ma\u00eetrise d&rsquo;\u0153uvre : Jean Luc COLLET<\/p>\n<p style=\"text-align: center;\"><strong>Laur\u00e9at du prix Hauts de France de la r\u00e9habilitation en bio sourc\u00e9s 2019<\/strong><\/p>\n<p>[\/vc_column_text][\/vc_column][\/vc_row][vc_row][vc_column][vc_separator][\/vc_column][\/vc_row][vc_row][vc_column width=\u00a0\u00bb1\/2&Prime;][vc_single_image image=\u00a0\u00bb1334&Prime; img_size=\u00a0\u00bbfull\u00a0\u00bb alignment=\u00a0\u00bbcenter\u00a0\u00bb onclick=\u00a0\u00bblink_image\u00a0\u00bb][\/vc_column][vc_column width=\u00a0\u00bb1\/2&Prime;][vc_single_image image=\u00a0\u00bb1332&Prime; img_size=\u00a0\u00bbfull\u00a0\u00bb alignment=\u00a0\u00bbcenter\u00a0\u00bb onclick=\u00a0\u00bblink_image\u00a0\u00bb][\/vc_column][\/vc_row][vc_row][vc_column][vc_column_text]<\/p>\n<p style=\"text-align: center;\"><u><strong>Construction d&rsquo;un internat de 90 lits au lyc\u00e9e Ernest Couteaux de Saint Amand-les-eaux<br \/>\n<\/strong><\/u><\/p>\n<p style=\"text-align: center;\"><b>Gros oeuvre <\/b>pour un montant de 1,2 M\u20ac<\/p>\n<p style=\"text-align: center;\">Ma\u00eetrise d&rsquo;ouvrage : R\u00e9gion Nord Pas-de-Calais\u00a0 &#8211;\u00a0 Ma\u00eetrise d&rsquo;\u0153uvre : D.S.A. Architectes<\/p>\n<p>[\/vc_column_text][\/vc_column][\/vc_row][vc_row][vc_column][vc_separator][\/vc_column][\/vc_row][vc_row][vc_column width=\u00a0\u00bb1\/2&Prime;][vc_single_image image=\u00a0\u00bb675&Prime; img_size=\u00a0\u00bbfull\u00a0\u00bb onclick=\u00a0\u00bblink_image\u00a0\u00bb][\/vc_column][vc_column width=\u00a0\u00bb1\/2&Prime;][vc_single_image image=\u00a0\u00bb676&Prime; img_size=\u00a0\u00bbfull\u00a0\u00bb onclick=\u00a0\u00bblink_image\u00a0\u00bb][\/vc_column][\/vc_row][vc_row][vc_column][vc_column_text]<\/p>\n<p style=\"text-align: center;\"><span style=\"color: #808080;\"><u><strong>Coll\u00e8ge F\u00e9lix Del Marle \u00e0 Aulnoye-Aymeries<\/strong><\/u><\/span><\/p>\n<p style=\"text-align: center;\"><b>Gros oeuvre \u00e9tendu <\/b>pour un montant de 2 M\u20ac<\/p>\n<p style=\"text-align: center;\"><span style=\"font-family: Arial, Helvetica, sans-serif; font-size: small; color: #999999;\">Extension de l&rsquo;Internat et construction d&rsquo;une salle\u00a0d&rsquo;activit\u00e9s Sportives<br \/>\nMa\u00eetrise d&rsquo;ouvrage : D\u00e9partement du Nord &#8211; Ma\u00eetrise d&rsquo;\u0153uvre : GALLOIS DUDZIK<\/span><\/p>\n<p style=\"text-align: center;\"><span style=\"color: #999999;\">\u00a0<\/span><\/p>\n<p>[\/vc_column_text][\/vc_column][\/vc_row][vc_row][vc_column][vc_separator][\/vc_column][\/vc_row][vc_row][vc_column width=\u00a0\u00bb1\/2&Prime;][vc_single_image image=\u00a0\u00bb143&Prime; img_size=\u00a0\u00bbfull\u00a0\u00bb onclick=\u00a0\u00bblink_image\u00a0\u00bb][\/vc_column][vc_column width=\u00a0\u00bb1\/2&Prime;][vc_single_image image=\u00a0\u00bb671&Prime; img_size=\u00a0\u00bbfull\u00a0\u00bb onclick=\u00a0\u00bblink_image\u00a0\u00bb][\/vc_column][\/vc_row][vc_row][vc_column][vc_column_text]<\/p>\n<p style=\"text-align: center;\"><span style=\"color: #999999;\"><u><b><span style=\"font-family: Arial, Helvetica, sans-serif; font-size: small;\"><span style=\"color: #808080;\">Construction du coll\u00e8ge\u00a0L\u00e9on Blum \u00e0 Villeneuve d&rsquo;Ascq<\/span><br \/>\n<\/span><\/b><\/u><\/span><\/p>\n<p style=\"text-align: center;\"><b>Gros oeuvre \u00e9tendu\u00a0<\/b> pour un montant de 15,5 M\u20ac<\/p>\n<p style=\"text-align: center;\"><span style=\"font-family: Arial, Helvetica, sans-serif; font-size: small; color: #999999;\"><strong>Chantier HQE et BBC<\/strong><br \/>\nMa\u00eetrise d&rsquo;ouvrage : D\u00e9partement du Nord &#8211; Ma\u00eetrise d&rsquo;\u0153uvre : Marie Pascale BOUCHEZ<\/span><\/p>\n<p style=\"text-align: center;\"><span style=\"color: #999999;\">\u00a0<\/span><\/p>\n<p>[\/vc_column_text][\/vc_column][\/vc_row][vc_row][vc_column width=\u00a0\u00bb1\/2&Prime;][vc_single_image image=\u00a0\u00bb796&Prime; img_size=\u00a0\u00bbfull\u00a0\u00bb onclick=\u00a0\u00bblink_image\u00a0\u00bb][\/vc_column][vc_column width=\u00a0\u00bb1\/2&Prime;][vc_single_image image=\u00a0\u00bb798&Prime; img_size=\u00a0\u00bbfull\u00a0\u00bb onclick=\u00a0\u00bblink_image\u00a0\u00bb][\/vc_column][\/vc_row][vc_row][vc_column][vc_separator][\/vc_column][\/vc_row][vc_row][vc_column width=\u00a0\u00bb1\/2&Prime;][vc_single_image image=\u00a0\u00bb375&Prime; img_size=\u00a0\u00bbfull\u00a0\u00bb alignment=\u00a0\u00bbcenter\u00a0\u00bb onclick=\u00a0\u00bblink_image\u00a0\u00bb][\/vc_column][vc_column width=\u00a0\u00bb1\/2&Prime;][vc_single_image image=\u00a0\u00bb1325&Prime; img_size=\u00a0\u00bbfull\u00a0\u00bb alignment=\u00a0\u00bbcenter\u00a0\u00bb onclick=\u00a0\u00bblink_image\u00a0\u00bb][\/vc_column][\/vc_row][vc_row][vc_column][vc_column_text]<\/p>\n<p style=\"text-align: center;\"><u><b>Centre aquatique \u00e0 Saint-Amand-les-Eaux<\/b><\/u><\/p>\n<p style=\"text-align: center;\"><strong>Gros oeuvre plus bardage et v\u00eature<\/strong> pour un montant de 3,6 M\u20ac<\/p>\n<p style=\"text-align: center;\">Ma\u00eetrise d&rsquo;ouvrage : CAPH<br \/>\nMa\u00eetrise d&rsquo;\u0153uvre : OCTANT Architecture<\/p>\n<p>[\/vc_column_text][\/vc_column][\/vc_row][vc_row][vc_column][vc_separator][\/vc_column][\/vc_row][vc_row][vc_column width=\u00a0\u00bb1\/2&Prime;][vc_single_image image=\u00a0\u00bb467&Prime; img_size=\u00a0\u00bbfull\u00a0\u00bb alignment=\u00a0\u00bbcenter\u00a0\u00bb onclick=\u00a0\u00bblink_image\u00a0\u00bb][\/vc_column][vc_column width=\u00a0\u00bb1\/2&Prime;][vc_single_image image=\u00a0\u00bb1326&Prime; img_size=\u00a0\u00bbfull\u00a0\u00bb alignment=\u00a0\u00bbcenter\u00a0\u00bb onclick=\u00a0\u00bblink_image\u00a0\u00bb][\/vc_column][\/vc_row][vc_row][vc_column width=\u00a0\u00bb1\/2&Prime;][vc_column_text]<\/p>\n<p style=\"text-align: center;\"><u><b><span style=\"font-family: Arial, Helvetica, sans-serif; font-size: small;\">Coll\u00e8ge Alphonse Terroir \u00e0 Marly<br \/>\n<\/span><\/b><\/u><\/p>\n<p style=\"text-align: center;\"><b>Gros oeuvre \u00e9tendu\u00a0<\/b> pour un montant de 7,2 M\u20ac<\/p>\n<p style=\"text-align: center;\"><span style=\"font-family: Arial, Helvetica, sans-serif; font-size: small;\">Ma\u00eetrise d&rsquo;ouvrage : D\u00e9partement du Nord<br \/>\nMa\u00eetrise d&rsquo;\u0153uvre : Cabinet IN SITU<\/span><\/p>\n<p>[\/vc_column_text][\/vc_column][vc_column width=\u00a0\u00bb1\/2&Prime;][vc_column_text]<\/p>\n<p style=\"text-align: center;\"><u><b>USTL Cit\u00e9 scientifique &#8211; Hall pilote C3 \u00e0 Villeneuve d&rsquo;Ascq<\/b><\/u><\/p>\n<p style=\"text-align: center;\">B<b>\u00e2timent destin\u00e9 \u00e0 recevoir des laboratoires de chimie<\/b><\/p>\n<p style=\"text-align: center;\"><b>Conception Construction<\/b> pour un montant de 3,2 M\u20ac<\/p>\n<p style=\"text-align: center;\">Ma\u00eetrise d&rsquo;ouvrage : Universit\u00e9 Lille 1<br \/>\nMa\u00eetrise d&rsquo;oeuvre : LEMAY TOULOUSE<\/p>\n<p>[\/vc_column_text][\/vc_column][\/vc_row][vc_row][vc_column][vc_separator][\/vc_column][\/vc_row][vc_row][vc_column width=\u00a0\u00bb1\/2&Prime;][vc_single_image image=\u00a0\u00bb48&Prime; img_size=\u00a0\u00bbfull\u00a0\u00bb onclick=\u00a0\u00bblink_image\u00a0\u00bb][vc_column_text]<\/p>\n<p style=\"text-align: center;\"><u><b><span style=\"font-family: Arial, Helvetica, sans-serif; font-size: small;\">Lyc\u00e9e Pierre et Marie Curie \u00e0 Aulnoye-Aymeries<br \/>\n<\/span><\/b><\/u><\/p>\n<p style=\"text-align: center;\"><b>Gros oeuvre \u00e9tendu sur une dur\u00e9e de 10 mois<\/b><br \/>\npour un montant de 14 M\u20ac<\/p>\n<p style=\"text-align: center;\"><span style=\"font-family: Arial, Helvetica, sans-serif; font-size: small;\">Ma\u00eetrise d&rsquo;ouvrage : D\u00e9partement du Nord<br \/>\nMa\u00eetrise d&rsquo;\u0153uvre : GALLOIS DUDZIK<\/span><\/p>\n<p>[\/vc_column_text][\/vc_column][vc_column width=\u00a0\u00bb1\/2&Prime;][vc_single_image image=\u00a0\u00bb370&Prime; img_size=\u00a0\u00bbfull\u00a0\u00bb onclick=\u00a0\u00bblink_image\u00a0\u00bb][vc_column_text]<\/p>\n<p style=\"text-align: center;\"><u><b><span style=\"font-family: Arial, Helvetica, sans-serif; font-size: small;\">R\u00e9habilitation de la salle de sport F\u00e9licien Joly<br \/>\net juxtaposition d&rsquo;une nouvelle aire sportive<br \/>\nAulnoy-lez-Valenciennes<br \/>\n<\/span><\/b><\/u><\/p>\n<p style=\"text-align: center;\"><strong>Gros oeuvre \u00e9tendu<\/strong> pour un montant de 1,9 M\u20ac<\/p>\n<p style=\"text-align: center;\"><span style=\"font-family: Arial, Helvetica, sans-serif; font-size: small;\">Ma\u00eetrise d&rsquo;ouvrage : Ville d&rsquo;Aulnoy-lez-Valenciennes<br \/>\nMa\u00eetrise d&rsquo;\u0153uvre : DODAT &amp; VILLAIN<\/span><\/p>\n<p>[\/vc_column_text][\/vc_column][\/vc_row][vc_row][vc_column][vc_separator][\/vc_column][\/vc_row][vc_row][vc_column width=\u00a0\u00bb1\/2&Prime;][vc_single_image image=\u00a0\u00bb295&Prime; img_size=\u00a0\u00bbfull\u00a0\u00bb onclick=\u00a0\u00bblink_image\u00a0\u00bb][vc_column_text]<\/p>\n<p style=\"text-align: center;\"><u><b><span style=\"font-family: Arial, Helvetica, sans-serif; font-size: small;\">Coll\u00e8ge de Wazemmes \u00e0 Lille <\/span><\/b><\/u><\/p>\n<p style=\"text-align: center;\"><strong>Gros oeuvre \u00e9tendu<\/strong> pour un montant de 12,2 M\u20ac<\/p>\n<p style=\"text-align: center;\"><span style=\"font-family: Arial, Helvetica, sans-serif; font-size: small;\">Ma\u00eetrise d&rsquo;ouvrage : D\u00e9partement du Nord<br \/>\nMa\u00eetrise d&rsquo;\u0153uvre : J\u00e9r\u00f4me DE ALZUA \u00e0 Lille<br \/>\n<\/span><\/p>\n<p style=\"text-align: center;\"><b>Construction d&rsquo;un coll\u00e8ge en milieu urbain tr\u00e8s dense.<\/b><\/p>\n<p style=\"text-align: center;\">Chantier HQE certifi\u00e9 par audit<br \/>\npar le SOMMER ENVIRONNEMENT (Paris)<\/p>\n<p>[\/vc_column_text][\/vc_column][vc_column width=\u00a0\u00bb1\/2&Prime;][vc_single_image image=\u00a0\u00bb683&Prime; img_size=\u00a0\u00bbfull\u00a0\u00bb onclick=\u00a0\u00bblink_image\u00a0\u00bb][vc_column_text]<\/p>\n<p style=\"text-align: center;\"><u><b><span style=\"font-family: Arial, Helvetica, sans-serif; font-size: small;\">Salle de sports Pierre et Marie-Curie \u00e0 Aulnoye-Aymeries<br \/>\n<\/span><\/b><\/u><\/p>\n<p style=\"text-align: center;\"><strong>Gros oeuvre \u00e9tendu<\/strong> pour un montant de 1,1 M\u20ac<\/p>\n<p style=\"text-align: center;\"><span style=\"font-family: Arial, Helvetica, sans-serif; font-size: small;\">Ma\u00eetrise d&rsquo;ouvrage : Conseil R\u00e9gional Nord Pas-de-Calais<br \/>\nMa\u00eetrise d&rsquo;\u0153uvre : ESCUDIE et FERMAUT<\/span><\/p>\n<p>[\/vc_column_text][\/vc_column][\/vc_row][vc_row][vc_column][vc_separator][\/vc_column][\/vc_row][vc_row][vc_column width=\u00a0\u00bb1\/2&Prime;][vc_single_image image=\u00a0\u00bb296&Prime; img_size=\u00a0\u00bbfull\u00a0\u00bb alignment=\u00a0\u00bbcenter\u00a0\u00bb onclick=\u00a0\u00bblink_image\u00a0\u00bb][\/vc_column][vc_column width=\u00a0\u00bb1\/2&Prime;][vc_single_image image=\u00a0\u00bb693&Prime; img_size=\u00a0\u00bbfull\u00a0\u00bb alignment=\u00a0\u00bbcenter\u00a0\u00bb onclick=\u00a0\u00bblink_image\u00a0\u00bb][\/vc_column][\/vc_row][vc_row][vc_column][vc_column_text]<\/p>\n<p style=\"text-align: center;\"><u><b><span style=\"font-family: Arial, Helvetica, sans-serif; font-size: small;\">Groupe scolaire primaire et maternelle<br \/>\n\u00e0 Saint-Amand-les-Eaux<\/span><\/b><\/u><\/p>\n<p style=\"text-align: center;\"><strong>Gros oeuvre<\/strong> pour un montant de 2 M\u20ac<\/p>\n<p style=\"text-align: center;\"><span style=\"font-family: Arial, Helvetica, sans-serif; font-size: small;\">Ma\u00eetrise d&rsquo;ouvrage : Ville de Saint-Amand-les-Eaux<br \/>\nMa\u00eetrise d&rsquo;\u0153uvre : ATLANTE<\/span><\/p>\n<p>&nbsp;<\/p>\n<p>[\/vc_column_text][\/vc_column][\/vc_row]<\/p>\n","protected":false},"excerpt":{"rendered":"<p>[vc_row][vc_column width=\u00a0\u00bb1\/2&Prime;][vc_single_image image=\u00a0\u00bb1338&Prime; img_size=\u00a0\u00bbfull\u00a0\u00bb alignment=\u00a0\u00bbcenter\u00a0\u00bb onclick=\u00a0\u00bblink_image\u00a0\u00bb][\/vc_column][vc_column width=\u00a0\u00bb1\/2&Prime;][vc_single_image image=\u00a0\u00bb1339&Prime; img_size=\u00a0\u00bbfull\u00a0\u00bb alignment=\u00a0\u00bbcenter\u00a0\u00bb onclick=\u00a0\u00bblink_image\u00a0\u00bb][\/vc_column][\/vc_row][vc_row][vc_column][vc_column_text] Construction du Centre Aquatique Marcel Robert \u00e0 Trith-saint-L\u00e9ger Gros Oeuvre &#8230;<\/p>\n","protected":false},"author":1,"featured_media":863,"parent":9,"menu_order":0,"comment_status":"closed","ping_status":"closed","template":"","meta":{"footnotes":""},"_links":{"self":[{"href":"https:\/\/dev.groupe-tommasini.com\/construction\/wp-json\/wp\/v2\/pages\/125"}],"collection":[{"href":"https:\/\/dev.groupe-tommasini.com\/construction\/wp-json\/wp\/v2\/pages"}],"about":[{"href":"https:\/\/dev.groupe-tommasini.com\/construction\/wp-json\/wp\/v2\/types\/page"}],"author":[{"embeddable":true,"href":"https:\/\/dev.groupe-tommasini.com\/construction\/wp-json\/wp\/v2\/users\/1"}],"replies":[{"embeddable":true,"href":"https:\/\/dev.groupe-tommasini.com\/construction\/wp-json\/wp\/v2\/comments?post=125"}],"version-history":[{"count":51,"href":"https:\/\/dev.groupe-tommasini.com\/construction\/wp-json\/wp\/v2\/pages\/125\/revisions"}],"predecessor-version":[{"id":1340,"href":"https:\/\/dev.groupe-tommasini.com\/construction\/wp-json\/wp\/v2\/pages\/125\/revisions\/1340"}],"up":[{"embeddable":true,"href":"https:\/\/dev.groupe-tommasini.com\/construction\/wp-json\/wp\/v2\/pages\/9"}],"wp:featuredmedia":[{"embeddable":true,"href":"https:\/\/dev.groupe-tommasini.com\/construction\/wp-json\/wp\/v2\/media\/863"}],"wp:attachment":[{"href":"https:\/\/dev.groupe-tommasini.com\/construction\/wp-json\/wp\/v2\/media?parent=125"}],"curies":[{"name":"wp","href":"https:\/\/api.w.org\/{rel}","templated":true}]}}