{"id":127,"date":"2015-12-23T15:10:56","date_gmt":"2015-12-23T14:10:56","guid":{"rendered":"http:\/\/tommasini.microproxy.fr\/construction\/?page_id=127"},"modified":"2021-02-19T11:33:39","modified_gmt":"2021-02-19T10:33:39","slug":"logements","status":"publish","type":"page","link":"https:\/\/dev.groupe-tommasini.com\/construction\/gros-oeuvre-et-entreprise-generale\/logements\/","title":{"rendered":"Logements"},"content":{"rendered":"<p>[vc_row][vc_column width=\u00a0\u00bb1\/2&Prime;][vc_single_image image=\u00a0\u00bb1308&Prime; img_size=\u00a0\u00bbfull\u00a0\u00bb alignment=\u00a0\u00bbcenter\u00a0\u00bb onclick=\u00a0\u00bblink_image\u00a0\u00bb][\/vc_column][vc_column width=\u00a0\u00bb1\/2&Prime;][vc_single_image image=\u00a0\u00bb1309&Prime; img_size=\u00a0\u00bbfull\u00a0\u00bb alignment=\u00a0\u00bbcenter\u00a0\u00bb onclick=\u00a0\u00bblink_image\u00a0\u00bb][\/vc_column][\/vc_row][vc_row][vc_column][vc_column_text]<\/p>\n<p style=\"text-align: center;\"><u><b>Construction de 150 logements \u00e0 Comines<\/b><\/u><\/p>\n<p style=\"text-align: center;\">Ma\u00eetrise d&rsquo;ouvrage : NEXITY &#8211; Ma\u00eetrise d&rsquo;\u0153uvre : Agence BLAU Architectes<\/p>\n<p style=\"text-align: center;\">Gros Oeuvre pour un montant de 3 M\u20ac<\/p>\n<p>[\/vc_column_text][\/vc_column][\/vc_row][vc_row][vc_column][vc_separator][\/vc_column][\/vc_row][vc_row][vc_column width=\u00a0\u00bb1\/2&Prime;][vc_single_image image=\u00a0\u00bb950&Prime; img_size=\u00a0\u00bbfull\u00a0\u00bb onclick=\u00a0\u00bblink_image\u00a0\u00bb][\/vc_column][vc_column width=\u00a0\u00bb1\/2&Prime;][vc_single_image image=\u00a0\u00bb947&Prime; img_size=\u00a0\u00bbfull\u00a0\u00bb onclick=\u00a0\u00bblink_image\u00a0\u00bb][\/vc_column][\/vc_row][vc_row][vc_column][vc_column_text]<\/p>\n<p style=\"text-align: center;\"><u><b><span style=\"font-family: Arial, Helvetica, sans-serif; font-size: small;\">Construction de\u00a051 logements \u00ab\u00a0Carr\u00e9 des Arts\u00a0\u00bb\u00a0\u00e0 Valenciennes<\/span><\/b><\/u><\/p>\n<p style=\"text-align: center;\"><span style=\"font-family: Arial, Helvetica, sans-serif; font-size: small;\">Ma\u00eetrise d&rsquo;ouvrage :\u00a0SCI LES HEVEAS\u00a0&#8211;\u00a0Ma\u00eetrise d&rsquo;\u0153uvre : DUMOULIN PREVOST<\/span><\/p>\n<p style=\"text-align: center;\">Gros Oeuvre pour un montant de 3,3 M\u20ac<\/p>\n<p>[\/vc_column_text][\/vc_column][\/vc_row][vc_row][vc_column][vc_separator][\/vc_column][\/vc_row][vc_row][vc_column width=\u00a0\u00bb1\/2&Prime;][vc_single_image image=\u00a0\u00bb1303&Prime; img_size=\u00a0\u00bbfull\u00a0\u00bb alignment=\u00a0\u00bbcenter\u00a0\u00bb onclick=\u00a0\u00bblink_image\u00a0\u00bb][\/vc_column][vc_column width=\u00a0\u00bb1\/2&Prime;][vc_column_text]<\/p>\n<p style=\"text-align: center;\"><u><b>Construction de 21 logements collectifs locatifs et 5 logements individuels \u00e0 Hautmont<\/b><\/u><\/p>\n<p style=\"text-align: center;\">Ma\u00eetrise d&rsquo;ouvrage : PROMOCIL &#8211; Ma\u00eetrise d&rsquo;\u0153uvre : Herv\u00e9 Gilliard<\/p>\n<p style=\"text-align: center;\">Gros Oeuvre pour un montant de 1,4 M\u20ac<\/p>\n<p>[\/vc_column_text][\/vc_column][\/vc_row][vc_row][vc_column][vc_separator][\/vc_column][\/vc_row][vc_row][vc_column width=\u00a0\u00bb1\/2&Prime;][vc_single_image image=\u00a0\u00bb1328&Prime; img_size=\u00a0\u00bbfull\u00a0\u00bb alignment=\u00a0\u00bbcenter\u00a0\u00bb onclick=\u00a0\u00bblink_image\u00a0\u00bb][\/vc_column][vc_column width=\u00a0\u00bb1\/2&Prime;][vc_column_text]<\/p>\n<p style=\"text-align: center;\"><u><b>Construction de 117 logements neufs en BBC<\/b><\/u><\/p>\n<p style=\"text-align: center;\"><u><b> r\u00e9partis en 5 b\u00e2timents \u00e0 Saint-Andr\u00e9<\/b><\/u><\/p>\n<p style=\"text-align: center;\">Ma\u00eetrise d&rsquo;ouvrage : B\u00e2timent A,B,C SCI Ste H\u00e9l\u00e8ne &#8211; B\u00e2timent D,E SIA HABITAT<\/p>\n<p style=\"text-align: center;\">Ma\u00eetrise d&rsquo;\u0153uvre : BMG Architectes<\/p>\n<p style=\"text-align: center;\">Tous Corps d&rsquo;Etat pour un montant de 10,6 M\u20ac<\/p>\n<p>[\/vc_column_text][\/vc_column][\/vc_row][vc_row][vc_column][vc_separator][\/vc_column][\/vc_row][vc_row][vc_column width=\u00a0\u00bb1\/2&Prime;][vc_single_image image=\u00a0\u00bb331&Prime; img_size=\u00a0\u00bbfull\u00a0\u00bb onclick=\u00a0\u00bblink_image\u00a0\u00bb][\/vc_column][vc_column width=\u00a0\u00bb1\/2&Prime;][vc_single_image image=\u00a0\u00bb702&Prime; img_size=\u00a0\u00bbfull\u00a0\u00bb onclick=\u00a0\u00bblink_image\u00a0\u00bb][\/vc_column][\/vc_row][vc_row][vc_column][vc_column_text]<\/p>\n<p style=\"text-align: center;\"><u><b><span style=\"font-family: Arial, Helvetica, sans-serif; font-size: small;\">Conception Construction de 129 logements neufs en BBC \u00e0 Saint-Andr\u00e9<\/span><\/b><\/u><\/p>\n<p style=\"text-align: center;\"><span style=\"font-family: Arial, Helvetica, sans-serif; font-size: small;\">Ma\u00eetrise d&rsquo;ouvrage : DUBOIS PROMOTION &#8211;\u00a0Ma\u00eetrise d&rsquo;\u0153uvre : BMG Architectes<\/span><\/p>\n<p style=\"text-align: center;\">Tous Corps d&rsquo;Etat pour un montant de 13,1 M\u20ac<\/p>\n<p>[\/vc_column_text][\/vc_column][\/vc_row][vc_row][vc_column][vc_separator][\/vc_column][\/vc_row][vc_row][vc_column width=\u00a0\u00bb1\/2&Prime;][vc_single_image image=\u00a0\u00bb324&Prime; img_size=\u00a0\u00bbfull\u00a0\u00bb onclick=\u00a0\u00bblink_image\u00a0\u00bb][\/vc_column][vc_column width=\u00a0\u00bb1\/2&Prime;][vc_single_image image=\u00a0\u00bb704&Prime; img_size=\u00a0\u00bbfull\u00a0\u00bb onclick=\u00a0\u00bblink_image\u00a0\u00bb][\/vc_column][\/vc_row][vc_row][vc_column][vc_column_text]<\/p>\n<p style=\"text-align: center;\"><u><b><span style=\"font-family: Arial, Helvetica, sans-serif; font-size: small;\">Construction de 101 logements &#8211; Ilot Bois Blancs &#8211; \u00e0 Lille<\/span><\/b><\/u><\/p>\n<p style=\"text-align: center;\"><b><span style=\"font-family: Arial, Helvetica, sans-serif; font-size: small;\">69 logements collectifs THPE et 32 logements individuels HPE<\/span><\/b><\/p>\n<p style=\"text-align: center;\"><span style=\"font-family: Arial, Helvetica, sans-serif; font-size: small;\">Ma\u00eetrise d&rsquo;ouvrage : SNI Nord Est &#8211;\u00a0Ma\u00eetrise d&rsquo;\u0153uvre : Atelier Neveux<\/span><\/p>\n<p style=\"text-align: center;\">Tous Corps d&rsquo;Etat pour un montant de 14 M\u20ac<\/p>\n<p>[\/vc_column_text][\/vc_column][\/vc_row]<\/p>\n","protected":false},"excerpt":{"rendered":"<p>[vc_row][vc_column width=\u00a0\u00bb1\/2&Prime;][vc_single_image image=\u00a0\u00bb1308&Prime; img_size=\u00a0\u00bbfull\u00a0\u00bb alignment=\u00a0\u00bbcenter\u00a0\u00bb onclick=\u00a0\u00bblink_image\u00a0\u00bb][\/vc_column][vc_column width=\u00a0\u00bb1\/2&Prime;][vc_single_image image=\u00a0\u00bb1309&Prime; img_size=\u00a0\u00bbfull\u00a0\u00bb alignment=\u00a0\u00bbcenter\u00a0\u00bb onclick=\u00a0\u00bblink_image\u00a0\u00bb][\/vc_column][\/vc_row][vc_row][vc_column][vc_column_text] Construction de 150 logements \u00e0 Comines Ma\u00eetrise d&rsquo;ouvrage : NEXITY &#8230;<\/p>\n","protected":false},"author":1,"featured_media":864,"parent":9,"menu_order":0,"comment_status":"closed","ping_status":"closed","template":"","meta":{"footnotes":""},"_links":{"self":[{"href":"https:\/\/dev.groupe-tommasini.com\/construction\/wp-json\/wp\/v2\/pages\/127"}],"collection":[{"href":"https:\/\/dev.groupe-tommasini.com\/construction\/wp-json\/wp\/v2\/pages"}],"about":[{"href":"https:\/\/dev.groupe-tommasini.com\/construction\/wp-json\/wp\/v2\/types\/page"}],"author":[{"embeddable":true,"href":"https:\/\/dev.groupe-tommasini.com\/construction\/wp-json\/wp\/v2\/users\/1"}],"replies":[{"embeddable":true,"href":"https:\/\/dev.groupe-tommasini.com\/construction\/wp-json\/wp\/v2\/comments?post=127"}],"version-history":[{"count":27,"href":"https:\/\/dev.groupe-tommasini.com\/construction\/wp-json\/wp\/v2\/pages\/127\/revisions"}],"predecessor-version":[{"id":1312,"href":"https:\/\/dev.groupe-tommasini.com\/construction\/wp-json\/wp\/v2\/pages\/127\/revisions\/1312"}],"up":[{"embeddable":true,"href":"https:\/\/dev.groupe-tommasini.com\/construction\/wp-json\/wp\/v2\/pages\/9"}],"wp:featuredmedia":[{"embeddable":true,"href":"https:\/\/dev.groupe-tommasini.com\/construction\/wp-json\/wp\/v2\/media\/864"}],"wp:attachment":[{"href":"https:\/\/dev.groupe-tommasini.com\/construction\/wp-json\/wp\/v2\/media?parent=127"}],"curies":[{"name":"wp","href":"https:\/\/api.w.org\/{rel}","templated":true}]}}