{"id":129,"date":"2015-12-23T15:11:49","date_gmt":"2015-12-23T14:11:49","guid":{"rendered":"http:\/\/tommasini.microproxy.fr\/construction\/?page_id=129"},"modified":"2021-02-15T17:15:53","modified_gmt":"2021-02-15T16:15:53","slug":"hospitaliers","status":"publish","type":"page","link":"https:\/\/dev.groupe-tommasini.com\/construction\/gros-oeuvre-et-entreprise-generale\/hospitaliers\/","title":{"rendered":"Hospitalier &#8211; Ehpads &#8211; RSS"},"content":{"rendered":"<p>[vc_row][vc_column width=\u00a0\u00bb1\/2&Prime;][vc_single_image image=\u00a0\u00bb1263&Prime; img_size=\u00a0\u00bbfull\u00a0\u00bb alignment=\u00a0\u00bbcenter\u00a0\u00bb onclick=\u00a0\u00bblink_image\u00a0\u00bb][\/vc_column][vc_column width=\u00a0\u00bb1\/2&Prime;][vc_single_image image=\u00a0\u00bb1264&Prime; img_size=\u00a0\u00bbfull\u00a0\u00bb alignment=\u00a0\u00bbcenter\u00a0\u00bb onclick=\u00a0\u00bblink_image\u00a0\u00bb][\/vc_column][\/vc_row][vc_row][vc_column][vc_column_text]<\/p>\n<p style=\"text-align: center;\"><u><b>R\u00e9sidence Services S\u00e9niors &#8211; 134 logements &#8211; Marcq-en-Baroeul<\/b><\/u><\/p>\n<p style=\"text-align: center;\">Ma\u00eetrise d&rsquo;ouvrage : SCI MARCQ OLYMPE &#8211; Ma\u00eetrise d&rsquo;\u0153uvre : Goulard &#8211; Brabant &#8211; Loiez<br \/>\n<b>Tous Corps d&rsquo;Etat<\/b> pour un montant de 10,8 M\u20ac<\/p>\n<p>[\/vc_column_text][\/vc_column][\/vc_row][vc_row][vc_column][vc_separator][\/vc_column][\/vc_row][vc_row][vc_column width=\u00a0\u00bb1\/2&Prime;][vc_single_image image=\u00a0\u00bb717&Prime; img_size=\u00a0\u00bbfull\u00a0\u00bb onclick=\u00a0\u00bblink_image\u00a0\u00bb][\/vc_column][vc_column width=\u00a0\u00bb1\/2&Prime;][vc_single_image image=\u00a0\u00bb716&Prime; img_size=\u00a0\u00bbfull\u00a0\u00bb onclick=\u00a0\u00bblink_image\u00a0\u00bb][\/vc_column][\/vc_row][vc_row][vc_column][vc_column_text]<\/p>\n<p style=\"text-align: center;\"><span style=\"font-family: Arial, Helvetica, sans-serif; font-size: small;\"><u><b>Reconstruction de l&rsquo;EHPAD des sept fontaines \u00e0 Steenvoorde<\/b><\/u><\/span><\/p>\n<p style=\"text-align: center;\"><span style=\"font-family: Arial, Helvetica, sans-serif; font-size: small;\">Ma\u00eetrise d&rsquo;ouvrage : R\u00e9sidence des sept fontaines &#8211; Ma\u00eetrise d&rsquo;\u0153uvre : Form@<br \/>\nClos et couvert, pour un montant de 5,1 M\u20ac<br \/>\n<\/span><\/p>\n<p>[\/vc_column_text][\/vc_column][\/vc_row][vc_row][vc_column][vc_separator][\/vc_column][\/vc_row][vc_row][vc_column width=\u00a0\u00bb1\/2&Prime;][vc_single_image image=\u00a0\u00bb339&Prime; img_size=\u00a0\u00bbfull\u00a0\u00bb onclick=\u00a0\u00bblink_image\u00a0\u00bb][\/vc_column][vc_column width=\u00a0\u00bb1\/2&Prime;][vc_single_image image=\u00a0\u00bb144&Prime; img_size=\u00a0\u00bbfull\u00a0\u00bb onclick=\u00a0\u00bblink_image\u00a0\u00bb][\/vc_column][\/vc_row][vc_row][vc_column][vc_column_text]<\/p>\n<p style=\"text-align: center;\"><span style=\"font-family: Arial, Helvetica, sans-serif; font-size: small;\"><u><b>Construction d&rsquo;une maison d&rsquo;accueil sp\u00e9cialis\u00e9e de 60 lits permanents \u00e0 l&rsquo;H\u00f4pital D\u00e9partemental<br \/>\nde Felleries-Liessies<\/b><\/u><\/span><\/p>\n<p style=\"text-align: center;\"><span style=\"font-family: Arial, Helvetica, sans-serif; font-size: small;\">Ma\u00eetrise d&rsquo;ouvrage : Habitat du Nord &#8211; \u00a0Ma\u00eetrise d&rsquo;\u0153uvre : Agence MAES<\/span><\/p>\n<p style=\"text-align: center;\"><b>Tous Corps d&rsquo;Etat<\/b> pour un montant de 7,4 M\u20ac<\/p>\n<p>[\/vc_column_text][\/vc_column][\/vc_row][vc_row][vc_column][vc_separator][\/vc_column][\/vc_row][vc_row][vc_column width=\u00a0\u00bb1\/2&Prime;][vc_single_image image=\u00a0\u00bb341&Prime; img_size=\u00a0\u00bbfull\u00a0\u00bb onclick=\u00a0\u00bblink_image\u00a0\u00bb][\/vc_column][vc_column width=\u00a0\u00bb1\/2&Prime;][vc_column_text]<\/p>\n<p style=\"text-align: center;\"><u><b>Extension de la maison de retraite de Bavay<\/b><\/u><\/p>\n<p style=\"text-align: center;\">Ma\u00eetrise d&rsquo;ouvrage : Villa SENECTA Bavay<br \/>\nMa\u00eetrise d&rsquo;\u0153uvre : Beno\u00eet Chandelier<\/p>\n<p style=\"text-align: center;\"><b>Gros oeuvre <\/b>pour un montant de 1 M\u20ac<\/p>\n<p>[\/vc_column_text][\/vc_column][\/vc_row][vc_row][vc_column][vc_separator][\/vc_column][\/vc_row][vc_row][vc_column][vc_column_text]<\/p>\n<p style=\"text-align: center;\"><u><b><span style=\"font-family: Arial, Helvetica, sans-serif; font-size: small;\">Centre Hospitalier de Tourcoing &#8211; Construction de bureaux et secr\u00e9tariats m\u00e9dicaux<\/span><\/b><\/u><\/p>\n<p style=\"text-align: center;\"><span style=\"font-family: Arial, Helvetica, sans-serif; font-size: small;\">Ma\u00eetrise d&rsquo;ouvrage : C.H. de Tourcoing &#8211;\u00a0 Ma\u00eetrise d&rsquo;\u0153uvre : Alain Dessauvages<\/span><\/p>\n<p style=\"text-align: center;\"><b>Gros oeuvre<\/b> pour un montant de 1 M\u20ac<\/p>\n<p>[\/vc_column_text][\/vc_column][\/vc_row][vc_row][vc_column][vc_separator][\/vc_column][\/vc_row][vc_row][vc_column width=\u00a0\u00bb1\/2&Prime;][vc_single_image image=\u00a0\u00bb380&Prime; img_size=\u00a0\u00bbfull\u00a0\u00bb onclick=\u00a0\u00bblink_image\u00a0\u00bb][\/vc_column][vc_column width=\u00a0\u00bb1\/2&Prime;][vc_column_text]<\/p>\n<p style=\"text-align: center;\"><u><b><span style=\"font-family: Arial, Helvetica, sans-serif; font-size: small;\">Construction d&rsquo;une unit\u00e9 Alzheimer \u00e0 Hautmont<\/span><\/b><\/u><\/p>\n<p style=\"text-align: center;\"><span style=\"font-family: Arial, Helvetica, sans-serif; font-size: small;\">Ma\u00eetrise d&rsquo;ouvrage : Centre Hospitalier d&rsquo;Hautmont<br \/>\nMa\u00eetrise d&rsquo;\u0153uvre : Legros Philippe<\/span><\/p>\n<p style=\"text-align: center;\"><b>Gros oeuvre \u00e9tendu<\/b> pour un montant de 1,9 M\u20ac<\/p>\n<p>[\/vc_column_text][\/vc_column][\/vc_row][vc_row][vc_column][vc_separator][\/vc_column][\/vc_row][vc_row][vc_column][vc_column_text]<\/p>\n<p style=\"text-align: center;\"><u><span style=\"font-family: Arial, Helvetica, sans-serif;\"><b><span style=\"font-size: small;\">Centre Hospitalier \u00e0 Valenciennes<\/span><\/b><\/span><\/u><br \/>\n<span style=\"font-family: Arial, Helvetica, sans-serif; font-size: small;\"><br \/>\n<b>Construction de l&rsquo;unit\u00e9 centrale de production culinaire et du plateau technique de biologie m\u00e9dicale<\/b><br \/>\nMa\u00eetrise d&rsquo;ouvrage : CH Valenciennes &#8211;\u00a0 Ma\u00eetrise d&rsquo;oeuvre : SODEG &#8211; Agence Maes<br \/>\n<b>Gros oeuvre<\/b> pour un montant de 3 M\u20ac<br \/>\n<\/span><\/p>\n<p>[\/vc_column_text][\/vc_column][\/vc_row][vc_row][vc_column][vc_separator][\/vc_column][\/vc_row][vc_row][vc_column width=\u00a0\u00bb1\/2&Prime;][vc_single_image image=\u00a0\u00bb727&Prime; img_size=\u00a0\u00bbfull\u00a0\u00bb onclick=\u00a0\u00bblink_image\u00a0\u00bb][\/vc_column][vc_column width=\u00a0\u00bb1\/2&Prime;][vc_single_image image=\u00a0\u00bb728&Prime; img_size=\u00a0\u00bbfull\u00a0\u00bb onclick=\u00a0\u00bblink_image\u00a0\u00bb][\/vc_column][\/vc_row][vc_row][vc_column][vc_column_text]<\/p>\n<p style=\"text-align: center;\"><u><b><span style=\"font-family: Arial, Helvetica, sans-serif; font-size: small;\">Centre Hospitalier \u00e0 Le Quesnoy<\/span><\/b><\/u><\/p>\n<p style=\"text-align: center;\"><span style=\"font-family: Arial, Helvetica, sans-serif; font-size: small;\">Ma\u00eetrise d&rsquo;ouvrage : C.H. de Le Quesnoy &#8211;\u00a0 Ma\u00eetrise d&rsquo;\u0153uvre : Atelier Gilles NEVEUX<br \/>\nMontant du march\u00e9 : 11,3 M\u20ac &#8211; D\u00e9lai : 16 mois <b>Tous Corps d&rsquo;Etat<\/b><\/span><\/p>\n<p style=\"text-align: center;\"><b>Ce chantier a permis de confirmer la capacit\u00e9 du groupe Tommasini \u00e0 r\u00e9aliser des gros chantiers complexes en entreprise g\u00e9n\u00e9rale<\/b><\/p>\n<p>[\/vc_column_text][\/vc_column][\/vc_row]<\/p>\n","protected":false},"excerpt":{"rendered":"<p>[vc_row][vc_column width=\u00a0\u00bb1\/2&Prime;][vc_single_image image=\u00a0\u00bb1263&Prime; img_size=\u00a0\u00bbfull\u00a0\u00bb alignment=\u00a0\u00bbcenter\u00a0\u00bb onclick=\u00a0\u00bblink_image\u00a0\u00bb][\/vc_column][vc_column width=\u00a0\u00bb1\/2&Prime;][vc_single_image image=\u00a0\u00bb1264&Prime; img_size=\u00a0\u00bbfull\u00a0\u00bb alignment=\u00a0\u00bbcenter\u00a0\u00bb onclick=\u00a0\u00bblink_image\u00a0\u00bb][\/vc_column][\/vc_row][vc_row][vc_column][vc_column_text] R\u00e9sidence Services S\u00e9niors &#8211; 134 logements &#8211; Marcq-en-Baroeul Ma\u00eetrise d&rsquo;ouvrage &#8230;<\/p>\n","protected":false},"author":1,"featured_media":865,"parent":9,"menu_order":0,"comment_status":"closed","ping_status":"closed","template":"","meta":{"footnotes":""},"_links":{"self":[{"href":"https:\/\/dev.groupe-tommasini.com\/construction\/wp-json\/wp\/v2\/pages\/129"}],"collection":[{"href":"https:\/\/dev.groupe-tommasini.com\/construction\/wp-json\/wp\/v2\/pages"}],"about":[{"href":"https:\/\/dev.groupe-tommasini.com\/construction\/wp-json\/wp\/v2\/types\/page"}],"author":[{"embeddable":true,"href":"https:\/\/dev.groupe-tommasini.com\/construction\/wp-json\/wp\/v2\/users\/1"}],"replies":[{"embeddable":true,"href":"https:\/\/dev.groupe-tommasini.com\/construction\/wp-json\/wp\/v2\/comments?post=129"}],"version-history":[{"count":33,"href":"https:\/\/dev.groupe-tommasini.com\/construction\/wp-json\/wp\/v2\/pages\/129\/revisions"}],"predecessor-version":[{"id":1322,"href":"https:\/\/dev.groupe-tommasini.com\/construction\/wp-json\/wp\/v2\/pages\/129\/revisions\/1322"}],"up":[{"embeddable":true,"href":"https:\/\/dev.groupe-tommasini.com\/construction\/wp-json\/wp\/v2\/pages\/9"}],"wp:featuredmedia":[{"embeddable":true,"href":"https:\/\/dev.groupe-tommasini.com\/construction\/wp-json\/wp\/v2\/media\/865"}],"wp:attachment":[{"href":"https:\/\/dev.groupe-tommasini.com\/construction\/wp-json\/wp\/v2\/media?parent=129"}],"curies":[{"name":"wp","href":"https:\/\/api.w.org\/{rel}","templated":true}]}}