{"id":131,"date":"2015-12-23T15:12:24","date_gmt":"2015-12-23T14:12:24","guid":{"rendered":"http:\/\/tommasini.microproxy.fr\/construction\/?page_id=131"},"modified":"2021-02-15T14:13:54","modified_gmt":"2021-02-15T13:13:54","slug":"fonctionnels","status":"publish","type":"page","link":"https:\/\/dev.groupe-tommasini.com\/construction\/gros-oeuvre-et-entreprise-generale\/fonctionnels\/","title":{"rendered":"Fonctionnels"},"content":{"rendered":"<p>[vc_row][vc_column width=\u00a0\u00bb1\/2&Prime;][vc_single_image image=\u00a0\u00bb1289&Prime; img_size=\u00a0\u00bbfull\u00a0\u00bb alignment=\u00a0\u00bbcenter\u00a0\u00bb onclick=\u00a0\u00bblink_image\u00a0\u00bb][\/vc_column][vc_column width=\u00a0\u00bb1\/2&Prime;][vc_column_text]<\/p>\n<p style=\"text-align: center;\"><strong><u>Construction d&rsquo;un cr\u00e9matorium \u00e0 Maubeuge<\/u><\/strong><strong><u><br \/>\n<\/u><\/strong><\/p>\n<p style=\"text-align: center;\"><b>Tous Corps d&rsquo;Etat<\/b> pour un montant de 1,4 M\u20ac<\/p>\n<p style=\"text-align: center;\">Ma\u00eetrise d&rsquo;ouvrage : SAS Cr\u00e9matorium de Maubeuge<br \/>\nMa\u00eetrise d&rsquo;\u0153uvre : Adrien Carlier Architecte<\/p>\n<p>[\/vc_column_text][\/vc_column][\/vc_row][vc_row][vc_column width=\u00a0\u00bb1\/2&Prime;][vc_single_image image=\u00a0\u00bb1287&Prime; img_size=\u00a0\u00bbfull\u00a0\u00bb alignment=\u00a0\u00bbcenter\u00a0\u00bb onclick=\u00a0\u00bblink_image\u00a0\u00bb][\/vc_column][vc_column width=\u00a0\u00bb1\/2&Prime;][vc_column_text]<\/p>\n<p style=\"text-align: center;\"><strong><u>Salle polyvalente de Taisni\u00e8res-sur-Hon<\/u><\/strong><strong><u><br \/>\n<\/u><\/strong><\/p>\n<p style=\"text-align: center;\"><b>Gros oeuvre<\/b> pour un montant de 622 000 Euros<br \/>\nMa\u00eetrise d&rsquo;ouvrage : Mairie de Taisni\u00e8res-sur-Hon<br \/>\nMa\u00eetrise d&rsquo;\u0153uvre : SAKARIBA<\/p>\n<p>.[\/vc_column_text][\/vc_column][\/vc_row][vc_row][vc_column width=\u00a0\u00bb1\/2&Prime;][vc_single_image image=\u00a0\u00bb1057&Prime; img_size=\u00a0\u00bbfull\u00a0\u00bb onclick=\u00a0\u00bblink_image\u00a0\u00bb][\/vc_column][vc_column width=\u00a0\u00bb1\/2&Prime;][vc_column_text]<\/p>\n<p style=\"text-align: center;\"><strong><u>Salle des f\u00eates \u00ab\u00a0espace festif\u00a0\u00bb<br \/>\n<\/u><\/strong><strong><u>de Rouvignies<\/u><\/strong><\/p>\n<p style=\"text-align: center;\"><b>Gros oeuvre<\/b> pour un montant de 975 000 Euros<br \/>\nMa\u00eetrise d&rsquo;ouvrage : Ville de Rouvignies<br \/>\nMa\u00eetrise d&rsquo;\u0153uvre : DSA Damien SURROCA<\/p>\n<p>[\/vc_column_text][\/vc_column][\/vc_row][vc_row][vc_column width=\u00a0\u00bb1\/2&Prime;][vc_single_image image=\u00a0\u00bb1279&Prime; img_size=\u00a0\u00bbfull\u00a0\u00bb alignment=\u00a0\u00bbcenter\u00a0\u00bb onclick=\u00a0\u00bblink_image\u00a0\u00bb][\/vc_column][vc_column width=\u00a0\u00bb1\/2&Prime;][vc_column_text]<\/p>\n<p style=\"text-align: center;\"><strong><u>Construction d&rsquo;un Hotel de Police<br \/>\n<\/u><\/strong><strong><u>\u00e0 Saint Amand-les-eaux<\/u><\/strong><\/p>\n<p style=\"text-align: center;\"><b>Gros oeuvre \u00e9tendu<\/b> pour un montant de 2,1 M\u20ac<br \/>\nMa\u00eetrise d&rsquo;ouvrage : Secr\u00e9tariat g\u00e9n\u00e9ral pour l&rsquo;administration du minist\u00e8re de l&rsquo;int\u00e9rieur<br \/>\nMa\u00eetrise d&rsquo;\u0153uvre : WALLYN Architecture<\/p>\n<p>[\/vc_column_text][\/vc_column][\/vc_row][vc_row][vc_column width=\u00a0\u00bb1\/3&Prime;][vc_single_image image=\u00a0\u00bb1281&Prime; img_size=\u00a0\u00bbfull\u00a0\u00bb alignment=\u00a0\u00bbcenter\u00a0\u00bb onclick=\u00a0\u00bblink_image\u00a0\u00bb][\/vc_column][vc_column width=\u00a0\u00bb1\/3&Prime;][vc_single_image image=\u00a0\u00bb1285&Prime; img_size=\u00a0\u00bbfull\u00a0\u00bb alignment=\u00a0\u00bbcenter\u00a0\u00bb onclick=\u00a0\u00bblink_image\u00a0\u00bb][\/vc_column][vc_column width=\u00a0\u00bb1\/3&Prime;][vc_single_image image=\u00a0\u00bb1284&Prime; img_size=\u00a0\u00bbfull\u00a0\u00bb alignment=\u00a0\u00bbcenter\u00a0\u00bb onclick=\u00a0\u00bblink_image\u00a0\u00bb][\/vc_column][\/vc_row][vc_row][vc_column width=\u00a0\u00bb1\/2&Prime;][vc_single_image image=\u00a0\u00bb971&Prime; img_size=\u00a0\u00bbfull\u00a0\u00bb onclick=\u00a0\u00bblink_image\u00a0\u00bb][\/vc_column][vc_column width=\u00a0\u00bb1\/2&Prime;][vc_column_text]<\/p>\n<p style=\"text-align: center;\"><strong><u>P\u00f4le Culturel Salvadore ALLENDE<br \/>\n<\/u><\/strong><strong><u>\u00e0 Mons-en-Baroeul<\/u><\/strong><\/p>\n<p style=\"text-align: center;\"><span style=\"font-family: Arial, Helvetica, sans-serif; font-size: small;\"><b>Gros oeuvre \u00e9tendu<\/b> pour un montant de 2,5 M\u20ac<\/span><br \/>\n<span style=\"font-family: Arial, Helvetica, sans-serif; font-size: small;\">Ma\u00eetrise d&rsquo;ouvrage : Ville de Mons-en-Baroeul<br \/>\nMa\u00eetrise d&rsquo;\u0153uvre : D. Coulon\u00a0\/ D. Surroca<\/span><\/p>\n<p>[\/vc_column_text][\/vc_column][\/vc_row][vc_row][vc_column width=\u00a0\u00bb1\/3&Prime;][vc_single_image image=\u00a0\u00bb977&Prime; img_size=\u00a0\u00bbfull\u00a0\u00bb onclick=\u00a0\u00bblink_image\u00a0\u00bb][\/vc_column][vc_column width=\u00a0\u00bb1\/3&Prime;][vc_single_image image=\u00a0\u00bb975&Prime; img_size=\u00a0\u00bbfull\u00a0\u00bb onclick=\u00a0\u00bblink_image\u00a0\u00bb][\/vc_column][vc_column width=\u00a0\u00bb1\/3&Prime;][vc_single_image image=\u00a0\u00bb974&Prime; img_size=\u00a0\u00bbfull\u00a0\u00bb onclick=\u00a0\u00bblink_image\u00a0\u00bb][\/vc_column][\/vc_row][vc_row][vc_column width=\u00a0\u00bb1\/2&Prime;][vc_single_image image=\u00a0\u00bb968&Prime; img_size=\u00a0\u00bbfull\u00a0\u00bb onclick=\u00a0\u00bblink_image\u00a0\u00bb][\/vc_column][vc_column width=\u00a0\u00bb1\/2&Prime;][vc_column_text]<\/p>\n<p style=\"text-align: center;\"><u><b><span style=\"font-family: Arial, Helvetica, sans-serif; font-size: small;\"><strong>Construction d&rsquo;un Centre d&rsquo; Incendie et de Secours<br \/>\n<\/strong>\u00e0 Bailleul<br \/>\n<\/span><\/b><\/u><b><span style=\"font-family: Arial, Helvetica, sans-serif; font-size: small;\"><br \/>\n<\/span><\/b><span style=\"font-family: Arial, Helvetica, sans-serif; font-size: small;\"><b>Tous Corps d&rsquo; Etat<\/b> pour un montant de 1,6 M\u20ac<\/span><\/p>\n<p style=\"text-align: center;\"><span style=\"font-family: Arial, Helvetica, sans-serif; font-size: small;\">Ma\u00eetrise d&rsquo;ouvrage : SDIS du Nord<br \/>\nMa\u00eetrise d&rsquo;\u0153uvre : SDIS du Nord<br \/>\n<\/span><\/p>\n<p>[\/vc_column_text][\/vc_column][\/vc_row][vc_row][vc_column width=\u00a0\u00bb1\/3&Prime;][vc_single_image image=\u00a0\u00bb966&Prime; img_size=\u00a0\u00bbfull\u00a0\u00bb onclick=\u00a0\u00bblink_image\u00a0\u00bb][\/vc_column][vc_column width=\u00a0\u00bb1\/3&Prime;][vc_single_image image=\u00a0\u00bb967&Prime; img_size=\u00a0\u00bbfull\u00a0\u00bb onclick=\u00a0\u00bblink_image\u00a0\u00bb][\/vc_column][vc_column width=\u00a0\u00bb1\/3&Prime;][vc_single_image image=\u00a0\u00bb965&Prime; img_size=\u00a0\u00bbfull\u00a0\u00bb onclick=\u00a0\u00bblink_image\u00a0\u00bb][\/vc_column][\/vc_row][vc_row][vc_column width=\u00a0\u00bb1\/2&Prime;][vc_single_image image=\u00a0\u00bb616&Prime; img_size=\u00a0\u00bbfull\u00a0\u00bb onclick=\u00a0\u00bblink_image\u00a0\u00bb][\/vc_column][vc_column width=\u00a0\u00bb1\/2&Prime;][vc_column_text]<\/p>\n<p style=\"text-align: center;\"><u><b><span style=\"font-family: Arial, Helvetica, sans-serif; font-size: small;\">Construction d&rsquo;un centre de traitement de l&rsquo;alerte et du<br \/>\nCentre Op\u00e9rationnel D\u00e9partemental d&rsquo;Incendie et de Secours de Villeneuve d&rsquo;Ascq<br \/>\n<\/span><\/b><\/u><b><span style=\"font-family: Arial, Helvetica, sans-serif; font-size: small;\"><br \/>\n<\/span><\/b><span style=\"font-family: Arial, Helvetica, sans-serif; font-size: small;\"><b>Gros oeuvre \u00e9tendu<\/b> pour un montant de 3,4 M\u20ac<\/span><\/p>\n<p style=\"text-align: center;\"><span style=\"font-family: Arial, Helvetica, sans-serif; font-size: small;\">Ma\u00eetrise d&rsquo;ouvrage : SDIS du Nord<br \/>\nMa\u00eetrise d&rsquo;\u0153uvre : Atelier Charles RENARD<\/span><\/p>\n<p>[\/vc_column_text][\/vc_column][\/vc_row][vc_row][vc_column width=\u00a0\u00bb1\/3&Prime;][vc_single_image image=\u00a0\u00bb751&Prime; img_size=\u00a0\u00bbfull\u00a0\u00bb onclick=\u00a0\u00bblink_image\u00a0\u00bb][\/vc_column][vc_column width=\u00a0\u00bb1\/3&Prime;][vc_single_image image=\u00a0\u00bb749&Prime; img_size=\u00a0\u00bbfull\u00a0\u00bb onclick=\u00a0\u00bblink_image\u00a0\u00bb][\/vc_column][vc_column width=\u00a0\u00bb1\/3&Prime;][vc_single_image image=\u00a0\u00bb747&Prime; img_size=\u00a0\u00bbfull\u00a0\u00bb onclick=\u00a0\u00bblink_image\u00a0\u00bb][\/vc_column][\/vc_row][vc_row][vc_column width=\u00a0\u00bb1\/2&Prime;][vc_single_image image=\u00a0\u00bb1274&Prime; img_size=\u00a0\u00bbfull\u00a0\u00bb alignment=\u00a0\u00bbcenter\u00a0\u00bb onclick=\u00a0\u00bblink_image\u00a0\u00bb][\/vc_column][vc_column width=\u00a0\u00bb1\/2&Prime;][vc_column_text]<\/p>\n<p style=\"text-align: left;\"><u><b>Construction et am\u00e9nagement d&rsquo;un cin\u00e9ma de 4 salles \u00e0 Hazebrouck<br \/>\n<\/b><\/u><b><br \/>\n<\/b><b>Gros oeuvre \u00e9tendu,<\/b> VRD,Charpente m\u00e9tallique pour un montant de 2,2 M\u20ac<\/p>\n<p style=\"text-align: left;\">Ma\u00eetrise d&rsquo;ouvrage : Ville d&rsquo;Hazebrouck<br \/>\nMa\u00eetrise d&rsquo;\u0153uvre : ABCISS Architectes<\/p>\n<p>[\/vc_column_text][\/vc_column][\/vc_row][vc_row][vc_column width=\u00a0\u00bb1\/3&Prime;][vc_single_image image=\u00a0\u00bb1275&Prime; img_size=\u00a0\u00bbfull\u00a0\u00bb alignment=\u00a0\u00bbcenter\u00a0\u00bb onclick=\u00a0\u00bblink_image\u00a0\u00bb][\/vc_column][vc_column width=\u00a0\u00bb1\/3&Prime;][vc_single_image image=\u00a0\u00bb1276&Prime; img_size=\u00a0\u00bbfull\u00a0\u00bb alignment=\u00a0\u00bbcenter\u00a0\u00bb onclick=\u00a0\u00bblink_image\u00a0\u00bb][\/vc_column][vc_column width=\u00a0\u00bb1\/3&Prime;][vc_single_image image=\u00a0\u00bb1277&Prime; img_size=\u00a0\u00bbfull\u00a0\u00bb alignment=\u00a0\u00bbcenter\u00a0\u00bb onclick=\u00a0\u00bblink_image\u00a0\u00bb][\/vc_column][\/vc_row][vc_row][vc_column][vc_separator][\/vc_column][\/vc_row][vc_row][vc_column width=\u00a0\u00bb1\/2&Prime;][vc_single_image image=\u00a0\u00bb1278&Prime; img_size=\u00a0\u00bbfull\u00a0\u00bb alignment=\u00a0\u00bbcenter\u00a0\u00bb onclick=\u00a0\u00bblink_image\u00a0\u00bb][\/vc_column][vc_column width=\u00a0\u00bb1\/2&Prime;][vc_column_text]<u><b>Reconstruction de la salle polyvalente de Sous-le-bois \u00e0 Maubeuge<br \/>\n<\/b><\/u><b><br \/>\n<\/b><b>Gros oeuvre<\/b> pour un montant de 1,3 M\u20ac<\/p>\n<p>Ma\u00eetrise d&rsquo;ouvrage : Ville de Maubeuge<br \/>\nMa\u00eetrise d&rsquo;\u0153uvre : MOUSSAFIR Architectes[\/vc_column_text][\/vc_column][\/vc_row][vc_row][vc_column][vc_separator][\/vc_column][\/vc_row][vc_row][vc_column width=\u00a0\u00bb1\/2&Prime;][vc_single_image image=\u00a0\u00bb744&Prime; img_size=\u00a0\u00bbfull\u00a0\u00bb onclick=\u00a0\u00bblink_image\u00a0\u00bb][\/vc_column][vc_column width=\u00a0\u00bb1\/2&Prime;][vc_column_text]<u><b><span style=\"font-family: Arial, Helvetica, sans-serif; font-size: small;\">Construction d&rsquo;un Parking silo \u00e0 Aulnoye-Aymeries<br \/>\n<\/span><\/b><\/u><b><span style=\"font-family: Arial, Helvetica, sans-serif; font-size: small;\"><br \/>\n<\/span><\/b><span style=\"font-family: Arial, Helvetica, sans-serif; font-size: small;\"><b>Gros oeuvre \u00e9tendu<\/b> pour un montant de 6,3 M\u20ac<\/span><\/p>\n<p><span style=\"font-family: Arial, Helvetica, sans-serif; font-size: small;\">Ma\u00eetrise d&rsquo;ouvrage : Syndicat mixte du Val de Sambre<br \/>\nMa\u00eetrise d&rsquo;\u0153uvre : DGLA Montreuil-sous-Bois<\/span>[\/vc_column_text][\/vc_column][\/vc_row][vc_row][vc_column width=\u00a0\u00bb1\/3&Prime;][vc_single_image image=\u00a0\u00bb741&Prime; img_size=\u00a0\u00bbfull\u00a0\u00bb onclick=\u00a0\u00bblink_image\u00a0\u00bb][\/vc_column][vc_column width=\u00a0\u00bb1\/3&Prime;][vc_single_image image=\u00a0\u00bb743&Prime; img_size=\u00a0\u00bbfull\u00a0\u00bb onclick=\u00a0\u00bblink_image\u00a0\u00bb][\/vc_column][vc_column width=\u00a0\u00bb1\/3&Prime;][vc_single_image image=\u00a0\u00bb742&Prime; img_size=\u00a0\u00bbfull\u00a0\u00bb onclick=\u00a0\u00bblink_image\u00a0\u00bb][\/vc_column][\/vc_row][vc_row][vc_column][vc_separator][\/vc_column][\/vc_row][vc_row][vc_column width=\u00a0\u00bb1\/2&Prime;][vc_single_image image=\u00a0\u00bb781&Prime; img_size=\u00a0\u00bbfull\u00a0\u00bb onclick=\u00a0\u00bblink_image\u00a0\u00bb][\/vc_column][vc_column width=\u00a0\u00bb1\/2&Prime;][vc_single_image image=\u00a0\u00bb780&Prime; img_size=\u00a0\u00bbfull\u00a0\u00bb onclick=\u00a0\u00bblink_image\u00a0\u00bb][\/vc_column][\/vc_row][vc_row][vc_column][vc_column_text]<\/p>\n<p style=\"text-align: center;\"><u><b><span style=\"font-family: Arial, Helvetica, sans-serif; font-size: small;\">Construction d&rsquo;un Centre d&rsquo;Incendie et de Secours \u00e0 Vieux-Cond\u00e9<br \/>\n<\/span><\/b><\/u><b><span style=\"font-family: Arial, Helvetica, sans-serif; font-size: small;\"><br \/>\n<\/span><\/b><span style=\"font-family: Arial, Helvetica, sans-serif; font-size: small;\"><b>Gros oeuvre \u00e9tendu<\/b> pour un montant de 4,7 M\u20ac<\/span><\/p>\n<p style=\"text-align: center;\"><span style=\"font-family: Arial, Helvetica, sans-serif; font-size: small;\">Ma\u00eetrise d&rsquo;ouvrage : SDIS du Nord\u00a0 &#8211; \u00a0Ma\u00eetrise d&rsquo;\u0153uvre : Escudi\u00e9 et Fermaut<\/span><\/p>\n<p>[\/vc_column_text][\/vc_column][\/vc_row][vc_row][vc_column][vc_separator][\/vc_column][\/vc_row][vc_row][vc_column width=\u00a0\u00bb1\/2&Prime;][vc_single_image image=\u00a0\u00bb310&Prime; img_size=\u00a0\u00bbfull\u00a0\u00bb onclick=\u00a0\u00bblink_image\u00a0\u00bb][\/vc_column][vc_column width=\u00a0\u00bb1\/2&Prime;][vc_column_text]<u><b><span style=\"font-family: Arial, Helvetica, sans-serif; font-size: small;\">Construction d&rsquo;un P\u00f4le de services territorial<br \/>\ninsertion et emploi \u00e0 Maubeuge<br \/>\n<\/span><\/b><\/u><b><span style=\"font-family: Arial, Helvetica, sans-serif; font-size: small;\"><br \/>\n<\/span><\/b><span style=\"font-family: Arial, Helvetica, sans-serif; font-size: small;\"><b>Gros oeuvre \u00e9tendu<\/b> pour un montant de 2,9 M\u20ac<\/span><br \/>\n<span style=\"font-family: Arial, Helvetica, sans-serif; font-size: small;\">Ma\u00eetrise d&rsquo;ouvrage : AMVS Maubeuge<br \/>\nMa\u00eetrise d&rsquo;\u0153uvre : ATELIER 204 Architectures<\/span>[\/vc_column_text][\/vc_column][\/vc_row][vc_row][vc_column width=\u00a0\u00bb1\/2&Prime;][vc_single_image image=\u00a0\u00bb311&Prime; img_size=\u00a0\u00bbfull\u00a0\u00bb onclick=\u00a0\u00bblink_image\u00a0\u00bb][\/vc_column][vc_column width=\u00a0\u00bb1\/2&Prime;][vc_column_text]<span style=\"font-family: Arial, Helvetica, sans-serif; font-size: small;\"><u><b><span style=\"font-family: Arial, Helvetica, sans-serif; font-size: small;\">Construction du p\u00f4le animation \u00e0 Lambersart.<br \/>\n<\/span><\/b><\/u><b><span style=\"font-family: Arial, Helvetica, sans-serif; font-size: small;\"><br \/>\n<\/span><\/b><span style=\"font-family: Arial, Helvetica, sans-serif; font-size: small;\"><b>Gros oeuvre \u00e9tendu<\/b> pour un montant de 2,7 M\u20ac<br \/>\n<\/span><\/span><\/p>\n<p><span style=\"font-family: Arial, Helvetica, sans-serif; font-size: small;\">Ma\u00eetrise d&rsquo;ouvrage : Mairie de Lambersart<br \/>\nMa\u00eetrise d&rsquo;\u0153uvre : Atelier NEVEUX<\/span>es[\/vc_column_text][\/vc_column][\/vc_row][vc_row][vc_column width=\u00a0\u00bb1\/2&Prime;][vc_single_image image=\u00a0\u00bb307&Prime; img_size=\u00a0\u00bbfull\u00a0\u00bb onclick=\u00a0\u00bblink_image\u00a0\u00bb][\/vc_column][vc_column width=\u00a0\u00bb1\/2&Prime;][vc_column_text]<u><b><span style=\"font-family: Arial, Helvetica, sans-serif; font-size: small;\">Contruction du centre social Lazare Garreau<br \/>\net du centre de la petite enfance \u00e0 Lille.<br \/>\n<\/span><\/b><\/u><b><span style=\"font-family: Arial, Helvetica, sans-serif; font-size: small;\"><br \/>\nGros oeuvre \u00e9tendu<\/span><\/b><span style=\"font-family: Arial, Helvetica, sans-serif; font-size: small;\"> pour un montant de 2,2 M\u20ac<br \/>\n<\/span><\/p>\n<p><span style=\"font-family: Arial, Helvetica, sans-serif; font-size: small;\">Ma\u00eetrise d&rsquo;ouvrage : Ville de Lille<br \/>\nMa\u00eetrise d&rsquo;\u0153uvre : Atelier Robain GUIEYSSE<\/span>[\/vc_column_text][\/vc_column][\/vc_row]<\/p>\n","protected":false},"excerpt":{"rendered":"<p>[vc_row][vc_column width=\u00a0\u00bb1\/2&Prime;][vc_single_image image=\u00a0\u00bb1289&Prime; img_size=\u00a0\u00bbfull\u00a0\u00bb alignment=\u00a0\u00bbcenter\u00a0\u00bb onclick=\u00a0\u00bblink_image\u00a0\u00bb][\/vc_column][vc_column width=\u00a0\u00bb1\/2&Prime;][vc_column_text] Construction d&rsquo;un cr\u00e9matorium \u00e0 Maubeuge Tous Corps d&rsquo;Etat pour un montant de 1,4 M\u20ac &#8230;<\/p>\n","protected":false},"author":1,"featured_media":866,"parent":9,"menu_order":0,"comment_status":"closed","ping_status":"closed","template":"","meta":{"footnotes":""},"_links":{"self":[{"href":"https:\/\/dev.groupe-tommasini.com\/construction\/wp-json\/wp\/v2\/pages\/131"}],"collection":[{"href":"https:\/\/dev.groupe-tommasini.com\/construction\/wp-json\/wp\/v2\/pages"}],"about":[{"href":"https:\/\/dev.groupe-tommasini.com\/construction\/wp-json\/wp\/v2\/types\/page"}],"author":[{"embeddable":true,"href":"https:\/\/dev.groupe-tommasini.com\/construction\/wp-json\/wp\/v2\/users\/1"}],"replies":[{"embeddable":true,"href":"https:\/\/dev.groupe-tommasini.com\/construction\/wp-json\/wp\/v2\/comments?post=131"}],"version-history":[{"count":47,"href":"https:\/\/dev.groupe-tommasini.com\/construction\/wp-json\/wp\/v2\/pages\/131\/revisions"}],"predecessor-version":[{"id":1316,"href":"https:\/\/dev.groupe-tommasini.com\/construction\/wp-json\/wp\/v2\/pages\/131\/revisions\/1316"}],"up":[{"embeddable":true,"href":"https:\/\/dev.groupe-tommasini.com\/construction\/wp-json\/wp\/v2\/pages\/9"}],"wp:featuredmedia":[{"embeddable":true,"href":"https:\/\/dev.groupe-tommasini.com\/construction\/wp-json\/wp\/v2\/media\/866"}],"wp:attachment":[{"href":"https:\/\/dev.groupe-tommasini.com\/construction\/wp-json\/wp\/v2\/media?parent=131"}],"curies":[{"name":"wp","href":"https:\/\/api.w.org\/{rel}","templated":true}]}}