{"id":15,"date":"2015-12-18T11:00:15","date_gmt":"2015-12-18T10:00:15","guid":{"rendered":"http:\/\/tommasini.microproxy.fr\/construction\/?page_id=15"},"modified":"2016-11-24T15:21:14","modified_gmt":"2016-11-24T14:21:14","slug":"bardage","status":"publish","type":"page","link":"https:\/\/dev.groupe-tommasini.com\/construction\/bardage\/","title":{"rendered":"Bardage"},"content":{"rendered":"<p>[vc_row][vc_column][vc_column_text]Tommasini Construction dispose au sein de ses \u00e9quipes, de comp\u00e9tences en Ma\u00e7onnerie et Bardage, ce qui lui permet de r\u00e9aliser en interne l&rsquo;ensemble des ouvrages d&rsquo;une fa\u00e7ade, et ainsi accroitre la qualit\u00e9 de r\u00e9alisation, optimiser les d\u00e9lais de livraison, et \u00e9viter les probl\u00e9matiques d&rsquo;interface entre les lots Gros-\u0152uvre et Bardage.<\/p>\n<p>Les chantiers pr\u00e9sent\u00e9s ci-dessous sont des exemples probants de cette singularit\u00e9.[\/vc_column_text][\/vc_column][\/vc_row][vc_row][vc_column][vc_separator][\/vc_column][\/vc_row][vc_row][vc_column width=\u00a0\u00bb1\/4&Prime;][vc_single_image image=\u00a0\u00bb771&Prime; img_size=\u00a0\u00bbfull\u00a0\u00bb][\/vc_column][vc_column width=\u00a0\u00bb1\/4&Prime;][vc_single_image image=\u00a0\u00bb836&Prime; img_size=\u00a0\u00bbfull\u00a0\u00bb][\/vc_column][vc_column width=\u00a0\u00bb1\/4&Prime;][vc_single_image image=\u00a0\u00bb803&Prime; img_size=\u00a0\u00bbfull\u00a0\u00bb][\/vc_column][vc_column width=\u00a0\u00bb1\/4&Prime;][vc_single_image image=\u00a0\u00bb716&Prime; img_size=\u00a0\u00bbfull\u00a0\u00bb][\/vc_column][\/vc_row][vc_row][vc_column width=\u00a0\u00bb1\/4&Prime;][vc_column_text]Bois[\/vc_column_text][\/vc_column][vc_column width=\u00a0\u00bb1\/4&Prime;][vc_column_text]M\u00e9tal[\/vc_column_text][\/vc_column][vc_column width=\u00a0\u00bb1\/4&Prime;][vc_column_text]Panneaux[\/vc_column_text][\/vc_column][vc_column width=\u00a0\u00bb1\/4&Prime;][vc_column_text]V\u00eature et Ma\u00e7onnerie[\/vc_column_text][\/vc_column][\/vc_row]<\/p>\n","protected":false},"excerpt":{"rendered":"<p>[vc_row][vc_column][vc_column_text]Tommasini Construction dispose au sein de ses \u00e9quipes, de comp\u00e9tences en Ma\u00e7onnerie et Bardage, ce qui lui permet de r\u00e9aliser en &#8230;<\/p>\n","protected":false},"author":1,"featured_media":870,"parent":0,"menu_order":0,"comment_status":"closed","ping_status":"closed","template":"","meta":{"footnotes":""},"_links":{"self":[{"href":"https:\/\/dev.groupe-tommasini.com\/construction\/wp-json\/wp\/v2\/pages\/15"}],"collection":[{"href":"https:\/\/dev.groupe-tommasini.com\/construction\/wp-json\/wp\/v2\/pages"}],"about":[{"href":"https:\/\/dev.groupe-tommasini.com\/construction\/wp-json\/wp\/v2\/types\/page"}],"author":[{"embeddable":true,"href":"https:\/\/dev.groupe-tommasini.com\/construction\/wp-json\/wp\/v2\/users\/1"}],"replies":[{"embeddable":true,"href":"https:\/\/dev.groupe-tommasini.com\/construction\/wp-json\/wp\/v2\/comments?post=15"}],"version-history":[{"count":11,"href":"https:\/\/dev.groupe-tommasini.com\/construction\/wp-json\/wp\/v2\/pages\/15\/revisions"}],"predecessor-version":[{"id":938,"href":"https:\/\/dev.groupe-tommasini.com\/construction\/wp-json\/wp\/v2\/pages\/15\/revisions\/938"}],"wp:featuredmedia":[{"embeddable":true,"href":"https:\/\/dev.groupe-tommasini.com\/construction\/wp-json\/wp\/v2\/media\/870"}],"wp:attachment":[{"href":"https:\/\/dev.groupe-tommasini.com\/construction\/wp-json\/wp\/v2\/media?parent=15"}],"curies":[{"name":"wp","href":"https:\/\/api.w.org\/{rel}","templated":true}]}}