{"id":167,"date":"2015-12-24T11:33:36","date_gmt":"2015-12-24T10:33:36","guid":{"rendered":"http:\/\/tommasini.microproxy.fr\/construction\/?page_id=167"},"modified":"2016-11-24T15:13:29","modified_gmt":"2016-11-24T14:13:29","slug":"autres","status":"publish","type":"page","link":"https:\/\/dev.groupe-tommasini.com\/construction\/travaux-et-services\/autres\/","title":{"rendered":"Autres"},"content":{"rendered":"<p>[vc_row][vc_column][vc_column_text][\/vc_column_text][\/vc_column][\/vc_row][vc_row][vc_column][vc_separator][\/vc_column][\/vc_row][vc_row row_id=\u00a0\u00bbblocImgBottomTravaux\u00a0\u00bb][vc_column width=\u00a0\u00bb1\/3&Prime;][vc_column_text]<u><span style=\"font-family: Arial, Helvetica, sans-serif;\"><b><span style=\"font-size: small;\">Ecluse de Marpent<\/span><\/b><\/span><\/u><br \/>\n<span style=\"font-family: Arial, Helvetica, sans-serif; font-size: small;\">Restauration des ma\u00e7onneries des bajoyers du sas de l&rsquo;\u00e9cluse pour un montant de 87000 euros<br \/>\nMa\u00eetrise d&rsquo;ouvrage : Voie Navigable de France<\/span>[\/vc_column_text][\/vc_column][vc_column width=\u00a0\u00bb1\/3&Prime;][vc_column_text]<u><span style=\"font-family: Arial, Helvetica, sans-serif;\"><b><span style=\"font-size: small;\">Ecluse de Sassegnies<\/span><\/b><\/span><\/u><br \/>\n<span style=\"font-family: Arial, Helvetica, sans-serif; font-size: small;\">Ch\u00f4mage de l&rsquo;\u00e9cluse pour un montant de 80000 euros<br \/>\nMa\u00eetrise d&rsquo;ouvrage : Voie Navigable de France<\/span>[\/vc_column_text][\/vc_column][vc_column width=\u00a0\u00bb1\/3&Prime;][vc_column_text]<u><span style=\"font-family: Arial, Helvetica, sans-serif;\"><b><span style=\"font-size: small;\">Ecluse de Hachette<\/span><\/b><\/span><\/u><br \/>\n<span style=\"font-family: Arial, Helvetica, sans-serif; font-size: small;\"><span style=\"font-family: Arial, Helvetica, sans-serif; font-size: small;\"><span style=\"font-family: Arial, Helvetica, sans-serif; font-size: small;\">Ch\u00f4mage de l&rsquo;\u00e9cluse pour un montant de 65000 euros<br \/>\nMa\u00eetrise d&rsquo;ouvrage : Voie Navigable de France <\/span><\/span><\/span>[\/vc_column_text][\/vc_column][\/vc_row]<\/p>\n","protected":false},"excerpt":{"rendered":"<p>[vc_row][vc_column][vc_column_text][\/vc_column_text][\/vc_column][\/vc_row][vc_row][vc_column][vc_separator][\/vc_column][\/vc_row][vc_row row_id=\u00a0\u00bbblocImgBottomTravaux\u00a0\u00bb][vc_column width=\u00a0\u00bb1\/3&Prime;][vc_column_text]Ecluse de Marpent Restauration des ma\u00e7onneries des bajoyers du sas de l&rsquo;\u00e9cluse pour un montant de 87000 euros Ma\u00eetrise &#8230;<\/p>\n","protected":false},"author":1,"featured_media":874,"parent":11,"menu_order":0,"comment_status":"closed","ping_status":"closed","template":"","meta":{"footnotes":""},"_links":{"self":[{"href":"https:\/\/dev.groupe-tommasini.com\/construction\/wp-json\/wp\/v2\/pages\/167"}],"collection":[{"href":"https:\/\/dev.groupe-tommasini.com\/construction\/wp-json\/wp\/v2\/pages"}],"about":[{"href":"https:\/\/dev.groupe-tommasini.com\/construction\/wp-json\/wp\/v2\/types\/page"}],"author":[{"embeddable":true,"href":"https:\/\/dev.groupe-tommasini.com\/construction\/wp-json\/wp\/v2\/users\/1"}],"replies":[{"embeddable":true,"href":"https:\/\/dev.groupe-tommasini.com\/construction\/wp-json\/wp\/v2\/comments?post=167"}],"version-history":[{"count":9,"href":"https:\/\/dev.groupe-tommasini.com\/construction\/wp-json\/wp\/v2\/pages\/167\/revisions"}],"predecessor-version":[{"id":936,"href":"https:\/\/dev.groupe-tommasini.com\/construction\/wp-json\/wp\/v2\/pages\/167\/revisions\/936"}],"up":[{"embeddable":true,"href":"https:\/\/dev.groupe-tommasini.com\/construction\/wp-json\/wp\/v2\/pages\/11"}],"wp:featuredmedia":[{"embeddable":true,"href":"https:\/\/dev.groupe-tommasini.com\/construction\/wp-json\/wp\/v2\/media\/874"}],"wp:attachment":[{"href":"https:\/\/dev.groupe-tommasini.com\/construction\/wp-json\/wp\/v2\/media?parent=167"}],"curies":[{"name":"wp","href":"https:\/\/api.w.org\/{rel}","templated":true}]}}