{"id":17,"date":"2015-12-18T11:00:53","date_gmt":"2015-12-18T10:00:53","guid":{"rendered":"http:\/\/tommasini.microproxy.fr\/construction\/?page_id=17"},"modified":"2020-07-23T16:00:44","modified_gmt":"2020-07-23T15:00:44","slug":"rehabilitation","status":"publish","type":"page","link":"https:\/\/dev.groupe-tommasini.com\/construction\/rehabilitation\/","title":{"rendered":"R\u00e9habilitation"},"content":{"rendered":"<p>[vc_row][vc_column width=\u00a0\u00bb1\/2&Prime;][vc_single_image image=\u00a0\u00bb1221&Prime; img_size=\u00a0\u00bbfull\u00a0\u00bb onclick=\u00a0\u00bblink_image\u00a0\u00bb][\/vc_column][vc_column width=\u00a0\u00bb1\/2&Prime;][vc_column_text]<\/p>\n<p style=\"text-align: center;\"><u><b><span style=\"font-family: Arial, Helvetica, sans-serif; font-size: small;\">Transformation de l\u2019ancienne halle de l\u2019usine LE BLAN- LAFONT<\/span><\/b><\/u><span style=\"font-family: Arial, Helvetica, sans-serif; font-size: small;\">[\/vc_column_text][\/vc_column][\/vc_row][vc_row][vc_column][vc_separator][\/vc_column][\/vc_row][vc_row][vc_column width=\u00a0\u00bb1\/2&Prime;][vc_single_image image=\u00a0\u00bb620&Prime; img_size=\u00a0\u00bbfull\u00a0\u00bb onclick=\u00a0\u00bblink_image\u00a0\u00bb][\/vc_column][vc_column width=\u00a0\u00bb1\/2&Prime;][vc_column_text]<\/span><\/p>\n<p style=\"text-align: center;\"><u><b><span style=\"font-family: Arial, Helvetica, sans-serif; font-size: small;\">Construction d&rsquo;un cin\u00e9ma de 4 salles et restructuration<\/span><\/b><\/u><span style=\"font-family: Arial, Helvetica, sans-serif; font-size: small;\"><span class=\"corps\"><u><b><br \/>\n<\/b><\/u><strong>\u00e0 Hazebrouck<\/strong><br \/>\nVRD &#8211; Gros \u0153uvre &#8211; Charpente m\u00e9tallique<\/span><\/span><\/p>\n<p style=\"text-align: center;\">Ma\u00eetrise d&rsquo;ouvrage :\u00a0Ville d&rsquo;Hazebrouck<br \/>\nMa\u00eetrise d&rsquo;\u0153uvre\u00a0: ABCISS Architectes<\/p>\n<p style=\"text-align: center;\">Montant du march\u00e9 : 2,2 Millions d&rsquo;euros.<\/p>\n<p>[\/vc_column_text][\/vc_column][\/vc_row][vc_row][vc_column][vc_separator][\/vc_column][\/vc_row][vc_row][vc_column width=\u00a0\u00bb1\/2&Prime;][vc_single_image image=\u00a0\u00bb410&Prime; img_size=\u00a0\u00bbfull\u00a0\u00bb onclick=\u00a0\u00bblink_image\u00a0\u00bb][\/vc_column][vc_column width=\u00a0\u00bb1\/2&Prime;][vc_column_text]<\/p>\n<p style=\"text-align: center;\"><u><b><span style=\"font-family: Arial, Helvetica, sans-serif; font-size: small;\">R\u00e9novation et mise en s\u00e9curit\u00e9 du th\u00e9\u00e2tre de Fourmies<\/span><\/b><\/u><\/p>\n<p style=\"text-align: center;\"><span style=\"font-family: Arial, Helvetica, sans-serif; font-size: small;\">Ma\u00eetrise d&rsquo;ouvrage : Ville de Fourmies<br \/>\nMa\u00eetrise d&rsquo;\u0153uvre : Atelier G\u00e9rard Frisque<br \/>\nG.O.E. pour un montant de 4,8 M Euros<\/span><\/p>\n<p>[\/vc_column_text][\/vc_column][\/vc_row][vc_row][vc_column][vc_separator][\/vc_column][\/vc_row][vc_row][vc_column width=\u00a0\u00bb1\/2&Prime;][vc_single_image image=\u00a0\u00bb409&Prime; img_size=\u00a0\u00bbfull\u00a0\u00bb onclick=\u00a0\u00bblink_image\u00a0\u00bb][\/vc_column][vc_column width=\u00a0\u00bb1\/2&Prime;][vc_column_text]<\/p>\n<p style=\"text-align: center;\"><u><b><span style=\"font-family: Arial, Helvetica, sans-serif; font-size: small;\">R\u00e9habilitation et extension de la maison du dioc\u00e8se<br \/>\n\u00e0 Raismes<\/span><\/b><\/u> <span style=\"font-family: Arial, Helvetica, sans-serif; font-size: small;\"><span class=\"corps\"><span style=\"font-family: Arial, Helvetica, sans-serif; font-size: small;\"><u><b><br \/>\n<\/b><\/u><br \/>\nMa\u00eetrise d&rsquo;ouvrage : Archev\u00e9ch\u00e9 de Cambrai<br \/>\nMa\u00eetrise d&rsquo;oeuvre : DODAT &amp; VILLAIN<\/span><\/span><\/span><\/p>\n<p style=\"text-align: center;\">T.C.E. hors lots techniques<br \/>\npour un montant de 4,5 M Euros<\/p>\n<p style=\"text-align: center;\">Montant du march\u00e9 : 6,2 Millions d&rsquo;euros.<br \/>\nD\u00e9lai : 20 mois Tous Corps d&rsquo;Etat<\/p>\n<p>[\/vc_column_text][\/vc_column][\/vc_row][vc_row][vc_column][vc_separator][\/vc_column][\/vc_row][vc_row][vc_column][vc_column_text]<u><span style=\"font-family: Arial, Helvetica, sans-serif;\"><b><span style=\"font-size: small;\">Centre Hospitalier \u00e0 Valenciennes<\/span><\/b><\/span><\/u><br \/>\n<span style=\"font-family: Arial, Helvetica, sans-serif; font-size: small;\"><br \/>\n<b>Construction de l&rsquo;unit\u00e9 centrale de production culinaire et du plateau technique de biologie m\u00e9dicale<\/b><br \/>\nMa\u00eetrise d&rsquo;ouvrage : CH Valenciennes<br \/>\nMa\u00eetrise d&rsquo;oeuvre : SODEG &#8211; Agence Maes<br \/>\nG.O. pour un montant de 3M Euros<\/span>[\/vc_column_text][\/vc_column][\/vc_row]<\/p>\n","protected":false},"excerpt":{"rendered":"<p>[vc_row][vc_column width=\u00a0\u00bb1\/2&Prime;][vc_single_image image=\u00a0\u00bb1221&Prime; img_size=\u00a0\u00bbfull\u00a0\u00bb onclick=\u00a0\u00bblink_image\u00a0\u00bb][\/vc_column][vc_column width=\u00a0\u00bb1\/2&Prime;][vc_column_text] Transformation de l\u2019ancienne halle de l\u2019usine LE BLAN- LAFONT[\/vc_column_text][\/vc_column][\/vc_row][vc_row][vc_column][vc_separator][\/vc_column][\/vc_row][vc_row][vc_column width=\u00a0\u00bb1\/2&Prime;][vc_single_image image=\u00a0\u00bb620&Prime; img_size=\u00a0\u00bbfull\u00a0\u00bb onclick=\u00a0\u00bblink_image\u00a0\u00bb][\/vc_column][vc_column width=\u00a0\u00bb1\/2&Prime;][vc_column_text] Construction &#8230;<\/p>\n","protected":false},"author":1,"featured_media":867,"parent":0,"menu_order":0,"comment_status":"closed","ping_status":"closed","template":"","meta":{"footnotes":""},"_links":{"self":[{"href":"https:\/\/dev.groupe-tommasini.com\/construction\/wp-json\/wp\/v2\/pages\/17"}],"collection":[{"href":"https:\/\/dev.groupe-tommasini.com\/construction\/wp-json\/wp\/v2\/pages"}],"about":[{"href":"https:\/\/dev.groupe-tommasini.com\/construction\/wp-json\/wp\/v2\/types\/page"}],"author":[{"embeddable":true,"href":"https:\/\/dev.groupe-tommasini.com\/construction\/wp-json\/wp\/v2\/users\/1"}],"replies":[{"embeddable":true,"href":"https:\/\/dev.groupe-tommasini.com\/construction\/wp-json\/wp\/v2\/comments?post=17"}],"version-history":[{"count":14,"href":"https:\/\/dev.groupe-tommasini.com\/construction\/wp-json\/wp\/v2\/pages\/17\/revisions"}],"predecessor-version":[{"id":1241,"href":"https:\/\/dev.groupe-tommasini.com\/construction\/wp-json\/wp\/v2\/pages\/17\/revisions\/1241"}],"wp:featuredmedia":[{"embeddable":true,"href":"https:\/\/dev.groupe-tommasini.com\/construction\/wp-json\/wp\/v2\/media\/867"}],"wp:attachment":[{"href":"https:\/\/dev.groupe-tommasini.com\/construction\/wp-json\/wp\/v2\/media?parent=17"}],"curies":[{"name":"wp","href":"https:\/\/api.w.org\/{rel}","templated":true}]}}