{"id":212,"date":"2015-12-24T13:49:12","date_gmt":"2015-12-24T12:49:12","guid":{"rendered":"http:\/\/tommasini.microproxy.fr\/construction\/?page_id=212"},"modified":"2016-05-13T12:55:21","modified_gmt":"2016-05-13T11:55:21","slug":"bois","status":"publish","type":"page","link":"https:\/\/dev.groupe-tommasini.com\/construction\/bardage\/bois\/","title":{"rendered":"Bois"},"content":{"rendered":"<p>[vc_row][vc_column][vc_column_text]Tommasini Construction dispose au sein de ses \u00e9quipes, de comp\u00e9tences en Ma\u00e7onnerie et Bardage, ce qui lui permet de r\u00e9aliser en interne l&rsquo;ensemble des ouvrages d&rsquo;une fa\u00e7ade, et ainsi accroitre la qualit\u00e9 de r\u00e9alisation, optimiser les d\u00e9lais de livraison, et \u00e9viter les probl\u00e9matiques d&rsquo;interface entre les lots Gros-\u0152uvre et Bardage.<\/p>\n<p>Les chantiers pr\u00e9sent\u00e9s ci-dessous sont des exemples probants de cette singularit\u00e9.[\/vc_column_text][\/vc_column][\/vc_row][vc_row][vc_column][vc_separator][\/vc_column][\/vc_row][vc_row][vc_column][vc_column_text]<u><b><span style=\"font-family: Arial, Helvetica, sans-serif; font-size: small;\">Centre de traitement de l&rsquo;alerte et centre op\u00e9rationnel d\u00e9partemental de secours et d&rsquo;incendie<\/span><\/b><\/u><br \/>\n<b><span style=\"font-family: Arial, Helvetica, sans-serif; font-size: small;\">VILLENEUVE D&rsquo;ASCQ<\/span><\/b><br \/>\n<span style=\"font-family: Arial, Helvetica, sans-serif; font-size: small;\">Ma\u00eetrise d&rsquo;ouvrage : SDIS du Nord<br \/>\nMa\u00eetrise d&rsquo;\u0153uvre : Charles Renard, Architecte DPLG<\/span><\/p>\n<p>Bardage RED CEDAR isol\u00e9 \u00e0 profil sur mesure. Deux types de pose \u00e0 modules r\u00e9gnant entre eux :<br \/>\n&#8211; Clin fa\u00e7on faux claire voie \u00e0 module trap\u00e9zo\u00efdal<br \/>\n&#8211; Claire voie \u00e0 module trap\u00e9zo\u00efdal Isolant laine de roche pos\u00e9 en 2 couches crois\u00e9es : \u00e9paisseur 220mm [\/vc_column_text][\/vc_column][\/vc_row][vc_row row_id=\u00a0\u00bbgallery-grosoeuvre\u00a0\u00bb][vc_column width=\u00a0\u00bb1\/2&Prime;][vc_single_image image=\u00a0\u00bb768&Prime; img_size=\u00a0\u00bbfull\u00a0\u00bb alignment=\u00a0\u00bbright\u00a0\u00bb onclick=\u00a0\u00bblink_image\u00a0\u00bb][\/vc_column][vc_column width=\u00a0\u00bb1\/2&Prime;][vc_single_image image=\u00a0\u00bb771&Prime; img_size=\u00a0\u00bbfull\u00a0\u00bb onclick=\u00a0\u00bblink_image\u00a0\u00bb][\/vc_column][\/vc_row][vc_row][vc_column width=\u00a0\u00bb1\/2&Prime;][vc_single_image image=\u00a0\u00bb766&Prime; img_size=\u00a0\u00bbfull\u00a0\u00bb onclick=\u00a0\u00bblink_image\u00a0\u00bb][\/vc_column][vc_column width=\u00a0\u00bb1\/2&Prime;][vc_single_image image=\u00a0\u00bb749&Prime; img_size=\u00a0\u00bbfull\u00a0\u00bb onclick=\u00a0\u00bblink_image\u00a0\u00bb][\/vc_column][\/vc_row][vc_row][vc_column][vc_separator][\/vc_column][\/vc_row][vc_row][vc_column][vc_column_text]<b><\/b><br \/>\n<u><b><span style=\"font-family: Arial, Helvetica, sans-serif; font-size: small;\">Construction de 77 logements, Collectifs et Maisons jumel\u00e9es<\/span><\/b><\/u><br \/>\n<b><span style=\"font-family: Arial, Helvetica, sans-serif; font-size: small;\">BONDUES<\/span><\/b><br \/>\n<span style=\"font-family: Arial, Helvetica, sans-serif; font-size: small;\">Ma\u00eetrise d&rsquo;ouvrage : VILOGIA<br \/>\nMa\u00eetrise d&rsquo;\u0153uvre : Cabinet BOYELDIEU &#8211; DEHAENE<\/span><\/p>\n<p>Bardage m\u00e9l\u00e8ze pr\u00e9-gris\u00e9 sur 2 700 m\u00b2 de fa\u00e7ades ossature primaire en bois.<br \/>\nR\u00e9alisation de l&rsquo;ensemble d&rsquo;\u00e9brasement des menuiseries ext\u00e9rieures en t\u00f4le aluminium laqu\u00e9, y compris bavettes.[\/vc_column_text][\/vc_column][\/vc_row][vc_row row_id=\u00a0\u00bbgallery-grosoeuvre\u00a0\u00bb][vc_column width=\u00a0\u00bb1\/2&Prime;][vc_single_image image=\u00a0\u00bb387&Prime; img_size=\u00a0\u00bbfull\u00a0\u00bb alignment=\u00a0\u00bbright\u00a0\u00bb onclick=\u00a0\u00bblink_image\u00a0\u00bb][\/vc_column][vc_column width=\u00a0\u00bb1\/2&Prime;][vc_single_image image=\u00a0\u00bb388&Prime; img_size=\u00a0\u00bbfull\u00a0\u00bb onclick=\u00a0\u00bblink_image\u00a0\u00bb][\/vc_column][\/vc_row][vc_row][vc_column][vc_separator][\/vc_column][\/vc_row]<\/p>\n","protected":false},"excerpt":{"rendered":"<p>[vc_row][vc_column][vc_column_text]Tommasini Construction dispose au sein de ses \u00e9quipes, de comp\u00e9tences en Ma\u00e7onnerie et Bardage, ce qui lui permet de r\u00e9aliser en &#8230;<\/p>\n","protected":false},"author":1,"featured_media":870,"parent":15,"menu_order":0,"comment_status":"closed","ping_status":"closed","template":"","meta":{"footnotes":""},"_links":{"self":[{"href":"https:\/\/dev.groupe-tommasini.com\/construction\/wp-json\/wp\/v2\/pages\/212"}],"collection":[{"href":"https:\/\/dev.groupe-tommasini.com\/construction\/wp-json\/wp\/v2\/pages"}],"about":[{"href":"https:\/\/dev.groupe-tommasini.com\/construction\/wp-json\/wp\/v2\/types\/page"}],"author":[{"embeddable":true,"href":"https:\/\/dev.groupe-tommasini.com\/construction\/wp-json\/wp\/v2\/users\/1"}],"replies":[{"embeddable":true,"href":"https:\/\/dev.groupe-tommasini.com\/construction\/wp-json\/wp\/v2\/comments?post=212"}],"version-history":[{"count":13,"href":"https:\/\/dev.groupe-tommasini.com\/construction\/wp-json\/wp\/v2\/pages\/212\/revisions"}],"predecessor-version":[{"id":892,"href":"https:\/\/dev.groupe-tommasini.com\/construction\/wp-json\/wp\/v2\/pages\/212\/revisions\/892"}],"up":[{"embeddable":true,"href":"https:\/\/dev.groupe-tommasini.com\/construction\/wp-json\/wp\/v2\/pages\/15"}],"wp:featuredmedia":[{"embeddable":true,"href":"https:\/\/dev.groupe-tommasini.com\/construction\/wp-json\/wp\/v2\/media\/870"}],"wp:attachment":[{"href":"https:\/\/dev.groupe-tommasini.com\/construction\/wp-json\/wp\/v2\/media?parent=212"}],"curies":[{"name":"wp","href":"https:\/\/api.w.org\/{rel}","templated":true}]}}