{"id":220,"date":"2015-12-24T13:56:13","date_gmt":"2015-12-24T12:56:13","guid":{"rendered":"http:\/\/tommasini.microproxy.fr\/construction\/?page_id=220"},"modified":"2016-05-13T12:54:44","modified_gmt":"2016-05-13T11:54:44","slug":"autres-specificites","status":"publish","type":"page","link":"https:\/\/dev.groupe-tommasini.com\/construction\/bardage\/autres-specificites\/","title":{"rendered":"Autres sp\u00e9cificit\u00e9s"},"content":{"rendered":"<p>[vc_row][vc_column][vc_column_text]Tommasini Construction dispose au sein de ses \u00e9quipes, de comp\u00e9tences en Ma\u00e7onnerie et Bardage, ce qui lui permet de r\u00e9aliser en interne l&rsquo;ensemble des ouvrages d&rsquo;une fa\u00e7ade, et ainsi accroitre la qualit\u00e9 de r\u00e9alisation, optimiser les d\u00e9lais de livraison, et \u00e9viter les probl\u00e9matiques d&rsquo;interface entre les lots Gros-\u0152uvre et Bardage.<\/p>\n<p>Les chantiers pr\u00e9sent\u00e9s ci-dessous sont des exemples probants de cette singularit\u00e9.[\/vc_column_text][\/vc_column][\/vc_row][vc_row][vc_column][vc_separator][\/vc_column][\/vc_row][vc_row][vc_column][vc_column_text]<u><b><span style=\"font-family: Arial, Helvetica, sans-serif; font-size: small;\">Reconstruction de la maison de retraite, \u00ab\u00a0Les sept Fontaines\u00a0\u00bb<\/span><\/b><\/u><br \/>\n<b><span style=\"font-family: Arial, Helvetica, sans-serif; font-size: small;\">STEENVOORDE<br \/>\n<\/span><\/b><span style=\"font-family: Arial, Helvetica, sans-serif; font-size: small;\">Ma\u00eetrise d&rsquo;ouvrage : R\u00e9sidence des sept Fontaines<br \/>\nMa\u00eetrise d&rsquo;\u0153uvre : Agence FORM@<\/span><\/p>\n<p>R\u00e9alisation de \u00ab\u00a0pare vue\u00a0\u00bb ou cadres techniques,<br \/>\ny compris conception et ouvrages de plots b\u00e9ton.<\/p>\n<p>200 ml de pare vue en bois m\u00e9l\u00e8ze pr\u00e9 gris\u00e9 DURIEUX sur poteaux m\u00e9talliques galvanis\u00e9s<br \/>\navec portillons d&rsquo;acc\u00e8s.<\/p>\n<p>[\/vc_column_text][\/vc_column][\/vc_row][vc_row][vc_column width=\u00a0\u00bb1\/2&Prime;][vc_single_image image=\u00a0\u00bb875&Prime; img_size=\u00a0\u00bbfull\u00a0\u00bb][\/vc_column][vc_column width=\u00a0\u00bb1\/2&Prime;][vc_single_image image=\u00a0\u00bb876&Prime; img_size=\u00a0\u00bbfull\u00a0\u00bb][\/vc_column][\/vc_row][vc_row][vc_column][vc_single_image image=\u00a0\u00bb717&Prime; img_size=\u00a0\u00bbfull\u00a0\u00bb][\/vc_column][\/vc_row][vc_row][vc_column][vc_separator][\/vc_column][\/vc_row]<\/p>\n","protected":false},"excerpt":{"rendered":"<p>[vc_row][vc_column][vc_column_text]Tommasini Construction dispose au sein de ses \u00e9quipes, de comp\u00e9tences en Ma\u00e7onnerie et Bardage, ce qui lui permet de r\u00e9aliser en &#8230;<\/p>\n","protected":false},"author":1,"featured_media":872,"parent":15,"menu_order":0,"comment_status":"closed","ping_status":"closed","template":"","meta":{"footnotes":""},"_links":{"self":[{"href":"https:\/\/dev.groupe-tommasini.com\/construction\/wp-json\/wp\/v2\/pages\/220"}],"collection":[{"href":"https:\/\/dev.groupe-tommasini.com\/construction\/wp-json\/wp\/v2\/pages"}],"about":[{"href":"https:\/\/dev.groupe-tommasini.com\/construction\/wp-json\/wp\/v2\/types\/page"}],"author":[{"embeddable":true,"href":"https:\/\/dev.groupe-tommasini.com\/construction\/wp-json\/wp\/v2\/users\/1"}],"replies":[{"embeddable":true,"href":"https:\/\/dev.groupe-tommasini.com\/construction\/wp-json\/wp\/v2\/comments?post=220"}],"version-history":[{"count":9,"href":"https:\/\/dev.groupe-tommasini.com\/construction\/wp-json\/wp\/v2\/pages\/220\/revisions"}],"predecessor-version":[{"id":891,"href":"https:\/\/dev.groupe-tommasini.com\/construction\/wp-json\/wp\/v2\/pages\/220\/revisions\/891"}],"up":[{"embeddable":true,"href":"https:\/\/dev.groupe-tommasini.com\/construction\/wp-json\/wp\/v2\/pages\/15"}],"wp:featuredmedia":[{"embeddable":true,"href":"https:\/\/dev.groupe-tommasini.com\/construction\/wp-json\/wp\/v2\/media\/872"}],"wp:attachment":[{"href":"https:\/\/dev.groupe-tommasini.com\/construction\/wp-json\/wp\/v2\/media?parent=220"}],"curies":[{"name":"wp","href":"https:\/\/api.w.org\/{rel}","templated":true}]}}