{"id":511,"date":"2016-03-15T10:50:20","date_gmt":"2016-03-15T09:50:20","guid":{"rendered":"http:\/\/dev.groupe-tommasini.com\/construction\/?page_id=511"},"modified":"2021-07-23T13:14:14","modified_gmt":"2021-07-23T12:14:14","slug":"recrutement","status":"publish","type":"page","link":"https:\/\/dev.groupe-tommasini.com\/construction\/recrutement\/","title":{"rendered":"Recrutement"},"content":{"rendered":"<p>[vc_row][vc_column]\n\t<div class=\"custom-heading wpb_content_element \">\n\t\t<h2 class=\"heading-title\"  style=\"color: #4b4b4b;\">NOS OFFRES<\/h2>\n\t\t<span class=\"heading-line \"style=\"background-color: #e31b21\"><\/span>\n\t<\/div>[\/vc_column][\/vc_row][vc_row][vc_column width=\u00a0\u00bb1\/2&Prime;][vc_column_text]TOMMASINI CONSTRUCTION recrute<\/p>\n<p>des <strong>op\u00e9rateurs d\u00e9samianteurs.<\/strong><\/p>\n<p>Poste \u00e0 temps complet \u00e0 pourvoir en CDI de chantier d\u00e8s que possible.<\/p>\n<p><u>Rattach\u00e9 au Chef de Chantier, il aura comme principales missions de :<\/u><\/p>\n<p>&#8211; Signaler, baliser nos chantiers et effectuer les travaux pr\u00e9paratoires ainsi que le confinement<\/p>\n<p>&#8211; Effectuer la maintenance, l\u2019entretien et le nettoyage de b\u00e2timent ainsi que des t\u00e2ches de d\u00e9molition et\/ou de d\u00e9montage<\/p>\n<p>&#8211; Conditionner et r\u00e9aliser le retrait des pi\u00e8ces amiant\u00e9es et autres d\u00e9chets.<\/p>\n<p>&#8211; Respecter les r\u00e8gles de s\u00e9curit\u00e9 (plan de retrait, port de la combinaison, du masque\u2026)<\/p>\n<p><u>Pre requis<\/u>\u00a0:<\/p>\n<p>Bac pro b\u00e2timent (ou niveau) souhait\u00e9<\/p>\n<p>Exp\u00e9rience souhait\u00e9e<\/p>\n<p>Id\u00e9alement formation amiante<\/p>\n<p>Permis B exig\u00e9<\/p>\n<p>Concernant le profil recherch\u00e9\u00a0:<\/p>\n<ul>\n<li>Rigueur (respect des normes\u2026)<\/li>\n<li>Autonomie<\/li>\n<li>Go\u00fbt du travail en \u00e9quipe<\/li>\n<li>Conscience professionnelle<\/li>\n<\/ul>\n<p>sont des qualit\u00e9s indispensables.<\/p>\n<p>Des d\u00e9placements sont \u00e0 pr\u00e9voir au niveau r\u00e9gional (grands d\u00e9placements \u00e0 la semaine, ou exceptionnellement \u00e0 la quinzaine)<\/p>\n<p>R\u00e9mun\u00e9ration\u00a0: en fonction du profil et de l\u2019exp\u00e9rience.[\/vc_column_text][\/vc_column][vc_column width=\u00a0\u00bb1\/2&Prime;][\/vc_column][\/vc_row][vc_row][vc_column][vc_separator][\/vc_column][\/vc_row][vc_row][vc_column width=\u00a0\u00bb1\/3&Prime;][vc_single_image image=\u00a0\u00bb471&Prime; img_size=\u00a0\u00bbfull\u00a0\u00bb][vc_column_text]<a href=\"http:\/\/dev.groupe-tommasini.com\/construction\/recrutement\/chef-de-chantier\/\">&#8230;<\/a>[\/vc_column_text][\/vc_column][vc_column width=\u00a0\u00bb1\/3&Prime;][\/vc_column][vc_column width=\u00a0\u00bb1\/3&Prime;][\/vc_column][\/vc_row]<\/p>\n","protected":false},"excerpt":{"rendered":"<p>[vc_row][vc_column][\/vc_column][\/vc_row][vc_row][vc_column width=\u00a0\u00bb1\/2&Prime;][vc_column_text]TOMMASINI CONSTRUCTION recrute des op\u00e9rateurs d\u00e9samianteurs. Poste \u00e0 temps complet \u00e0 pourvoir en CDI de chantier d\u00e8s que possible. Rattach\u00e9 &#8230;<\/p>\n","protected":false},"author":1,"featured_media":0,"parent":0,"menu_order":0,"comment_status":"closed","ping_status":"closed","template":"","meta":{"footnotes":""},"_links":{"self":[{"href":"https:\/\/dev.groupe-tommasini.com\/construction\/wp-json\/wp\/v2\/pages\/511"}],"collection":[{"href":"https:\/\/dev.groupe-tommasini.com\/construction\/wp-json\/wp\/v2\/pages"}],"about":[{"href":"https:\/\/dev.groupe-tommasini.com\/construction\/wp-json\/wp\/v2\/types\/page"}],"author":[{"embeddable":true,"href":"https:\/\/dev.groupe-tommasini.com\/construction\/wp-json\/wp\/v2\/users\/1"}],"replies":[{"embeddable":true,"href":"https:\/\/dev.groupe-tommasini.com\/construction\/wp-json\/wp\/v2\/comments?post=511"}],"version-history":[{"count":16,"href":"https:\/\/dev.groupe-tommasini.com\/construction\/wp-json\/wp\/v2\/pages\/511\/revisions"}],"predecessor-version":[{"id":1342,"href":"https:\/\/dev.groupe-tommasini.com\/construction\/wp-json\/wp\/v2\/pages\/511\/revisions\/1342"}],"wp:attachment":[{"href":"https:\/\/dev.groupe-tommasini.com\/construction\/wp-json\/wp\/v2\/media?parent=511"}],"curies":[{"name":"wp","href":"https:\/\/api.w.org\/{rel}","templated":true}]}}