{"id":7,"date":"2015-12-18T10:58:10","date_gmt":"2015-12-18T09:58:10","guid":{"rendered":"http:\/\/tommasini.microproxy.fr\/construction\/?page_id=7"},"modified":"2016-05-12T08:27:43","modified_gmt":"2016-05-12T07:27:43","slug":"presentation","status":"publish","type":"page","link":"https:\/\/dev.groupe-tommasini.com\/construction\/presentation\/","title":{"rendered":"Pr\u00e9sentation"},"content":{"rendered":"<p>[vc_row][vc_column]\n\t<div class=\"custom-heading wpb_content_element \">\n\t\t<h2 class=\"heading-title\"  style=\"color: #4b4b4d;\">QUI SOMMES NOUS ?<\/h2>\n\t\t<span class=\"heading-line \"style=\"background-color: #e31b21\"><\/span>\n\t<\/div>[vc_column_text]<\/p>\n<ul>\n<li>L\u2019entreprise <strong>TOMMASINI CONSTRUCTION<\/strong>, fond\u00e9e en 1922 par le grand p\u00e8re d\u2019Olivier TOMMASINI, est une soci\u00e9t\u00e9 ind\u00e9pendante actuellement compos\u00e9e de 200 salari\u00e9s r\u00e9partis sur deux sites, le si\u00e8ge social bas\u00e9 \u00e0 Aulnoye-Aymeries et l\u2019agence de Lille. Au d\u00e9part, sp\u00e9cialis\u00e9e dans la ma\u00e7onnerie, elle a d\u2019abord d\u00e9velopp\u00e9 ses m\u00e9tiers de base qui sont le gros \u0153uvre et l\u2019entreprise g\u00e9n\u00e9rale, puis s\u2019est sp\u00e9cialis\u00e9e dans le coffrage, le bardage, et le d\u00e9samiantage.<\/li>\n<\/ul>\n<p>[\/vc_column_text][\/vc_column][\/vc_row]<\/p>\n","protected":false},"excerpt":{"rendered":"<p>[vc_row][vc_column][vc_column_text] L\u2019entreprise TOMMASINI CONSTRUCTION, fond\u00e9e en 1922 par le grand p\u00e8re d\u2019Olivier TOMMASINI, est une soci\u00e9t\u00e9 ind\u00e9pendante actuellement compos\u00e9e de 200 &#8230;<\/p>\n","protected":false},"author":1,"featured_media":862,"parent":0,"menu_order":0,"comment_status":"closed","ping_status":"closed","template":"","meta":{"footnotes":""},"_links":{"self":[{"href":"https:\/\/dev.groupe-tommasini.com\/construction\/wp-json\/wp\/v2\/pages\/7"}],"collection":[{"href":"https:\/\/dev.groupe-tommasini.com\/construction\/wp-json\/wp\/v2\/pages"}],"about":[{"href":"https:\/\/dev.groupe-tommasini.com\/construction\/wp-json\/wp\/v2\/types\/page"}],"author":[{"embeddable":true,"href":"https:\/\/dev.groupe-tommasini.com\/construction\/wp-json\/wp\/v2\/users\/1"}],"replies":[{"embeddable":true,"href":"https:\/\/dev.groupe-tommasini.com\/construction\/wp-json\/wp\/v2\/comments?post=7"}],"version-history":[{"count":9,"href":"https:\/\/dev.groupe-tommasini.com\/construction\/wp-json\/wp\/v2\/pages\/7\/revisions"}],"predecessor-version":[{"id":857,"href":"https:\/\/dev.groupe-tommasini.com\/construction\/wp-json\/wp\/v2\/pages\/7\/revisions\/857"}],"wp:featuredmedia":[{"embeddable":true,"href":"https:\/\/dev.groupe-tommasini.com\/construction\/wp-json\/wp\/v2\/media\/862"}],"wp:attachment":[{"href":"https:\/\/dev.groupe-tommasini.com\/construction\/wp-json\/wp\/v2\/media?parent=7"}],"curies":[{"name":"wp","href":"https:\/\/api.w.org\/{rel}","templated":true}]}}