{"id":9,"date":"2015-12-18T10:58:55","date_gmt":"2015-12-18T09:58:55","guid":{"rendered":"http:\/\/tommasini.microproxy.fr\/construction\/?page_id=9"},"modified":"2020-12-09T16:21:26","modified_gmt":"2020-12-09T15:21:26","slug":"gros-oeuvre-et-entreprise-generale","status":"publish","type":"page","link":"https:\/\/dev.groupe-tommasini.com\/construction\/gros-oeuvre-et-entreprise-generale\/","title":{"rendered":"Gros \u0153uvre et entreprise g\u00e9n\u00e9rale"},"content":{"rendered":"<p>[vc_row row_id=\u00a0\u00bbgallery-grosoeuvre\u00a0\u00bb][vc_column width=\u00a0\u00bb1\/3&Prime;][vc_single_image image=\u00a0\u00bb675&Prime; img_size=\u00a0\u00bbfull\u00a0\u00bb onclick=\u00a0\u00bbcustom_link\u00a0\u00bb title=\u00a0\u00bbScolaires et Sportifs\u00a0\u00bb link=\u00a0\u00bbhttp:\/\/dev.groupe-tommasini.com\/construction\/gros-oeuvre-et-entreprise-generale\/scolairessportifs\/\u00a0\u00bb][\/vc_column][vc_column width=\u00a0\u00bb1\/3&Prime;][vc_single_image image=\u00a0\u00bb1007&Prime; img_size=\u00a0\u00bbfull\u00a0\u00bb onclick=\u00a0\u00bbcustom_link\u00a0\u00bb title=\u00a0\u00bbLogements\u00a0\u00bb link=\u00a0\u00bbhttp:\/\/dev.groupe-tommasini.com\/construction\/gros-oeuvre-et-entreprise-generale\/logements\/\u00a0\u00bb][\/vc_column][vc_column width=\u00a0\u00bb1\/3&Prime;][vc_single_image image=\u00a0\u00bb1041&Prime; img_size=\u00a0\u00bbfull\u00a0\u00bb onclick=\u00a0\u00bbcustom_link\u00a0\u00bb title=\u00a0\u00bbBureaux &#8211; Commerces &#8211; Hotels\u00a0\u00bb link=\u00a0\u00bbhttp:\/\/dev.groupe-tommasini.com\/construction\/gros-oeuvre-et-entreprise-generale\/hotels\/\u00a0\u00bb][\/vc_column][\/vc_row][vc_row][vc_column width=\u00a0\u00bb1\/3&Prime;][vc_single_image image=\u00a0\u00bb717&Prime; img_size=\u00a0\u00bbfull\u00a0\u00bb onclick=\u00a0\u00bbcustom_link\u00a0\u00bb title=\u00a0\u00bbHospitalier-Ehpads-RSS\u00a0\u00bb link=\u00a0\u00bbhttp:\/\/dev.groupe-tommasini.com\/construction\/gros-oeuvre-et-entreprise-generale\/hospitaliers\/\u00a0\u00bb][\/vc_column][vc_column width=\u00a0\u00bb1\/3&Prime;][vc_single_image image=\u00a0\u00bb971&Prime; img_size=\u00a0\u00bbfull\u00a0\u00bb onclick=\u00a0\u00bbcustom_link\u00a0\u00bb title=\u00a0\u00bbFonctionnels\u00a0\u00bb link=\u00a0\u00bbhttp:\/\/dev.groupe-tommasini.com\/construction\/gros-oeuvre-et-entreprise-generale\/fonctionnels\/\u00a0\u00bb][\/vc_column][vc_column width=\u00a0\u00bb1\/3&Prime;][vc_single_image image=\u00a0\u00bb940&Prime; img_size=\u00a0\u00bbfull\u00a0\u00bb onclick=\u00a0\u00bbcustom_link\u00a0\u00bb title=\u00a0\u00bbMus\u00e9es\u00a0\u00bb link=\u00a0\u00bbhttp:\/\/dev.groupe-tommasini.com\/construction\/gros-oeuvre-et-entreprise-generale\/autres\/\u00a0\u00bb][\/vc_column][\/vc_row][vc_row][vc_column width=\u00a0\u00bb1\/3&Prime;][vc_single_image image=\u00a0\u00bb440&Prime; img_size=\u00a0\u00bbfull\u00a0\u00bb onclick=\u00a0\u00bbcustom_link\u00a0\u00bb title=\u00a0\u00bbB\u00e9tons Architectoniques\u00a0\u00bb link=\u00a0\u00bbhttp:\/\/dev.groupe-tommasini.com\/construction\/gros-oeuvre-et-entreprise-generale\/voiles-betons-matrices\/\u00a0\u00bb][\/vc_column][vc_column width=\u00a0\u00bb1\/3&Prime;][\/vc_column][vc_column width=\u00a0\u00bb1\/3&Prime;][\/vc_column][\/vc_row]<\/p>\n","protected":false},"excerpt":{"rendered":"<p>[vc_row row_id=\u00a0\u00bbgallery-grosoeuvre\u00a0\u00bb][vc_column width=\u00a0\u00bb1\/3&Prime;][vc_single_image image=\u00a0\u00bb675&Prime; img_size=\u00a0\u00bbfull\u00a0\u00bb onclick=\u00a0\u00bbcustom_link\u00a0\u00bb title=\u00a0\u00bbScolaires et Sportifs\u00a0\u00bb link=\u00a0\u00bbhttp:\/\/dev.groupe-tommasini.com\/construction\/gros-oeuvre-et-entreprise-generale\/scolairessportifs\/\u00a0\u00bb][\/vc_column][vc_column width=\u00a0\u00bb1\/3&Prime;][vc_single_image image=\u00a0\u00bb1007&Prime; img_size=\u00a0\u00bbfull\u00a0\u00bb onclick=\u00a0\u00bbcustom_link\u00a0\u00bb title=\u00a0\u00bbLogements\u00a0\u00bb link=\u00a0\u00bbhttp:\/\/dev.groupe-tommasini.com\/construction\/gros-oeuvre-et-entreprise-generale\/logements\/\u00a0\u00bb][\/vc_column][vc_column width=\u00a0\u00bb1\/3&Prime;][vc_single_image image=\u00a0\u00bb1041&Prime; img_size=\u00a0\u00bbfull\u00a0\u00bb onclick=\u00a0\u00bbcustom_link\u00a0\u00bb title=\u00a0\u00bbBureaux &#8230;<\/p>\n","protected":false},"author":1,"featured_media":863,"parent":0,"menu_order":0,"comment_status":"closed","ping_status":"closed","template":"","meta":{"footnotes":""},"_links":{"self":[{"href":"https:\/\/dev.groupe-tommasini.com\/construction\/wp-json\/wp\/v2\/pages\/9"}],"collection":[{"href":"https:\/\/dev.groupe-tommasini.com\/construction\/wp-json\/wp\/v2\/pages"}],"about":[{"href":"https:\/\/dev.groupe-tommasini.com\/construction\/wp-json\/wp\/v2\/types\/page"}],"author":[{"embeddable":true,"href":"https:\/\/dev.groupe-tommasini.com\/construction\/wp-json\/wp\/v2\/users\/1"}],"replies":[{"embeddable":true,"href":"https:\/\/dev.groupe-tommasini.com\/construction\/wp-json\/wp\/v2\/comments?post=9"}],"version-history":[{"count":31,"href":"https:\/\/dev.groupe-tommasini.com\/construction\/wp-json\/wp\/v2\/pages\/9\/revisions"}],"predecessor-version":[{"id":1269,"href":"https:\/\/dev.groupe-tommasini.com\/construction\/wp-json\/wp\/v2\/pages\/9\/revisions\/1269"}],"wp:featuredmedia":[{"embeddable":true,"href":"https:\/\/dev.groupe-tommasini.com\/construction\/wp-json\/wp\/v2\/media\/863"}],"wp:attachment":[{"href":"https:\/\/dev.groupe-tommasini.com\/construction\/wp-json\/wp\/v2\/media?parent=9"}],"curies":[{"name":"wp","href":"https:\/\/api.w.org\/{rel}","templated":true}]}}