{"id":991,"date":"2018-02-27T17:10:27","date_gmt":"2018-02-27T16:10:27","guid":{"rendered":"http:\/\/dev.groupe-tommasini.com\/construction\/?page_id=991"},"modified":"2021-02-15T10:59:44","modified_gmt":"2021-02-15T09:59:44","slug":"hotels","status":"publish","type":"page","link":"https:\/\/dev.groupe-tommasini.com\/construction\/gros-oeuvre-et-entreprise-generale\/hotels\/","title":{"rendered":"Bureaux &#8211; Commerces &#8211; H\u00f4tels"},"content":{"rendered":"<p>[vc_row][vc_column width=\u00a0\u00bb1\/2&Prime;][vc_single_image image=\u00a0\u00bb1296&Prime; img_size=\u00a0\u00bbfull\u00a0\u00bb alignment=\u00a0\u00bbcenter\u00a0\u00bb onclick=\u00a0\u00bblink_image\u00a0\u00bb][\/vc_column][vc_column width=\u00a0\u00bb1\/2&Prime;][vc_column_text]<u><b>Construction de 4 immeubles de bureaux \u00e0 Villeneuve d&rsquo;Ascq<br \/>\n<\/b><\/u><b><br \/>\nGros oeuvre<\/b> pour un montant de 1,9 M\u20ac<\/p>\n<p>Ma\u00eetrise d&rsquo;ouvrage : SCI LES GENETS<br \/>\nMa\u00eetrise d&rsquo;\u0153uvre : Antoine KUBIAK Architecte[\/vc_column_text][\/vc_column][\/vc_row][vc_row][vc_column width=\u00a0\u00bb1\/2&Prime;][vc_single_image image=\u00a0\u00bb1295&Prime; img_size=\u00a0\u00bbfull\u00a0\u00bb alignment=\u00a0\u00bbcenter\u00a0\u00bb onclick=\u00a0\u00bblink_image\u00a0\u00bb][\/vc_column][vc_column width=\u00a0\u00bb1\/2&Prime;][vc_column_text]<u><b>Construction d&rsquo;un restaurant sur l&rsquo;eau, Le REST&rsquo;EAU \u00e0 Villeneuve d&rsquo;Ascq<br \/>\n<\/b><\/u><b><br \/>\nGros oeuvre<\/b> pour un montant de 270 000 Euros<\/p>\n<p>Ma\u00eetrise d&rsquo;ouvrage : A &amp; T COMMERCES<br \/>\nMa\u00eetrise d&rsquo;\u0153uvre : Agence MAES[\/vc_column_text][\/vc_column][\/vc_row][vc_row][vc_column width=\u00a0\u00bb1\/2&Prime;][vc_single_image image=\u00a0\u00bb1294&Prime; img_size=\u00a0\u00bbfull\u00a0\u00bb alignment=\u00a0\u00bbcenter\u00a0\u00bb onclick=\u00a0\u00bblink_image\u00a0\u00bb][\/vc_column][vc_column width=\u00a0\u00bb1\/2&Prime;][vc_column_text]<u><b>Construction d&rsquo;un magasin LIDL \u00e0 Jeumont<br \/>\n<\/b><\/u><b><br \/>\nGros oeuvre<\/b> pour un montant de 774 000 Euros<\/p>\n<p>Ma\u00eetrise d&rsquo;ouvrage : LIDL<br \/>\nMa\u00eetrise d&rsquo;\u0153uvre : FABRIK Architectes[\/vc_column_text][\/vc_column][\/vc_row][vc_row][vc_column width=\u00a0\u00bb1\/2&Prime;][vc_single_image image=\u00a0\u00bb1293&Prime; img_size=\u00a0\u00bbfull\u00a0\u00bb alignment=\u00a0\u00bbcenter\u00a0\u00bb onclick=\u00a0\u00bblink_image\u00a0\u00bb][\/vc_column][vc_column width=\u00a0\u00bb1\/2&Prime;][vc_column_text]<u><b>Construction d&rsquo;un immeuble de bureaux,\u00a0 Absys Cyborg \u00e0 Villeneuve d&rsquo;Ascq<br \/>\n<\/b><\/u><b><br \/>\nGros oeuvre<\/b> pour un montant de 762 000 Euros<\/p>\n<p>Ma\u00eetrise d&rsquo;ouvrage : Tereneo<br \/>\nMa\u00eetrise d&rsquo;\u0153uvre : Tereneo[\/vc_column_text][\/vc_column][\/vc_row][vc_row][vc_column width=\u00a0\u00bb1\/2&Prime;][vc_single_image image=\u00a0\u00bb1117&Prime; img_size=\u00a0\u00bbfull\u00a0\u00bb onclick=\u00a0\u00bblink_image\u00a0\u00bb][\/vc_column][vc_column width=\u00a0\u00bb1\/2&Prime;][vc_column_text]<u><b>Transformation\u00a0d&rsquo;un b\u00e2timent industriel,<br \/>\n<\/b><\/u><b><u>en\u00a0immeuble de bureaux, Euratechnologies \u00e0 Lille\u00a0<\/u><\/b><\/p>\n<p><b>Gros oeuvre<\/b> pour un montant de 1,2 M\u20ac<\/p>\n<p>Ma\u00eetrise d&rsquo;ouvrage : SORELI<br \/>\nMa\u00eetrise d&rsquo;\u0153uvre : ATELIER CANAL[\/vc_column_text][\/vc_column][\/vc_row][vc_row][vc_column width=\u00a0\u00bb1\/2&Prime;][vc_single_image image=\u00a0\u00bb1031&Prime; img_size=\u00a0\u00bbfull\u00a0\u00bb onclick=\u00a0\u00bblink_image\u00a0\u00bb][\/vc_column][vc_column width=\u00a0\u00bb1\/2&Prime;][vc_column_text]<u><b>Construction d&rsquo;un immeuble de bureaux, si\u00e8ge Kiloutou \u00e0 Marcq-en-Baroeul<br \/>\n<\/b><\/u><b><br \/>\nGros oeuvre<\/b> pour un montant de 1,2 M\u20ac<\/p>\n<p>Ma\u00eetrise d&rsquo;ouvrage : Tereneo<br \/>\nMa\u00eetrise d&rsquo;ouvrage d\u00e9l\u00e9gu\u00e9\u00a0: IRD<br \/>\nMa\u00eetrise d&rsquo;\u0153uvre : JVC Architecture[\/vc_column_text][\/vc_column][\/vc_row][vc_row][vc_column width=\u00a0\u00bb1\/2&Prime;][vc_single_image image=\u00a0\u00bb1033&Prime; img_size=\u00a0\u00bbfull\u00a0\u00bb onclick=\u00a0\u00bblink_image\u00a0\u00bb][\/vc_column][vc_column width=\u00a0\u00bb1\/2&Prime;][vc_column_text]<u><b>Travaux d&rsquo;infrastructure pour la r\u00e9alisation de bureaux (Daxon)\u00a0\u00e0 Villeneuve d&rsquo;Ascq<br \/>\n<\/b><\/u><b><br \/>\nGros oeuvre<\/b> pour un montant de\u00a0615 000 Euros<u><b><\/b><\/u><\/p>\n<p>Ma\u00eetrise d&rsquo;ouvrage : Tereneo<br \/>\nMa\u00eetrise d&rsquo;ouvrage d\u00e9l\u00e9gu\u00e9\u00a0: IRD<br \/>\nMa\u00eetrise d&rsquo;\u0153uvre : Atelier 2F[\/vc_column_text][\/vc_column][\/vc_row][vc_row][vc_column width=\u00a0\u00bb1\/2&Prime;][vc_single_image image=\u00a0\u00bb1073&Prime; img_size=\u00a0\u00bbfull\u00a0\u00bb onclick=\u00a0\u00bblink_image\u00a0\u00bb][\/vc_column][vc_column width=\u00a0\u00bb1\/2&Prime;][vc_column_text]<u><b>Construction de l&rsquo;immeuble de bureaux LINK \u00e0 Tourcoing<br \/>\n<\/b><\/u><b><br \/>\nGros oeuvre \u00e9tendu<\/b> pour un montant de 1,6 M\u20ac<\/p>\n<p>Ma\u00eetrise d&rsquo;ouvrage : SEM Ville Renouvel\u00e9e<br \/>\nMa\u00eetrise d&rsquo;oeuvre\u00a0: CHIANI &#8211; CHAPPEY ARCHITECTES[\/vc_column_text][\/vc_column][\/vc_row][vc_row][vc_column width=\u00a0\u00bb1\/2&Prime;][vc_single_image image=\u00a0\u00bb1041&Prime; img_size=\u00a0\u00bbfull\u00a0\u00bb onclick=\u00a0\u00bblink_image\u00a0\u00bb][\/vc_column][vc_column width=\u00a0\u00bb1\/2&Prime;][vc_column_text]<u><b>Construction de bureaux\u00a0et commerces\u00a0\u00e0 La Madeleine<br \/>\n<\/b><\/u><b><br \/>\nGros oeuvre<\/b> pour un montant de 3,6 M\u20ac<\/p>\n<p>Ma\u00eetrise d&rsquo;ouvrage : PROMOGIM<br \/>\nMa\u00eetrise d&rsquo;oeuvre\u00a0: Fabrice Dusapin[\/vc_column_text][\/vc_column][\/vc_row][vc_row][vc_column width=\u00a0\u00bb1\/2&Prime;][vc_single_image image=\u00a0\u00bb1113&Prime; img_size=\u00a0\u00bbfull\u00a0\u00bb onclick=\u00a0\u00bblink_image\u00a0\u00bb][\/vc_column][vc_column width=\u00a0\u00bb1\/2&Prime;][vc_column_text]<u><b>Construction d&rsquo;un magasin LIDL \u00e0 Bachant<br \/>\n<\/b><\/u><b><br \/>\nGros oeuvre<\/b> pour un montant de 916 000 Mille Euros<\/p>\n<p>Ma\u00eetrise d&rsquo;ouvrage : LIDL<br \/>\nMa\u00eetrise d&rsquo;oeuvre\u00a0: Cabinet EURIN[\/vc_column_text][\/vc_column][\/vc_row][vc_row][vc_column width=\u00a0\u00bb1\/2&Prime;][vc_single_image image=\u00a0\u00bb1053&Prime; img_size=\u00a0\u00bbfull\u00a0\u00bb onclick=\u00a0\u00bblink_image\u00a0\u00bb][\/vc_column][vc_column width=\u00a0\u00bb1\/2&Prime;][vc_column_text]<u><b>Construction d&rsquo;un laboratoire d&rsquo;analyses m\u00e9dicales \u00e0 Fourmies<br \/>\n<\/b><\/u><b><br \/>\nGros oeuvre \u00e9tendu<\/b> pour un montant de 766 000 Euros<\/p>\n<p>Ma\u00eetrise d&rsquo;ouvrage : SCI BF IMMO<br \/>\nMa\u00eetrise d&rsquo;oeuvre\u00a0: SCP D&rsquo;ARCHITECTURE KELLER[\/vc_column_text][\/vc_column][\/vc_row][vc_row][vc_column width=\u00a0\u00bb1\/2&Prime;][vc_single_image image=\u00a0\u00bb304&Prime; img_size=\u00a0\u00bbfull\u00a0\u00bb onclick=\u00a0\u00bblink_image\u00a0\u00bb][\/vc_column][vc_column width=\u00a0\u00bb1\/2&Prime;][vc_column_text]<u><b>Construction d&rsquo;un Hotel IBIS \u00e0 Maubeuge<\/b><\/u><br \/>\n<b><\/b><\/p>\n<p><b>Gros oeuvre<\/b> pour un montant de 1,3 M\u20ac<\/p>\n<p>Ma\u00eetrise d&rsquo;ouvrage : M.C.G.<br \/>\nMa\u00eetrise d&rsquo;\u0153uvre : LRD Architectes[\/vc_column_text][\/vc_column][\/vc_row][vc_row][vc_column width=\u00a0\u00bb1\/2&Prime;][vc_single_image image=\u00a0\u00bb306&Prime; img_size=\u00a0\u00bbfull\u00a0\u00bb onclick=\u00a0\u00bblink_image\u00a0\u00bb][\/vc_column][vc_column width=\u00a0\u00bb1\/2&Prime;][vc_column_text]<u><b>Construction de l&rsquo;hotel du Casino<br \/>\n\u00e0 Saint-Amand-les-eaux<\/b><\/u><\/p>\n<p><b>Gros oeuvre<\/b>\u00a0pour un montant de 2,7 M\u20ac<\/p>\n<p>Ma\u00eetrise d&rsquo;ouvrage : SA Casino de Saint-Amand-les-eaux<br \/>\nMa\u00eetrise d&rsquo;\u0153uvre : Cabinet Duval &#8211; Raynal[\/vc_column_text][\/vc_column][\/vc_row]<\/p>\n","protected":false},"excerpt":{"rendered":"<p>[vc_row][vc_column width=\u00a0\u00bb1\/2&Prime;][vc_single_image image=\u00a0\u00bb1296&Prime; img_size=\u00a0\u00bbfull\u00a0\u00bb alignment=\u00a0\u00bbcenter\u00a0\u00bb onclick=\u00a0\u00bblink_image\u00a0\u00bb][\/vc_column][vc_column width=\u00a0\u00bb1\/2&Prime;][vc_column_text]Construction de 4 immeubles de bureaux \u00e0 Villeneuve d&rsquo;Ascq Gros oeuvre pour un montant de &#8230;<\/p>\n","protected":false},"author":1,"featured_media":1036,"parent":9,"menu_order":0,"comment_status":"closed","ping_status":"closed","template":"","meta":{"footnotes":""},"_links":{"self":[{"href":"https:\/\/dev.groupe-tommasini.com\/construction\/wp-json\/wp\/v2\/pages\/991"}],"collection":[{"href":"https:\/\/dev.groupe-tommasini.com\/construction\/wp-json\/wp\/v2\/pages"}],"about":[{"href":"https:\/\/dev.groupe-tommasini.com\/construction\/wp-json\/wp\/v2\/types\/page"}],"author":[{"embeddable":true,"href":"https:\/\/dev.groupe-tommasini.com\/construction\/wp-json\/wp\/v2\/users\/1"}],"replies":[{"embeddable":true,"href":"https:\/\/dev.groupe-tommasini.com\/construction\/wp-json\/wp\/v2\/comments?post=991"}],"version-history":[{"count":28,"href":"https:\/\/dev.groupe-tommasini.com\/construction\/wp-json\/wp\/v2\/pages\/991\/revisions"}],"predecessor-version":[{"id":1314,"href":"https:\/\/dev.groupe-tommasini.com\/construction\/wp-json\/wp\/v2\/pages\/991\/revisions\/1314"}],"up":[{"embeddable":true,"href":"https:\/\/dev.groupe-tommasini.com\/construction\/wp-json\/wp\/v2\/pages\/9"}],"wp:featuredmedia":[{"embeddable":true,"href":"https:\/\/dev.groupe-tommasini.com\/construction\/wp-json\/wp\/v2\/media\/1036"}],"wp:attachment":[{"href":"https:\/\/dev.groupe-tommasini.com\/construction\/wp-json\/wp\/v2\/media?parent=991"}],"curies":[{"name":"wp","href":"https:\/\/api.w.org\/{rel}","templated":true}]}}