{"id":1840,"date":"2023-10-10T15:49:01","date_gmt":"2023-10-10T14:49:01","guid":{"rendered":"https:\/\/dev.groupe-tommasini.com\/dubois-couvertures\/?page_id=1840"},"modified":"2023-10-26T15:02:59","modified_gmt":"2023-10-26T14:02:59","slug":"contact","status":"publish","type":"page","link":"https:\/\/dev.groupe-tommasini.com\/dubois-couvertures\/contact\/","title":{"rendered":"Contact"},"content":{"rendered":"<p>[vc_row full_width=\u00a0\u00bbstretch_row_content_no_spaces\u00a0\u00bb][vc_column][vc_single_image image=\u00a0\u00bb1992&Prime; img_size=\u00a0\u00bbfull\u00a0\u00bb alignment=\u00a0\u00bbcenter\u00a0\u00bb][vc_text_separator title=\u00a0\u00bbNOUS SITUER\u00a0\u00bb i_icon_fontawesome=\u00a0\u00bbfas fa-map-marker-alt\u00a0\u00bb i_color=\u00a0\u00bbcustom\u00a0\u00bb i_background_style=\u00a0\u00bbrounded-outline\u00a0\u00bb i_size=\u00a0\u00bblg\u00a0\u00bb color=\u00a0\u00bbblack\u00a0\u00bb el_width=\u00a0\u00bb80&Prime; add_icon=\u00a0\u00bbtrue\u00a0\u00bb i_custom_color=\u00a0\u00bb#316a30&Prime;][\/vc_column][\/vc_row][vc_row full_width=\u00a0\u00bbstretch_row_content\u00a0\u00bb][vc_column][vc_gmaps link=\u00a0\u00bb#E-8_JTNDaWZyYW1lJTIwc3JjJTNEJTIyaHR0cHMlM0ElMkYlMkZ3d3cuZ29vZ2xlLmNvbSUyRm1hcHMlMkZlbWJlZCUzRnBiJTNEJTIxMW0xOCUyMTFtMTIlMjExbTMlMjExZDIxMjUuNDkxNDgwNjM4NDkyJTIxMmQyLjg0Mjc1MDgwMzgwMzAzMzYlMjEzZDUwLjY4OTMyODk4MzQ3NDMyJTIxMm0zJTIxMWYwJTIxMmYwJTIxM2YwJTIxM20yJTIxMWkxMDI0JTIxMmk3NjglMjE0ZjEzLjElMjEzbTMlMjExbTIlMjExczB4NDdkY2Q2MDlhYWNjYzc1OSUyNTNBMHgxNTIwMDg1OWI0YjM4MjglMjEyc0R1Ym9pcyUyNTIwQ291dmVydHVyZXMlMjE1ZTAlMjEzbTIlMjExc2ZyJTIxMnNmciUyMTR2MTY5ODMxMDM1NzYwMyUyMTVtMiUyMTFzZnIlMjEyc2ZyJTIyJTIwd2lkdGglM0QlMjI2MDAlMjIlMjBoZWlnaHQlM0QlMjI0NTAlMjIlMjBzdHlsZSUzRCUyMmJvcmRlciUzQTAlM0IlMjIlMjBhbGxvd2Z1bGxzY3JlZW4lM0QlMjIlMjIlMjBsb2FkaW5nJTNEJTIybGF6eSUyMiUyMHJlZmVycmVycG9saWN5JTNEJTIybm8tcmVmZXJyZXItd2hlbi1kb3duZ3JhZGUlMjIlM0UlM0MlMkZpZnJhbWUlM0U=\u00a0\u00bb][vc_text_separator title=\u00a0\u00bbNOUS CONTACTER\u00a0\u00bb i_icon_fontawesome=\u00a0\u00bbfas fa-phone-alt\u00a0\u00bb i_color=\u00a0\u00bbcustom\u00a0\u00bb i_background_style=\u00a0\u00bbrounded-outline\u00a0\u00bb color=\u00a0\u00bbcustom\u00a0\u00bb el_width=\u00a0\u00bb80&Prime; add_icon=\u00a0\u00bbtrue\u00a0\u00bb i_custom_color=\u00a0\u00bb#316a30&Prime; accent_color=\u00a0\u00bb#000000&Prime;][vc_row_inner equal_height=\u00a0\u00bbyes\u00a0\u00bb css=\u00a0\u00bb.vc_custom_1698324760821{border-radius: 1px !important;}\u00a0\u00bb][vc_column_inner width=\u00a0\u00bb1\/4&Prime; css=\u00a0\u00bb.vc_custom_1698323603158{background-color: #c4bc05 !important;}\u00a0\u00bb][vc_custom_heading text=\u00a0\u00bbEntreprise r\u00e9gionale cr\u00e9\u00e9e en 1948 \u00e0 Estaires\u00a0\u00bb font_container=\u00a0\u00bbtag:h1|text_align:left|color:%23ffffff\u00a0\u00bb][vc_empty_space height=\u00a0\u00bb50&Prime;][vc_column_text]<\/p>\n<h5><\/h5>\n<h5><\/h5>\n<h5><\/h5>\n<h5>L\u2019exp\u00e9rience d\u2019un professionnel de la couverture \u00e0 votre service<br \/>\nEntreprise r\u00e9gionale cr\u00e9\u00e9e en 1948 \u00e0 Estaires, implant\u00e9e \u00e0 Nieppe depuis 20 ans,<br \/>\nla soci\u00e9t\u00e9 Dubois Couvertures d\u00e9veloppe son activit\u00e9 autour des domaines suivants :<\/h5>\n<h5><strong>Couverture \u2013 Zinguerie \u2013 Etanch\u00e9it\u00e9 \u2013 Bardage<\/strong><\/h5>\n<h5>V\u00e9ritable strat\u00e9gie de l\u2019entreprise, la comp\u00e9tence de ses \u00e9quipes dynamiques et form\u00e9es en permanence aux nouvelles technologies,lui permet de r\u00e9pondre aux march\u00e9s les plus exigeants. La rel\u00e8ve au travers de la formation des jeunes, contrat d\u2019apprentissage,<br \/>\ncontrat de professionalisation, mention compl\u00e9mentaire, \u00e9volution des comp\u00e9tences d\u00e9cel\u00e9es\u2026<\/h5>\n<p>[\/vc_column_text][\/vc_column_inner][vc_column_inner width=\u00a0\u00bb1\/2&Prime;][vc_empty_space][vc_custom_heading text=\u00a0\u00bbFormulaire de contact\u00a0\u00bb font_container=\u00a0\u00bbtag:h5|font_size:25|text_align:center\u00a0\u00bb use_theme_fonts=\u00a0\u00bbyes\u00a0\u00bb][vc_empty_space]\n<div class=\"wpcf7 no-js\" id=\"wpcf7-f1987-o1\" lang=\"fr-FR\" dir=\"ltr\">\n<div class=\"screen-reader-response\"><p role=\"status\" aria-live=\"polite\" aria-atomic=\"true\"><\/p> <ul><\/ul><\/div>\n<form action=\"\/dubois-couvertures\/wp-json\/wp\/v2\/pages\/1840#wpcf7-f1987-o1\" method=\"post\" class=\"wpcf7-form init\" aria-label=\"Formulaire de contact\" novalidate=\"novalidate\" data-status=\"init\">\n<div style=\"display: none;\">\n<input type=\"hidden\" name=\"_wpcf7\" value=\"1987\" \/>\n<input type=\"hidden\" name=\"_wpcf7_version\" value=\"5.8.2\" \/>\n<input type=\"hidden\" name=\"_wpcf7_locale\" value=\"fr_FR\" \/>\n<input type=\"hidden\" name=\"_wpcf7_unit_tag\" value=\"wpcf7-f1987-o1\" \/>\n<input type=\"hidden\" name=\"_wpcf7_container_post\" value=\"0\" \/>\n<input type=\"hidden\" name=\"_wpcf7_posted_data_hash\" value=\"\" \/>\n<\/div>\n<p><label> Votre nom<br \/>\n<span class=\"wpcf7-form-control-wrap\" data-name=\"your-name\"><input size=\"40\" class=\"wpcf7-form-control wpcf7-text wpcf7-validates-as-required\" autocomplete=\"name\" aria-required=\"true\" aria-invalid=\"false\" value=\"\" type=\"text\" name=\"your-name\" \/><\/span> <\/label>\n<\/p>\n<p><label> Votre e-mail<br \/>\n<span class=\"wpcf7-form-control-wrap\" data-name=\"your-email\"><input size=\"40\" class=\"wpcf7-form-control wpcf7-email wpcf7-validates-as-required wpcf7-text wpcf7-validates-as-email\" autocomplete=\"email\" aria-required=\"true\" aria-invalid=\"false\" value=\"\" type=\"email\" name=\"your-email\" \/><\/span> <\/label>\n<\/p>\n<p><label> Objet<br \/>\n<span class=\"wpcf7-form-control-wrap\" data-name=\"your-subject\"><input size=\"40\" class=\"wpcf7-form-control wpcf7-text wpcf7-validates-as-required\" aria-required=\"true\" aria-invalid=\"false\" value=\"\" type=\"text\" name=\"your-subject\" \/><\/span> <\/label>\n<\/p>\n<p><label> Votre message (facultatif)<br \/>\n<span class=\"wpcf7-form-control-wrap\" data-name=\"your-message\"><textarea cols=\"40\" rows=\"10\" class=\"wpcf7-form-control wpcf7-textarea\" aria-invalid=\"false\" name=\"your-message\"><\/textarea><\/span> <\/label>\n<\/p>\n<p><input class=\"wpcf7-form-control wpcf7-submit has-spinner\" type=\"submit\" value=\"Envoyer\" \/>\n<\/p><div class=\"wpcf7-response-output\" aria-hidden=\"true\"><\/div>\n<\/form>\n<\/div>\n[\/vc_column_inner][vc_column_inner width=\u00a0\u00bb1\/4&Prime; css=\u00a0\u00bb.vc_custom_1698325146220{margin-left: 0px !important;border-top-width: 1px !important;border-right-width: 1px !important;border-bottom-width: 1px !important;border-left-width: 1px !important;padding-top: 0px !important;border-left-color: #c4bc05 !important;border-left-style: solid !important;border-right-color: #c4bc05 !important;border-right-style: solid !important;border-top-color: #c4bc05 !important;border-top-style: solid !important;border-bottom-color: #c4bc05 !important;border-bottom-style: solid !important;}\u00a0\u00bb][vc_empty_space height=\u00a0\u00bb100&Prime;][vc_single_image image=\u00a0\u00bb2029&Prime; img_size=\u00a0\u00bbmedium\u00a0\u00bb alignment=\u00a0\u00bbcenter\u00a0\u00bb onclick=\u00a0\u00bbcustom_link\u00a0\u00bb img_link_target=\u00a0\u00bb_blank\u00a0\u00bb link=\u00a0\u00bbhttps:\/\/www.groupe-tommasini.com\/\u00a0\u00bb][vc_column_text]<\/p>\n<h5 style=\"text-align: center;\">Le Groupe TOMMASINI est un ensemble de soci\u00e9t\u00e9s regroupant environ 280 salari\u00e9s dont l\u2019activit\u00e9 s\u2019exerce dans la construction et l\u2019immobilier.<\/h5>\n<p>[\/vc_column_text][vc_empty_space height=\u00a0\u00bb50&Prime;][vc_single_image image=\u00a0\u00bb2027&Prime; img_size=\u00a0\u00bbmedium\u00a0\u00bb alignment=\u00a0\u00bbcenter\u00a0\u00bb onclick=\u00a0\u00bbcustom_link\u00a0\u00bb img_link_target=\u00a0\u00bb_blank\u00a0\u00bb link=\u00a0\u00bbhttps:\/\/www.groupe-tommasini.com\/construction\/\u00a0\u00bb][vc_single_image image=\u00a0\u00bb2028&Prime; img_size=\u00a0\u00bbmedium\u00a0\u00bb alignment=\u00a0\u00bbcenter\u00a0\u00bb onclick=\u00a0\u00bbcustom_link\u00a0\u00bb img_link_target=\u00a0\u00bb_blank\u00a0\u00bb link=\u00a0\u00bbhttps:\/\/www.groupe-tommasini.com\/menuiserie\/\u00a0\u00bb][vc_single_image image=\u00a0\u00bb611&Prime; img_size=\u00a0\u00bbmedium\u00a0\u00bb alignment=\u00a0\u00bbcenter\u00a0\u00bb onclick=\u00a0\u00bbcustom_link\u00a0\u00bb img_link_target=\u00a0\u00bb_blank\u00a0\u00bb link=\u00a0\u00bbhttps:\/\/www.groupe-tommasini.com\/dubois-couvertures\/\u00a0\u00bb][vc_single_image image=\u00a0\u00bb2026&Prime; img_size=\u00a0\u00bbmedium\u00a0\u00bb alignment=\u00a0\u00bbcenter\u00a0\u00bb onclick=\u00a0\u00bbcustom_link\u00a0\u00bb img_link_target=\u00a0\u00bb_blank\u00a0\u00bb link=\u00a0\u00bbhttps:\/\/dubois-promotion.fr\/\u00a0\u00bb][\/vc_column_inner][\/vc_row_inner][vc_empty_space height=\u00a0\u00bb20&Prime;][\/vc_column][\/vc_row][vc_row full_width=\u00a0\u00bbstretch_row_content\u00a0\u00bb equal_height=\u00a0\u00bbyes\u00a0\u00bb css=\u00a0\u00bb.vc_custom_1698328346956{background-color: #c4bc05 !important;}\u00a0\u00bb][vc_column width=\u00a0\u00bb1\/5&Prime;][vc_single_image image=\u00a0\u00bb2055&Prime; img_size=\u00a0\u00bbmedium\u00a0\u00bb][\/vc_column][vc_column width=\u00a0\u00bb1\/5&Prime;][vc_row_inner][vc_column_inner width=\u00a0\u00bb1\/4&Prime;][vc_icon icon_fontawesome=\u00a0\u00bbfas fa-map-marker-alt\u00a0\u00bb color=\u00a0\u00bbwhite\u00a0\u00bb align=\u00a0\u00bbright\u00a0\u00bb][\/vc_column_inner][vc_column_inner width=\u00a0\u00bb3\/4&Prime;][vc_column_text]<\/p>\n<h5><span style=\"color: #ffffff;\">Z,I de l&rsquo;\u00c9pinette<\/span><br \/>\n<span style=\"color: #ffffff;\">59850 NIEPPE<\/span><\/h5>\n<p>[\/vc_column_text][\/vc_column_inner][\/vc_row_inner][\/vc_column][vc_column width=\u00a0\u00bb1\/5&Prime;][vc_row_inner][vc_column_inner width=\u00a0\u00bb1\/4&Prime;][vc_icon icon_fontawesome=\u00a0\u00bbfas fa-phone-alt\u00a0\u00bb color=\u00a0\u00bbwhite\u00a0\u00bb align=\u00a0\u00bbright\u00a0\u00bb][\/vc_column_inner][vc_column_inner width=\u00a0\u00bb3\/4&Prime;][vc_column_text]<\/p>\n<h5><strong><span style=\"color: #ffffff;\">T\u00c9L\u00c9PHONE<\/span><\/strong><br \/>\n<span style=\"color: #ffffff;\">+33 03 20 17 29 29<\/span><\/h5>\n<p>[\/vc_column_text][\/vc_column_inner][\/vc_row_inner][\/vc_column][vc_column width=\u00a0\u00bb1\/5&Prime;][vc_row_inner][vc_column_inner width=\u00a0\u00bb1\/4&Prime;][vc_icon icon_fontawesome=\u00a0\u00bbfar fa-envelope\u00a0\u00bb color=\u00a0\u00bbwhite\u00a0\u00bb align=\u00a0\u00bbright\u00a0\u00bb][\/vc_column_inner][vc_column_inner width=\u00a0\u00bb3\/4&Prime;][vc_column_text]<\/p>\n<h5><strong><span style=\"color: #ffffff;\">COURRIEL<\/span><\/strong><br \/>\n<a href=\"mailto:contact@dubois-couvertures.fr\"><span style=\"color: #ffffff;\">contact@dubois-couvertures.fr<\/span><\/a><\/h5>\n<p>[\/vc_column_text][\/vc_column_inner][\/vc_row_inner][\/vc_column][vc_column width=\u00a0\u00bb1\/5&Prime;][vc_row_inner][vc_column_inner width=\u00a0\u00bb1\/4&Prime;][vc_icon icon_fontawesome=\u00a0\u00bbfas fa-bars\u00a0\u00bb color=\u00a0\u00bbwhite\u00a0\u00bb align=\u00a0\u00bbright\u00a0\u00bb][\/vc_column_inner][vc_column_inner width=\u00a0\u00bb3\/4&Prime;][vc_column_text]<\/p>\n<h5><span style=\"color: #ffffff;\"><a style=\"color: #ffffff;\" href=\"https:\/\/dev.groupe-tommasini.com\/dubois-couvertures\/presentation\/\">PRESENTATION<\/a><\/span><\/h5>\n<h5><span style=\"color: #ffffff;\"><a style=\"color: #ffffff;\" href=\"https:\/\/dev.groupe-tommasini.com\/dubois-couvertures\/nos-activites\/\">NOS ACTIVITES<\/a><\/span><\/h5>\n<h5><span style=\"color: #ffffff;\"><a style=\"color: #ffffff;\" href=\"https:\/\/dev.groupe-tommasini.com\/dubois-couvertures\/nos-realisations\/\">NOS REALISATIONS<\/a><\/span><\/h5>\n<h5><span style=\"color: #ffffff;\"><a style=\"color: #ffffff;\" href=\"https:\/\/dev.groupe-tommasini.com\/dubois-couvertures\/contact\/\">CONTACT<\/a><\/span><\/h5>\n<h5><span style=\"color: #ffffff;\"><a style=\"color: #ffffff;\" href=\"https:\/\/dev.groupe-tommasini.com\/dubois-couvertures\/recrutement\/\">RECRUTEMENT<\/a><\/span><\/h5>\n<p>[\/vc_column_text][\/vc_column_inner][\/vc_row_inner][\/vc_column][\/vc_row]<\/p>\n","protected":false},"excerpt":{"rendered":"<p>[vc_row full_width=\u00a0\u00bbstretch_row_content_no_spaces\u00a0\u00bb][vc_column][vc_single_image image=\u00a0\u00bb1992&Prime; img_size=\u00a0\u00bbfull\u00a0\u00bb alignment=\u00a0\u00bbcenter\u00a0\u00bb][vc_text_separator title=\u00a0\u00bbNOUS SITUER\u00a0\u00bb i_icon_fontawesome=\u00a0\u00bbfas fa-map-marker-alt\u00a0\u00bb i_color=\u00a0\u00bbcustom\u00a0\u00bb i_background_style=\u00a0\u00bbrounded-outline\u00a0\u00bb i_size=\u00a0\u00bblg\u00a0\u00bb color=\u00a0\u00bbblack\u00a0\u00bb el_width=\u00a0\u00bb80&Prime; add_icon=\u00a0\u00bbtrue\u00a0\u00bb i_custom_color=\u00a0\u00bb#316a30&Prime;][\/vc_column][\/vc_row][vc_row full_width=\u00a0\u00bbstretch_row_content\u00a0\u00bb][vc_column][vc_gmaps link=\u00a0\u00bb#E-8_JTNDaWZyYW1lJTIwc3JjJTNEJTIyaHR0cHMlM0ElMkYlMkZ3d3cuZ29vZ2xlLmNvbSUyRm1hcHMlMkZlbWJlZCUzRnBiJTNEJTIxMW0xOCUyMTFtMTIlMjExbTMlMjExZDIxMjUuNDkxNDgwNjM4NDkyJTIxMmQyLjg0Mjc1MDgwMzgwMzAzMzYlMjEzZDUwLjY4OTMyODk4MzQ3NDMyJTIxMm0zJTIxMWYwJTIxMmYwJTIxM2YwJTIxM20yJTIxMWkxMDI0JTIxMmk3NjglMjE0ZjEzLjElMjEzbTMlMjExbTIlMjExczB4NDdkY2Q2MDlhYWNjYzc1OSUyNTNBMHgxNTIwMDg1OWI0YjM4MjglMjEyc0R1Ym9pcyUyNTIwQ291dmVydHVyZXMlMjE1ZTAlMjEzbTIlMjExc2ZyJTIxMnNmciUyMTR2MTY5ODMxMDM1NzYwMyUyMTVtMiUyMTFzZnIlMjEyc2ZyJTIyJTIwd2lkdGglM0QlMjI2MDAlMjIlMjBoZWlnaHQlM0QlMjI0NTAlMjIlMjBzdHlsZSUzRCUyMmJvcmRlciUzQTAlM0IlMjIlMjBhbGxvd2Z1bGxzY3JlZW4lM0QlMjIlMjIlMjBsb2FkaW5nJTNEJTIybGF6eSUyMiUyMHJlZmVycmVycG9saWN5JTNEJTIybm8tcmVmZXJyZXItd2hlbi1kb3duZ3JhZGUlMjIlM0UlM0MlMkZpZnJhbWUlM0U=\u00a0\u00bb][vc_text_separator title=\u00a0\u00bbNOUS CONTACTER\u00a0\u00bb i_icon_fontawesome=\u00a0\u00bbfas fa-phone-alt\u00a0\u00bb i_color=\u00a0\u00bbcustom\u00a0\u00bb i_background_style=\u00a0\u00bbrounded-outline\u00a0\u00bb color=\u00a0\u00bbcustom\u00a0\u00bb el_width=\u00a0\u00bb80&Prime; add_icon=\u00a0\u00bbtrue\u00a0\u00bb i_custom_color=\u00a0\u00bb#316a30&Prime; accent_color=\u00a0\u00bb#000000&Prime;][vc_row_inner equal_height=\u00a0\u00bbyes\u00a0\u00bb css=\u00a0\u00bb.vc_custom_1698324760821{border-radius: 1px !important;}\u00a0\u00bb][vc_column_inner width=\u00a0\u00bb1\/4&Prime; css=\u00a0\u00bb.vc_custom_1698323603158{background-color: #c4bc05 !important;}\u00a0\u00bb][vc_custom_heading text=\u00a0\u00bbEntreprise r\u00e9gionale cr\u00e9\u00e9e en 1948 \u00e0 Estaires\u00a0\u00bb font_container=\u00a0\u00bbtag:h1|text_align:left|color:%23ffffff\u00a0\u00bb][vc_empty_space height=\u00a0\u00bb50&Prime;][vc_column_text] L\u2019exp\u00e9rience d\u2019un professionnel de la couverture \u00e0 votre service &hellip;<\/p>\n<p class=\"read-more\"> <a class=\"\" href=\"https:\/\/dev.groupe-tommasini.com\/dubois-couvertures\/contact\/\"> <span class=\"screen-reader-text\">Contact<\/span> Lire la suite\u00a0\u00bb<\/a><\/p>\n","protected":false},"author":1,"featured_media":0,"parent":0,"menu_order":0,"comment_status":"closed","ping_status":"closed","template":"","meta":{"site-sidebar-layout":"no-sidebar","site-content-layout":"plain-container","ast-site-content-layout":"normal-width-container","site-content-style":"unboxed","site-sidebar-style":"unboxed","ast-global-header-display":"","ast-banner-title-visibility":"","ast-main-header-display":"","ast-hfb-above-header-display":"","ast-hfb-below-header-display":"","ast-hfb-mobile-header-display":"","site-post-title":"disabled","ast-breadcrumbs-content":"","ast-featured-img":"disabled","footer-sml-layout":"","theme-transparent-header-meta":"default","adv-header-id-meta":"","stick-header-meta":"","header-above-stick-meta":"","header-main-stick-meta":"","header-below-stick-meta":"","astra-migrate-meta-layouts":"set","ast-page-background-enabled":"default","ast-page-background-meta":{"desktop":{"background-color":"var(--ast-global-color-4)","background-image":"","background-repeat":"repeat","background-position":"center center","background-size":"auto","background-attachment":"scroll","background-type":"","background-media":"","overlay-type":"","overlay-color":"","overlay-gradient":""},"tablet":{"background-color":"","background-image":"","background-repeat":"repeat","background-position":"center center","background-size":"auto","background-attachment":"scroll","background-type":"","background-media":"","overlay-type":"","overlay-color":"","overlay-gradient":""},"mobile":{"background-color":"","background-image":"","background-repeat":"repeat","background-position":"center center","background-size":"auto","background-attachment":"scroll","background-type":"","background-media":"","overlay-type":"","overlay-color":"","overlay-gradient":""}},"ast-content-background-meta":{"desktop":{"background-color":"var(--ast-global-color-5)","background-image":"","background-repeat":"repeat","background-position":"center center","background-size":"auto","background-attachment":"scroll","background-type":"","background-media":"","overlay-type":"","overlay-color":"","overlay-gradient":""},"tablet":{"background-color":"var(--ast-global-color-5)","background-image":"","background-repeat":"repeat","background-position":"center center","background-size":"auto","background-attachment":"scroll","background-type":"","background-media":"","overlay-type":"","overlay-color":"","overlay-gradient":""},"mobile":{"background-color":"var(--ast-global-color-5)","background-image":"","background-repeat":"repeat","background-position":"center center","background-size":"auto","background-attachment":"scroll","background-type":"","background-media":"","overlay-type":"","overlay-color":"","overlay-gradient":""}},"footnotes":""},"_links":{"self":[{"href":"https:\/\/dev.groupe-tommasini.com\/dubois-couvertures\/wp-json\/wp\/v2\/pages\/1840"}],"collection":[{"href":"https:\/\/dev.groupe-tommasini.com\/dubois-couvertures\/wp-json\/wp\/v2\/pages"}],"about":[{"href":"https:\/\/dev.groupe-tommasini.com\/dubois-couvertures\/wp-json\/wp\/v2\/types\/page"}],"author":[{"embeddable":true,"href":"https:\/\/dev.groupe-tommasini.com\/dubois-couvertures\/wp-json\/wp\/v2\/users\/1"}],"replies":[{"embeddable":true,"href":"https:\/\/dev.groupe-tommasini.com\/dubois-couvertures\/wp-json\/wp\/v2\/comments?post=1840"}],"version-history":[{"count":42,"href":"https:\/\/dev.groupe-tommasini.com\/dubois-couvertures\/wp-json\/wp\/v2\/pages\/1840\/revisions"}],"predecessor-version":[{"id":2061,"href":"https:\/\/dev.groupe-tommasini.com\/dubois-couvertures\/wp-json\/wp\/v2\/pages\/1840\/revisions\/2061"}],"wp:attachment":[{"href":"https:\/\/dev.groupe-tommasini.com\/dubois-couvertures\/wp-json\/wp\/v2\/media?parent=1840"}],"curies":[{"name":"wp","href":"https:\/\/api.w.org\/{rel}","templated":true}]}}