{"id":101,"date":"2016-01-05T14:16:21","date_gmt":"2016-01-05T13:16:21","guid":{"rendered":"http:\/\/tommasini.microproxy.fr\/menuiserie\/?page_id=101"},"modified":"2016-05-10T05:41:24","modified_gmt":"2016-05-10T04:41:24","slug":"alu","status":"publish","type":"page","link":"https:\/\/dev.groupe-tommasini.com\/menuiserie\/menuiseries-exterieures\/alu\/","title":{"rendered":"MENUISERIE ALUMINIUM"},"content":{"rendered":"<p>[vc_row border_color=\u00a0\u00bb#848484&Prime;][vc_column][vc_column_text css_animation=\u00a0\u00bbtop-to-bottom\u00a0\u00bb]TOMMASINI MENUISERIE est sp\u00e9cialis\u00e9 dans la mise en \u0153uvre de menuiseries ext\u00e9rieures PVC, aluminium et multi-mat\u00e9riaux. Notre partenaire <a href=\"http:\/\/www.menuiseries-bouvet.com\/\">BOUVET<\/a> produit des menuiseries de qualit\u00e9 et de\u00a0production 100% fran\u00e7aise.<\/p>\n<p>Forts de\u00a0nos 40 ans d&rsquo;exp\u00e9rience dans ce dommaine, nous nous sommes adapt\u00e9s aux nouvelles techniques de mise en \u0153uvre exig\u00e9es par les r\u00e9glementations thermiques et DTU en vigueur.<\/p>\n<p>Nos bureaux Etudes de Prix et Etudes Techniques travaillent en \u00e9troite collaboration avec notre Service Travaux pour\u00a0r\u00e9pondre au mieux aux attentes de nos clients.[\/vc_column_text][vc_separator border_width=\u00a0\u00bb5&Prime;][\/vc_column][\/vc_row][vc_row][vc_column width=\u00a0\u00bb1\/2&Prime;][vc_column_text]Construction neuve de 16 logements pour un bailleur social du bassin Sambre-Avesnois,<\/p>\n<p>[\/vc_column_text][vc_single_image image=\u00a0\u00bb175&Prime; alignment=\u00a0\u00bbcenter\u00a0\u00bb][vc_empty_space height=\u00a0\u00bb5px\u00a0\u00bb][\/vc_column][vc_column width=\u00a0\u00bb1\/2&Prime;][vc_single_image image=\u00a0\u00bb166&Prime; img_size=\u00a0\u00bbmedium\u00a0\u00bb][\/vc_column][vc_column][vc_separator border_width=\u00a0\u00bb5&Prime;][\/vc_column][\/vc_row][vc_row][vc_column width=\u00a0\u00bb1\/2&Prime;][vc_single_image image=\u00a0\u00bb356&Prime; img_size=\u00a0\u00bbmedium\u00a0\u00bb][\/vc_column][vc_column width=\u00a0\u00bb1\/2&Prime;][vc_column_text]R\u00e9habilitation de l&rsquo;ancienne gare ferroviaire de HON-HERGIES en logements.<\/p>\n<p>Pose des menuiseries PVC pour les fen\u00eatres et d&rsquo;une verri\u00e8re en aluminium pour la porte d&rsquo;entr\u00e9e.[\/vc_column_text][\/vc_column][\/vc_row]<\/p>\n","protected":false},"excerpt":{"rendered":"<p>[vc_row border_color=\u00a0\u00bb#848484&Prime;][vc_column][vc_column_text css_animation=\u00a0\u00bbtop-to-bottom\u00a0\u00bb]TOMMASINI MENUISERIE est sp\u00e9cialis\u00e9 dans la mise en \u0153uvre de menuiseries ext\u00e9rieures PVC, aluminium et multi-mat\u00e9riaux. Notre partenaire BOUVET &#8230;<\/p>\n","protected":false},"author":1,"featured_media":0,"parent":9,"menu_order":0,"comment_status":"closed","ping_status":"closed","template":"","meta":{"footnotes":""},"_links":{"self":[{"href":"https:\/\/dev.groupe-tommasini.com\/menuiserie\/wp-json\/wp\/v2\/pages\/101"}],"collection":[{"href":"https:\/\/dev.groupe-tommasini.com\/menuiserie\/wp-json\/wp\/v2\/pages"}],"about":[{"href":"https:\/\/dev.groupe-tommasini.com\/menuiserie\/wp-json\/wp\/v2\/types\/page"}],"author":[{"embeddable":true,"href":"https:\/\/dev.groupe-tommasini.com\/menuiserie\/wp-json\/wp\/v2\/users\/1"}],"replies":[{"embeddable":true,"href":"https:\/\/dev.groupe-tommasini.com\/menuiserie\/wp-json\/wp\/v2\/comments?post=101"}],"version-history":[{"count":26,"href":"https:\/\/dev.groupe-tommasini.com\/menuiserie\/wp-json\/wp\/v2\/pages\/101\/revisions"}],"predecessor-version":[{"id":534,"href":"https:\/\/dev.groupe-tommasini.com\/menuiserie\/wp-json\/wp\/v2\/pages\/101\/revisions\/534"}],"up":[{"embeddable":true,"href":"https:\/\/dev.groupe-tommasini.com\/menuiserie\/wp-json\/wp\/v2\/pages\/9"}],"wp:attachment":[{"href":"https:\/\/dev.groupe-tommasini.com\/menuiserie\/wp-json\/wp\/v2\/media?parent=101"}],"curies":[{"name":"wp","href":"https:\/\/api.w.org\/{rel}","templated":true}]}}