{"id":115,"date":"2016-01-05T14:55:39","date_gmt":"2016-01-05T13:55:39","guid":{"rendered":"http:\/\/tommasini.microproxy.fr\/menuiserie\/?page_id=115"},"modified":"2017-03-01T17:27:16","modified_gmt":"2017-03-01T16:27:16","slug":"autres","status":"publish","type":"page","link":"https:\/\/dev.groupe-tommasini.com\/menuiserie\/menuiseries-interieures\/autres\/","title":{"rendered":"Autres"},"content":{"rendered":"<p>[vc_row][vc_column][vc_column_text css_animation=\u00a0\u00bbtop-to-bottom\u00a0\u00bb]Dans le cadre de nos march\u00e9s, nous avons r\u00e9guli\u00e8rement des ouvrage moins commun &#8230; mais cela ne nous emp\u00eache pas de les r\u00e9aliser nous m\u00eame ou par le biais d&rsquo;entreprise sp\u00e9cialis\u00e9e, pour r\u00e9pondre au mieux\u00a0\u00e0 l&rsquo;attente\u00a0de nos clients &#8230;<\/p>\n<p>Voir\u00a0exemples ci-dessous:[\/vc_column_text][\/vc_column][\/vc_row][vc_row][vc_column width=\u00a0\u00bb1\/2&Prime;][vc_single_image image=\u00a0\u00bb602&Prime; img_size=\u00a0\u00bbfull\u00a0\u00bb onclick=\u00a0\u00bblink_image\u00a0\u00bb][vc_column_text el_class=\u00a0\u00bbtitle-dessus title-dessous\u00a0\u00bb]<\/p>\n<p style=\"text-align: left;\">Piscine de VITRY EN ARTOIS, pose d&rsquo;un parquet sportif sur amortisseur, barre de danse et miroirs.<\/p>\n<p>[\/vc_column_text][\/vc_column][vc_column width=\u00a0\u00bb1\/2&Prime;][vc_single_image image=\u00a0\u00bb597&Prime; img_size=\u00a0\u00bbfull\u00a0\u00bb onclick=\u00a0\u00bblink_image\u00a0\u00bb][\/vc_column][\/vc_row][vc_row][vc_column][vc_separator border_width=\u00a0\u00bb5&Prime;][\/vc_column][\/vc_row][vc_row][vc_column width=\u00a0\u00bb1\/2&Prime;][vc_single_image image=\u00a0\u00bb583&Prime; img_size=\u00a0\u00bbfull\u00a0\u00bb onclick=\u00a0\u00bblink_image\u00a0\u00bb][vc_column_text el_class=\u00a0\u00bbtitle-dessus title-dessous\u00a0\u00bb]Cr\u00e8che de CRESPIN, fourniture et pose d&rsquo;un mur mobile \u00e9lectrique coupe feu 1\/2h, 53 dB<\/p>\n<p>(sous-traitance)[\/vc_column_text][\/vc_column][vc_column width=\u00a0\u00bb1\/2&Prime;][vc_single_image image=\u00a0\u00bb582&Prime; img_size=\u00a0\u00bbfull\u00a0\u00bb onclick=\u00a0\u00bblink_image\u00a0\u00bb][\/vc_column][\/vc_row][vc_row][vc_column][vc_separator border_width=\u00a0\u00bb5&Prime;][\/vc_column][\/vc_row][vc_row][vc_column width=\u00a0\u00bb1\/2&Prime;][vc_single_image image=\u00a0\u00bb233&Prime; img_size=\u00a0\u00bbfull\u00a0\u00bb onclick=\u00a0\u00bblink_image\u00a0\u00bb][vc_column_text el_class=\u00a0\u00bbtitle-dessus title-dessous\u00a0\u00bb]<\/p>\n<p style=\"text-align: center;\">H\u00f4tel de police &#8211; Lille<\/p>\n<p>[\/vc_column_text][\/vc_column][vc_column width=\u00a0\u00bb1\/2&Prime;][vc_single_image image=\u00a0\u00bb232&Prime; img_size=\u00a0\u00bbfull\u00a0\u00bb onclick=\u00a0\u00bblink_image\u00a0\u00bb][vc_column_text el_class=\u00a0\u00bbtitle-dessus title-dessous\u00a0\u00bb]<\/p>\n<p style=\"text-align: center;\">Coll\u00e8ge de Bavay<\/p>\n<p>[\/vc_column_text][\/vc_column][\/vc_row][vc_row][vc_column][vc_single_image image=\u00a0\u00bb231&Prime; img_size=\u00a0\u00bbfull\u00a0\u00bb onclick=\u00a0\u00bblink_image\u00a0\u00bb][vc_column_text el_class=\u00a0\u00bbtitle-dessous\u00a0\u00bb]<\/p>\n<p style=\"text-align: center;\">Habitation priv\u00e9e<\/p>\n<p>[\/vc_column_text][\/vc_column][\/vc_row]<\/p>\n","protected":false},"excerpt":{"rendered":"<p>[vc_row][vc_column][vc_column_text css_animation=\u00a0\u00bbtop-to-bottom\u00a0\u00bb]Dans le cadre de nos march\u00e9s, nous avons r\u00e9guli\u00e8rement des ouvrage moins commun &#8230; mais cela ne nous emp\u00eache pas &#8230;<\/p>\n","protected":false},"author":1,"featured_media":0,"parent":11,"menu_order":0,"comment_status":"closed","ping_status":"closed","template":"","meta":{"footnotes":""},"_links":{"self":[{"href":"https:\/\/dev.groupe-tommasini.com\/menuiserie\/wp-json\/wp\/v2\/pages\/115"}],"collection":[{"href":"https:\/\/dev.groupe-tommasini.com\/menuiserie\/wp-json\/wp\/v2\/pages"}],"about":[{"href":"https:\/\/dev.groupe-tommasini.com\/menuiserie\/wp-json\/wp\/v2\/types\/page"}],"author":[{"embeddable":true,"href":"https:\/\/dev.groupe-tommasini.com\/menuiserie\/wp-json\/wp\/v2\/users\/1"}],"replies":[{"embeddable":true,"href":"https:\/\/dev.groupe-tommasini.com\/menuiserie\/wp-json\/wp\/v2\/comments?post=115"}],"version-history":[{"count":10,"href":"https:\/\/dev.groupe-tommasini.com\/menuiserie\/wp-json\/wp\/v2\/pages\/115\/revisions"}],"predecessor-version":[{"id":628,"href":"https:\/\/dev.groupe-tommasini.com\/menuiserie\/wp-json\/wp\/v2\/pages\/115\/revisions\/628"}],"up":[{"embeddable":true,"href":"https:\/\/dev.groupe-tommasini.com\/menuiserie\/wp-json\/wp\/v2\/pages\/11"}],"wp:attachment":[{"href":"https:\/\/dev.groupe-tommasini.com\/menuiserie\/wp-json\/wp\/v2\/media?parent=115"}],"curies":[{"name":"wp","href":"https:\/\/api.w.org\/{rel}","templated":true}]}}