{"id":15,"date":"2015-12-18T11:05:56","date_gmt":"2015-12-18T10:05:56","guid":{"rendered":"http:\/\/tommasini.microproxy.fr\/menuiserie\/?page_id=15"},"modified":"2017-03-01T17:44:23","modified_gmt":"2017-03-01T16:44:23","slug":"bardage","status":"publish","type":"page","link":"https:\/\/dev.groupe-tommasini.com\/menuiserie\/bardage\/","title":{"rendered":"Bardage"},"content":{"rendered":"<p>[vc_row][vc_column][vc_column_text css_animation=\u00a0\u00bbtop-to-bottom\u00a0\u00bb]TOMMASINI MENUISERIE est \u00e9galement sp\u00e9cialis\u00e9 dans le bardage bois et composite en ext\u00e9rieure et int\u00e9rieure, \u00e9tant menuisier, notre savoir faire nous permet d&rsquo;avoir de la finesse et de la pr\u00e9cision dans notre mise en \u0153uvre. Un gros atout, pour des r\u00e9alisations de grande qualit\u00e9 ![\/vc_column_text][vc_separator border_width=\u00a0\u00bb5&Prime;][\/vc_column][\/vc_row][vc_row][vc_column][vc_single_image image=\u00a0\u00bb603&Prime; img_size=\u00a0\u00bbfull\u00a0\u00bb onclick=\u00a0\u00bblink_image\u00a0\u00bb][vc_column_text]Bardage \u00e0 claire voie r\u00e9sineux autoclave<\/p>\n<p>Piscine de VITRY EN ARTOIS[\/vc_column_text][vc_separator border_width=\u00a0\u00bb5&Prime;][\/vc_column][\/vc_row][vc_row][vc_column width=\u00a0\u00bb1\/2&Prime;][vc_single_image image=\u00a0\u00bb605&Prime; img_size=\u00a0\u00bbfull\u00a0\u00bb onclick=\u00a0\u00bblink_image\u00a0\u00bb][vc_column_text]Auditorium de la m\u00e9diath\u00e8que D&rsquo;ESCAUDAIN[\/vc_column_text][\/vc_column][vc_column width=\u00a0\u00bb1\/2&Prime;][vc_single_image image=\u00a0\u00bb604&Prime; img_size=\u00a0\u00bbfull\u00a0\u00bb onclick=\u00a0\u00bblink_image\u00a0\u00bb css_animation=\u00a0\u00bbnone\u00a0\u00bb][\/vc_column][\/vc_row][vc_row][vc_column][vc_separator border_width=\u00a0\u00bb5&Prime;][\/vc_column][\/vc_row][vc_row][vc_column width=\u00a0\u00bb1\/2&Prime;][vc_single_image image=\u00a0\u00bb483&Prime; img_size=\u00a0\u00bbfull\u00a0\u00bb onclick=\u00a0\u00bblink_image\u00a0\u00bb][vc_column_text]B\u00e2timent collectif et individuels \u00e0 AULNOYE-AYMERIES[\/vc_column_text][\/vc_column][vc_column width=\u00a0\u00bb1\/2&Prime;][vc_single_image image=\u00a0\u00bb487&Prime; img_size=\u00a0\u00bbfull\u00a0\u00bb onclick=\u00a0\u00bblink_image\u00a0\u00bb][\/vc_column][vc_column][vc_separator border_width=\u00a0\u00bb5&Prime;][\/vc_column][\/vc_row][vc_row][vc_column width=\u00a0\u00bb1\/2&Prime;][vc_single_image image=\u00a0\u00bb489&Prime; img_size=\u00a0\u00bbfull\u00a0\u00bb onclick=\u00a0\u00bblink_image\u00a0\u00bb][vc_column_text el_class=\u00a0\u00bbtitle-dessous title-dessus\u00a0\u00bb]<\/p>\n<p style=\"text-align: left;\">Maison de retraite saint Emilie \u00e0 MAUBEUGE<\/p>\n<p>[\/vc_column_text][\/vc_column][vc_column width=\u00a0\u00bb1\/2&Prime;][vc_single_image image=\u00a0\u00bb490&Prime; img_size=\u00a0\u00bbfull\u00a0\u00bb onclick=\u00a0\u00bblink_image\u00a0\u00bb][\/vc_column][\/vc_row][vc_row][vc_column][vc_separator border_width=\u00a0\u00bb5&Prime;][\/vc_column][\/vc_row][vc_row][vc_column width=\u00a0\u00bb1\/4&Prime;][vc_single_image image=\u00a0\u00bb213&Prime; img_size=\u00a0\u00bbfull\u00a0\u00bb onclick=\u00a0\u00bblink_image\u00a0\u00bb][vc_column_text el_class=\u00a0\u00bbtitle-dessous title-dessus\u00a0\u00bb]Palais des sports &#8211; Caudry[\/vc_column_text][\/vc_column][vc_column width=\u00a0\u00bb1\/4&Prime;][vc_single_image image=\u00a0\u00bb211&Prime; img_size=\u00a0\u00bbfull\u00a0\u00bb onclick=\u00a0\u00bblink_image\u00a0\u00bb][vc_column_text el_class=\u00a0\u00bbtitle-dessous title-dessus\u00a0\u00bb]Universit\u00e9 Descartes\u00a0Marne-la-vall\u00e9e[\/vc_column_text][\/vc_column][vc_column width=\u00a0\u00bb1\/4&Prime;][vc_single_image image=\u00a0\u00bb212&Prime; img_size=\u00a0\u00bbfull\u00a0\u00bb onclick=\u00a0\u00bblink_image\u00a0\u00bb][vc_column_text el_class=\u00a0\u00bbtitle-dessous title-dessus\u00a0\u00bb]Famars[\/vc_column_text][\/vc_column][vc_column width=\u00a0\u00bb1\/4&Prime;][vc_single_image image=\u00a0\u00bb209&Prime; img_size=\u00a0\u00bbfull\u00a0\u00bb onclick=\u00a0\u00bblink_image\u00a0\u00bb][vc_column_text el_class=\u00a0\u00bbtitle-dessous title-dessus\u00a0\u00bb]C.A.M.S.P. &#8211; Aulnoye-Aymeries[\/vc_column_text][\/vc_column][\/vc_row][vc_row][vc_column][vc_separator border_width=\u00a0\u00bb5&Prime;][\/vc_column][\/vc_row][vc_row][vc_column][vc_single_image image=\u00a0\u00bb210&Prime; img_size=\u00a0\u00bbfull\u00a0\u00bb][vc_column_text el_class=\u00a0\u00bbtitle-dessous title-dessus\u00a0\u00bb]<\/p>\n<p style=\"text-align: center;\">Universit\u00e9 Descartes<br \/>\nMarne-la-vall\u00e9e<\/p>\n<p>[\/vc_column_text][\/vc_column][\/vc_row]<\/p>\n","protected":false},"excerpt":{"rendered":"<p>[vc_row][vc_column][vc_column_text css_animation=\u00a0\u00bbtop-to-bottom\u00a0\u00bb]TOMMASINI MENUISERIE est \u00e9galement sp\u00e9cialis\u00e9 dans le bardage bois et composite en ext\u00e9rieure et int\u00e9rieure, \u00e9tant menuisier, notre savoir faire &#8230;<\/p>\n","protected":false},"author":1,"featured_media":0,"parent":0,"menu_order":0,"comment_status":"closed","ping_status":"closed","template":"","meta":{"footnotes":""},"_links":{"self":[{"href":"https:\/\/dev.groupe-tommasini.com\/menuiserie\/wp-json\/wp\/v2\/pages\/15"}],"collection":[{"href":"https:\/\/dev.groupe-tommasini.com\/menuiserie\/wp-json\/wp\/v2\/pages"}],"about":[{"href":"https:\/\/dev.groupe-tommasini.com\/menuiserie\/wp-json\/wp\/v2\/types\/page"}],"author":[{"embeddable":true,"href":"https:\/\/dev.groupe-tommasini.com\/menuiserie\/wp-json\/wp\/v2\/users\/1"}],"replies":[{"embeddable":true,"href":"https:\/\/dev.groupe-tommasini.com\/menuiserie\/wp-json\/wp\/v2\/comments?post=15"}],"version-history":[{"count":20,"href":"https:\/\/dev.groupe-tommasini.com\/menuiserie\/wp-json\/wp\/v2\/pages\/15\/revisions"}],"predecessor-version":[{"id":631,"href":"https:\/\/dev.groupe-tommasini.com\/menuiserie\/wp-json\/wp\/v2\/pages\/15\/revisions\/631"}],"wp:attachment":[{"href":"https:\/\/dev.groupe-tommasini.com\/menuiserie\/wp-json\/wp\/v2\/media?parent=15"}],"curies":[{"name":"wp","href":"https:\/\/api.w.org\/{rel}","templated":true}]}}