{"id":17,"date":"2015-12-18T11:06:19","date_gmt":"2015-12-18T10:06:19","guid":{"rendered":"http:\/\/tommasini.microproxy.fr\/menuiserie\/?page_id=17"},"modified":"2017-03-01T17:51:35","modified_gmt":"2017-03-01T16:51:35","slug":"contrats-dentretien","status":"publish","type":"page","link":"https:\/\/dev.groupe-tommasini.com\/menuiserie\/contrats-dentretien\/","title":{"rendered":"Contrats d&rsquo;entretien"},"content":{"rendered":"<p>[vc_row][vc_column][vc_column_text]Nous sommes actuellement titulaire du march\u00e9 d&rsquo;entretien de chez \u00ab\u00a0PARTENORD HABITAT\u00a0\u00bb sur les secteurs Sambre-Avesnois et Hainaut-Cambr\u00e9sis pour les lots menuiserie int\u00e9rieure, menuiserie ext\u00e9rieure et fermeture jusqu&rsquo;en 2018[\/vc_column_text][\/vc_column][\/vc_row]<\/p>\n","protected":false},"excerpt":{"rendered":"<p>[vc_row][vc_column][vc_column_text]Nous sommes actuellement titulaire du march\u00e9 d&rsquo;entretien de chez \u00ab\u00a0PARTENORD HABITAT\u00a0\u00bb sur les secteurs Sambre-Avesnois et Hainaut-Cambr\u00e9sis pour les lots menuiserie &#8230;<\/p>\n","protected":false},"author":1,"featured_media":0,"parent":0,"menu_order":0,"comment_status":"closed","ping_status":"closed","template":"","meta":{"footnotes":""},"_links":{"self":[{"href":"https:\/\/dev.groupe-tommasini.com\/menuiserie\/wp-json\/wp\/v2\/pages\/17"}],"collection":[{"href":"https:\/\/dev.groupe-tommasini.com\/menuiserie\/wp-json\/wp\/v2\/pages"}],"about":[{"href":"https:\/\/dev.groupe-tommasini.com\/menuiserie\/wp-json\/wp\/v2\/types\/page"}],"author":[{"embeddable":true,"href":"https:\/\/dev.groupe-tommasini.com\/menuiserie\/wp-json\/wp\/v2\/users\/1"}],"replies":[{"embeddable":true,"href":"https:\/\/dev.groupe-tommasini.com\/menuiserie\/wp-json\/wp\/v2\/comments?post=17"}],"version-history":[{"count":7,"href":"https:\/\/dev.groupe-tommasini.com\/menuiserie\/wp-json\/wp\/v2\/pages\/17\/revisions"}],"predecessor-version":[{"id":632,"href":"https:\/\/dev.groupe-tommasini.com\/menuiserie\/wp-json\/wp\/v2\/pages\/17\/revisions\/632"}],"wp:attachment":[{"href":"https:\/\/dev.groupe-tommasini.com\/menuiserie\/wp-json\/wp\/v2\/media?parent=17"}],"curies":[{"name":"wp","href":"https:\/\/api.w.org\/{rel}","templated":true}]}}