{"id":288,"date":"2016-03-15T10:50:32","date_gmt":"2016-03-15T09:50:32","guid":{"rendered":"http:\/\/dev.groupe-tommasini.com\/menuiserie\/?page_id=288"},"modified":"2021-07-23T13:15:41","modified_gmt":"2021-07-23T12:15:41","slug":"rerutement","status":"publish","type":"page","link":"https:\/\/dev.groupe-tommasini.com\/menuiserie\/rerutement\/","title":{"rendered":"Recrutement"},"content":{"rendered":"<p>[vc_row][vc_column][vc_column_text]<\/p>\n<p style=\"text-align: center;\">Consulter nos offres ci-dessous pour postuler directement<\/p>\n<p>[\/vc_column_text][\/vc_column][\/vc_row][vc_row][vc_column]\n\t<div class=\"custom-heading wpb_content_element \">\n\t\t<h2 class=\"heading-title\"  style=\"color: #4b4b4b;\">NOS OFFRES<\/h2>\n\t\t<span class=\"heading-line \"style=\"background-color: #ffc801\"><\/span>\n\t<\/div>[\/vc_column][\/vc_row][vc_row][vc_column width=\u00a0\u00bb1\/2&Prime;][vc_column_text]Dans le cadre de son d\u00e9veloppement, TOMMASINI MENUISERIE recrute\u00a0:<\/p>\n<p><strong>un menuisier, poseur (H\/F), Temps plein, CDI\u00a0:<\/strong><\/p>\n<p><strong>\u00a0C<\/strong>r\u00e9\u00e9e en 1975, <strong>TOMMASINI MENUISERIE<\/strong>, est une entreprise de 25 salari\u00e9s, sp\u00e9cialis\u00e9e en Menuiseries Int\u00e9rieures et Ext\u00e9rieures, Bardage et Agencement, bas\u00e9e \u00e0 Aulnoye-Aymeries.<\/p>\n<p>Nos secteurs d\u2019activit\u00e9s sont principalement les travaux de\u00a0construction et r\u00e9habilitation\u00a0en logements, b\u00e2timents publics, \u00e9tablissements de sant\u00e9, \u00e9tablissements scolaires et autres.<\/p>\n<p>Nos Bureaux Etudes de Prix et Technique travaillent en \u00e9troite collaboration avec le Service Travaux, notre Atelier et\u00a0nos \u00e9quipes de pose pour r\u00e9pondre au mieux aux attentes de nos clients.<\/p>\n<p><strong>Missions\u00a0<\/strong><\/p>\n<p>Pr\u00e9paration et pose de toutes fermetures int\u00e9rieures et ext\u00e9rieures en bois, m\u00e9tal, aluminium, PVC (portes, fen\u00eatres, battants, volets roulants, grilles, murs, stores, cl\u00f4tures, portes de garages,&#8230;) selon les r\u00e8gles de s\u00e9curit\u00e9.<\/p>\n<p>Installation et r\u00e9glage des automatismes de fermetures.<\/p>\n<p>Entretenir, r\u00e9paration, remplacement des \u00e9l\u00e9ments pos\u00e9s et de leur syst\u00e8me de fermeture.<\/p>\n<p><strong>Profil et comp\u00e9tences<\/strong><\/p>\n<p>Issu d&rsquo;une formation type CAP\/ BP en menuiserie, vous justifiez d&rsquo;une exp\u00e9rience similaire d&rsquo;au moins 2 ans.<\/p>\n<p>Exp\u00e9rience des chantiers en Agencement \/ Menuiserie int\/ext&#8230;<\/p>\n<p>Votre bon relationnel et votre sens du service seront \u00e9galement des atouts pour ce poste.<\/p>\n<p>Permis VL<\/p>\n<p>R\u00e9mun\u00e9ration : selon profil et exp\u00e9rience.<\/p>\n<p>Poste bas\u00e9 \u00e0 Aulnoye-Aymeries (interventions r\u00e9gionales)<\/p>\n<p>Vous souhaitez vous investir durablement au sein d&rsquo;une entreprise \u00e0 taille humaine\u00a0?<br \/>\nEnvoyer CV + lettre de motivation\u00a0\u00e0\u00a0: \u00a0nfaveau@tommasini.fr<\/p>\n<p>&nbsp;<\/p>\n<p>&nbsp;<\/p>\n<p>[\/vc_column_text][\/vc_column][\/vc_row][vc_row][vc_column width=\u00a0\u00bb1\/3&Prime;][\/vc_column][vc_column width=\u00a0\u00bb1\/3&Prime;][\/vc_column][vc_column width=\u00a0\u00bb1\/3&Prime;][\/vc_column][\/vc_row]<\/p>\n","protected":false},"excerpt":{"rendered":"<p>[vc_row][vc_column][vc_column_text] Consulter nos offres ci-dessous pour postuler directement [\/vc_column_text][\/vc_column][\/vc_row][vc_row][vc_column][\/vc_column][\/vc_row][vc_row][vc_column width=\u00a0\u00bb1\/2&Prime;][vc_column_text]Dans le cadre de son d\u00e9veloppement, TOMMASINI MENUISERIE recrute\u00a0: un menuisier, poseur &#8230;<\/p>\n","protected":false},"author":1,"featured_media":0,"parent":0,"menu_order":0,"comment_status":"closed","ping_status":"closed","template":"","meta":{"footnotes":""},"_links":{"self":[{"href":"https:\/\/dev.groupe-tommasini.com\/menuiserie\/wp-json\/wp\/v2\/pages\/288"}],"collection":[{"href":"https:\/\/dev.groupe-tommasini.com\/menuiserie\/wp-json\/wp\/v2\/pages"}],"about":[{"href":"https:\/\/dev.groupe-tommasini.com\/menuiserie\/wp-json\/wp\/v2\/types\/page"}],"author":[{"embeddable":true,"href":"https:\/\/dev.groupe-tommasini.com\/menuiserie\/wp-json\/wp\/v2\/users\/1"}],"replies":[{"embeddable":true,"href":"https:\/\/dev.groupe-tommasini.com\/menuiserie\/wp-json\/wp\/v2\/comments?post=288"}],"version-history":[{"count":14,"href":"https:\/\/dev.groupe-tommasini.com\/menuiserie\/wp-json\/wp\/v2\/pages\/288\/revisions"}],"predecessor-version":[{"id":653,"href":"https:\/\/dev.groupe-tommasini.com\/menuiserie\/wp-json\/wp\/v2\/pages\/288\/revisions\/653"}],"wp:attachment":[{"href":"https:\/\/dev.groupe-tommasini.com\/menuiserie\/wp-json\/wp\/v2\/media?parent=288"}],"curies":[{"name":"wp","href":"https:\/\/api.w.org\/{rel}","templated":true}]}}