{"id":446,"date":"2016-03-19T10:25:59","date_gmt":"2016-03-19T09:25:59","guid":{"rendered":"http:\/\/dev.groupe-tommasini.com\/menuiserie\/?page_id=446"},"modified":"2017-03-01T17:22:56","modified_gmt":"2017-03-01T16:22:56","slug":"chassis-menuise","status":"publish","type":"page","link":"https:\/\/dev.groupe-tommasini.com\/menuiserie\/menuiseries-interieures\/chassis-menuise\/","title":{"rendered":"ensembles menuis\u00e9s"},"content":{"rendered":"<p>[vc_row][vc_column width=\u00a0\u00bb1\/4&Prime;][vc_column_text css_animation=\u00a0\u00bbtop-to-bottom\u00a0\u00bb]Dans le cadre de nos march\u00e9s de menuiseries int\u00e9rieures, nous devons tr\u00e8s souvent mettre en \u0153uvre des\u00a0ensembles menuis\u00e9s en bois. Nous les fabriquons dans notre atelier, suivant les proc\u00e8s verbaux d&rsquo;essais des produits verriers.[\/vc_column_text][vc_single_image image=\u00a0\u00bb457&Prime; img_size=\u00a0\u00bbfull\u00a0\u00bb onclick=\u00a0\u00bblink_image\u00a0\u00bb][vc_column_text]Laboratoire m\u00e9dical du centre hospitalier de ROUBAIX, Ch\u00e2ssis EW30 &#8211; 47 db[\/vc_column_text][\/vc_column][vc_column width=\u00a0\u00bb3\/4&Prime;][vc_single_image image=\u00a0\u00bb455&Prime; img_size=\u00a0\u00bbfull\u00a0\u00bb onclick=\u00a0\u00bblink_image\u00a0\u00bb][vc_column_text]Lyc\u00e9e Pierre et Marie Curie \u00e0 AULNOYE-AYMERIES[\/vc_column_text][\/vc_column][vc_column][vc_separator border_width=\u00a0\u00bb5&Prime;][\/vc_column][\/vc_row][vc_row][vc_column][vc_column_text]P\u00f4le Femme-M\u00e8re-Enfant de ROUBAIX[\/vc_column_text][vc_single_image image=\u00a0\u00bb549&Prime; img_size=\u00a0\u00bbfull\u00a0\u00bb onclick=\u00a0\u00bblink_image\u00a0\u00bb][\/vc_column][\/vc_row][vc_row][vc_column width=\u00a0\u00bb1\/2&Prime;][vc_single_image image=\u00a0\u00bb547&Prime; img_size=\u00a0\u00bbfull\u00a0\u00bb onclick=\u00a0\u00bblink_image\u00a0\u00bb][vc_single_image image=\u00a0\u00bb546&Prime; img_size=\u00a0\u00bbfull\u00a0\u00bb onclick=\u00a0\u00bblink_image\u00a0\u00bb][vc_column_text]Ch\u00e2ssis EI30[\/vc_column_text][vc_single_image image=\u00a0\u00bb544&Prime; img_size=\u00a0\u00bbfull\u00a0\u00bb onclick=\u00a0\u00bblink_image\u00a0\u00bb][vc_column_text]Ch\u00e2ssis EI90[\/vc_column_text][\/vc_column][vc_column width=\u00a0\u00bb1\/2&Prime;][vc_single_image image=\u00a0\u00bb550&Prime; img_size=\u00a0\u00bbfull\u00a0\u00bb onclick=\u00a0\u00bblink_image\u00a0\u00bb][vc_single_image image=\u00a0\u00bb551&Prime; img_size=\u00a0\u00bbfull\u00a0\u00bb onclick=\u00a0\u00bblink_image\u00a0\u00bb][vc_column_text]Ch\u00e2ssis EI30 avec store int\u00e9gr\u00e9.[\/vc_column_text][vc_single_image image=\u00a0\u00bb545&Prime; img_size=\u00a0\u00bbfull\u00a0\u00bb onclick=\u00a0\u00bblink_image\u00a0\u00bb][\/vc_column][\/vc_row][vc_row][vc_column][vc_separator border_width=\u00a0\u00bb5&Prime;][\/vc_column][\/vc_row][vc_row][vc_column width=\u00a0\u00bb1\/2&Prime;][vc_single_image image=\u00a0\u00bb593&Prime; img_size=\u00a0\u00bbfull\u00a0\u00bb onclick=\u00a0\u00bblink_image\u00a0\u00bb][vc_column_text]Internat sp\u00e9cialis\u00e9 pour enfants TED et autistes \u00e0 SAINT AMAND LES EAUX[\/vc_column_text][\/vc_column][vc_column width=\u00a0\u00bb1\/2&Prime;][vc_single_image image=\u00a0\u00bb594&Prime; img_size=\u00a0\u00bbfull\u00a0\u00bb onclick=\u00a0\u00bblink_image\u00a0\u00bb][\/vc_column][\/vc_row][vc_row][vc_column][vc_separator border_width=\u00a0\u00bb5&Prime;][\/vc_column][\/vc_row][vc_row][vc_column width=\u00a0\u00bb1\/2&Prime;][vc_single_image image=\u00a0\u00bb451&Prime; img_size=\u00a0\u00bbfull\u00a0\u00bb onclick=\u00a0\u00bblink_image\u00a0\u00bb][vc_single_image image=\u00a0\u00bb452&Prime; img_size=\u00a0\u00bbfull\u00a0\u00bb onclick=\u00a0\u00bblink_image\u00a0\u00bb][vc_column_text]Coll\u00e8ge Alphonse Terroir \u00e0 MARLY[\/vc_column_text][\/vc_column][vc_column width=\u00a0\u00bb1\/2&Prime;][vc_empty_space height=\u00a0\u00bb100px\u00a0\u00bb][vc_single_image image=\u00a0\u00bb453&Prime; img_size=\u00a0\u00bbfull\u00a0\u00bb onclick=\u00a0\u00bblink_image\u00a0\u00bb][vc_column_text]Maison de retraire \u00ab\u00a0St Emilie\u00a0\u00bb \u00e0 MAUBEUGE[\/vc_column_text][\/vc_column][\/vc_row][vc_row][vc_column][vc_separator border_width=\u00a0\u00bb5&Prime;][\/vc_column][\/vc_row][vc_row][vc_column width=\u00a0\u00bb1\/2&Prime;][vc_single_image image=\u00a0\u00bb461&Prime; img_size=\u00a0\u00bbfull\u00a0\u00bb onclick=\u00a0\u00bblink_image\u00a0\u00bb][vc_column_text]H\u00f4tel de Police de LILLE[\/vc_column_text][\/vc_column][vc_column width=\u00a0\u00bb1\/2&Prime;][vc_single_image image=\u00a0\u00bb466&Prime; img_size=\u00a0\u00bbfull\u00a0\u00bb onclick=\u00a0\u00bblink_image\u00a0\u00bb][\/vc_column][\/vc_row]<\/p>\n","protected":false},"excerpt":{"rendered":"<p>[vc_row][vc_column width=\u00a0\u00bb1\/4&Prime;][vc_column_text css_animation=\u00a0\u00bbtop-to-bottom\u00a0\u00bb]Dans le cadre de nos march\u00e9s de menuiseries int\u00e9rieures, nous devons tr\u00e8s souvent mettre en \u0153uvre des\u00a0ensembles menuis\u00e9s en &#8230;<\/p>\n","protected":false},"author":1,"featured_media":0,"parent":11,"menu_order":0,"comment_status":"closed","ping_status":"closed","template":"","meta":{"footnotes":""},"_links":{"self":[{"href":"https:\/\/dev.groupe-tommasini.com\/menuiserie\/wp-json\/wp\/v2\/pages\/446"}],"collection":[{"href":"https:\/\/dev.groupe-tommasini.com\/menuiserie\/wp-json\/wp\/v2\/pages"}],"about":[{"href":"https:\/\/dev.groupe-tommasini.com\/menuiserie\/wp-json\/wp\/v2\/types\/page"}],"author":[{"embeddable":true,"href":"https:\/\/dev.groupe-tommasini.com\/menuiserie\/wp-json\/wp\/v2\/users\/1"}],"replies":[{"embeddable":true,"href":"https:\/\/dev.groupe-tommasini.com\/menuiserie\/wp-json\/wp\/v2\/comments?post=446"}],"version-history":[{"count":19,"href":"https:\/\/dev.groupe-tommasini.com\/menuiserie\/wp-json\/wp\/v2\/pages\/446\/revisions"}],"predecessor-version":[{"id":626,"href":"https:\/\/dev.groupe-tommasini.com\/menuiserie\/wp-json\/wp\/v2\/pages\/446\/revisions\/626"}],"up":[{"embeddable":true,"href":"https:\/\/dev.groupe-tommasini.com\/menuiserie\/wp-json\/wp\/v2\/pages\/11"}],"wp:attachment":[{"href":"https:\/\/dev.groupe-tommasini.com\/menuiserie\/wp-json\/wp\/v2\/media?parent=446"}],"curies":[{"name":"wp","href":"https:\/\/api.w.org\/{rel}","templated":true}]}}