{"id":7,"date":"2015-12-18T11:03:46","date_gmt":"2015-12-18T10:03:46","guid":{"rendered":"http:\/\/tommasini.microproxy.fr\/menuiserie\/?page_id=7"},"modified":"2016-03-30T16:08:03","modified_gmt":"2016-03-30T15:08:03","slug":"presentation","status":"publish","type":"page","link":"https:\/\/dev.groupe-tommasini.com\/menuiserie\/presentation\/","title":{"rendered":"Pr\u00e9sentation"},"content":{"rendered":"<p>[vc_row][vc_column]\n\t<div class=\"custom-heading wpb_content_element \">\n\t\t<h2 class=\"heading-title\"  style=\"color: #4b4b4d;\">QUI SOMMES NOUS ?<\/h2>\n\t\t<span class=\"heading-line \"style=\"background-color: #ffc801\"><\/span>\n\t<\/div>[\/vc_column][\/vc_row][vc_row][vc_column width=\u00a0\u00bb1\/2&Prime;][vc_column_text]<\/p>\n<ul>\n<li><strong>TOMMASINI MENUISERIE<\/strong>, cr\u00e9\u00e9e en 1975 par le Groupe TOMMASINI, est une entreprise de 25 salari\u00e9s, sp\u00e9cialis\u00e9e en Menuiseries Int\u00e9rieures et Ext\u00e9rieures, Bardage et Agencement, bas\u00e9e \u00e0 Aulnoye-Aymeries.<\/li>\n<\/ul>\n<p>[\/vc_column_text][\/vc_column][vc_column width=\u00a0\u00bb1\/2&Prime;][vc_single_image image=\u00a0\u00bb323&Prime; img_size=\u00a0\u00bblarge\u00a0\u00bb onclick=\u00a0\u00bblink_image\u00a0\u00bb][\/vc_column][\/vc_row][vc_row][vc_column]\n\t<div class=\"custom-heading wpb_content_element \">\n\t\t<h2 class=\"heading-title\"  style=\"color: #4b4b4d;\">NOTRE STRAT\u00c9GIE<\/h2>\n\t\t<span class=\"heading-line \"style=\"background-color: #ffc801\"><\/span>\n\t<\/div>[\/vc_column][\/vc_row][vc_row][vc_column width=\u00a0\u00bb1\/2&Prime;][vc_column_text]<\/p>\n<ul>\n<li>Nos secteurs d&rsquo;activit\u00e9s sont principalement les travaux de\u00a0construction et r\u00e9habilitation\u00a0en logements, b\u00e2timents publics, \u00e9tablissements de sant\u00e9, \u00e9tablissements scolaires et autres.<\/li>\n<li>Nos Bureaux Etudes de Prix et Technique travaillent en \u00e9troite collaboration avec le Service Travaux, notre Atelier et\u00a0nos \u00e9quipes de pose pour r\u00e9pondre au mieux aux attentes de nos clients.<\/li>\n<\/ul>\n<p>[\/vc_column_text][\/vc_column][vc_column width=\u00a0\u00bb1\/2&Prime;][vc_single_image image=\u00a0\u00bb402&Prime; img_size=\u00a0\u00bblarge\u00a0\u00bb onclick=\u00a0\u00bblink_image\u00a0\u00bb][\/vc_column][\/vc_row]<\/p>\n","protected":false},"excerpt":{"rendered":"<p>[vc_row][vc_column][\/vc_column][\/vc_row][vc_row][vc_column width=\u00a0\u00bb1\/2&Prime;][vc_column_text] TOMMASINI MENUISERIE, cr\u00e9\u00e9e en 1975 par le Groupe TOMMASINI, est une entreprise de 25 salari\u00e9s, sp\u00e9cialis\u00e9e en Menuiseries Int\u00e9rieures &#8230;<\/p>\n","protected":false},"author":1,"featured_media":0,"parent":0,"menu_order":0,"comment_status":"closed","ping_status":"closed","template":"","meta":{"footnotes":""},"_links":{"self":[{"href":"https:\/\/dev.groupe-tommasini.com\/menuiserie\/wp-json\/wp\/v2\/pages\/7"}],"collection":[{"href":"https:\/\/dev.groupe-tommasini.com\/menuiserie\/wp-json\/wp\/v2\/pages"}],"about":[{"href":"https:\/\/dev.groupe-tommasini.com\/menuiserie\/wp-json\/wp\/v2\/types\/page"}],"author":[{"embeddable":true,"href":"https:\/\/dev.groupe-tommasini.com\/menuiserie\/wp-json\/wp\/v2\/users\/1"}],"replies":[{"embeddable":true,"href":"https:\/\/dev.groupe-tommasini.com\/menuiserie\/wp-json\/wp\/v2\/comments?post=7"}],"version-history":[{"count":18,"href":"https:\/\/dev.groupe-tommasini.com\/menuiserie\/wp-json\/wp\/v2\/pages\/7\/revisions"}],"predecessor-version":[{"id":516,"href":"https:\/\/dev.groupe-tommasini.com\/menuiserie\/wp-json\/wp\/v2\/pages\/7\/revisions\/516"}],"wp:attachment":[{"href":"https:\/\/dev.groupe-tommasini.com\/menuiserie\/wp-json\/wp\/v2\/media?parent=7"}],"curies":[{"name":"wp","href":"https:\/\/api.w.org\/{rel}","templated":true}]}}