{"id":74,"date":"2016-01-05T10:39:43","date_gmt":"2016-01-05T09:39:43","guid":{"rendered":"http:\/\/tommasini.microproxy.fr\/menuiserie\/?page_id=74"},"modified":"2016-03-17T17:53:21","modified_gmt":"2016-03-17T16:53:21","slug":"certifications","status":"publish","type":"page","link":"https:\/\/dev.groupe-tommasini.com\/menuiserie\/presentation\/certifications\/","title":{"rendered":"Certifications"},"content":{"rendered":"<p>[vc_row class=\u00a0\u00bbbox-certif\u00a0\u00bb][vc_column width=\u00a0\u00bb3\/4&Prime;][vc_column_text]Chaque entreprise QUALIBAT est s\u00e9lectionn\u00e9e sur ses aptitudes \u00e0 r\u00e9aliser des travaux dans une activit\u00e9 donn\u00e9e et r\u00e9guli\u00e8rement contr\u00f4l\u00e9e sur le plan administratif, juridique et financier.<\/p>\n<p>C\u2019est un gage d\u2019excellence pour tous les ma\u00eetres d\u2019ouvrage, publics et priv\u00e9s.<\/p>\n<p>En menuiserie :<\/p>\n<p>3512 \u2013 Fourniture et pose de menuiseries ext\u00e9rieures avec ma\u00eetrise d\u2019\u0153uvre<br \/>\n4323 \u2013 Fabrication et pose de menuiseries en bois (technicit\u00e9 sup\u00e9rieure)[\/vc_column_text][\/vc_column][vc_column width=\u00a0\u00bb1\/4&Prime;][vc_single_image image=\u00a0\u00bb94&Prime; img_size=\u00a0\u00bbfull\u00a0\u00bb][\/vc_column][\/vc_row][vc_row class=\u00a0\u00bbbox-certif\u00a0\u00bb][vc_column width=\u00a0\u00bb1\/4&Prime;][vc_single_image image=\u00a0\u00bb93&Prime; img_size=\u00a0\u00bbfull\u00a0\u00bb][\/vc_column][vc_column width=\u00a0\u00bb3\/4&Prime;][vc_column_text]Afin de valoriser son savoir-faire, de renforcer sa relation de confiance avec ses clients et de s\u2019engager dans une d\u00e9marche de progr\u00e8s permanent, l\u2019entreprise TOMMASINI\u00a0Menuiserie est Reconnue Garant de l\u2019Environnement (RGE).[\/vc_column_text][\/vc_column][\/vc_row]<\/p>\n","protected":false},"excerpt":{"rendered":"<p>[vc_row class=\u00a0\u00bbbox-certif\u00a0\u00bb][vc_column width=\u00a0\u00bb3\/4&Prime;][vc_column_text]Chaque entreprise QUALIBAT est s\u00e9lectionn\u00e9e sur ses aptitudes \u00e0 r\u00e9aliser des travaux dans une activit\u00e9 donn\u00e9e et r\u00e9guli\u00e8rement contr\u00f4l\u00e9e &#8230;<\/p>\n","protected":false},"author":1,"featured_media":0,"parent":7,"menu_order":0,"comment_status":"closed","ping_status":"closed","template":"","meta":{"footnotes":""},"_links":{"self":[{"href":"https:\/\/dev.groupe-tommasini.com\/menuiserie\/wp-json\/wp\/v2\/pages\/74"}],"collection":[{"href":"https:\/\/dev.groupe-tommasini.com\/menuiserie\/wp-json\/wp\/v2\/pages"}],"about":[{"href":"https:\/\/dev.groupe-tommasini.com\/menuiserie\/wp-json\/wp\/v2\/types\/page"}],"author":[{"embeddable":true,"href":"https:\/\/dev.groupe-tommasini.com\/menuiserie\/wp-json\/wp\/v2\/users\/1"}],"replies":[{"embeddable":true,"href":"https:\/\/dev.groupe-tommasini.com\/menuiserie\/wp-json\/wp\/v2\/comments?post=74"}],"version-history":[{"count":9,"href":"https:\/\/dev.groupe-tommasini.com\/menuiserie\/wp-json\/wp\/v2\/pages\/74\/revisions"}],"predecessor-version":[{"id":412,"href":"https:\/\/dev.groupe-tommasini.com\/menuiserie\/wp-json\/wp\/v2\/pages\/74\/revisions\/412"}],"up":[{"embeddable":true,"href":"https:\/\/dev.groupe-tommasini.com\/menuiserie\/wp-json\/wp\/v2\/pages\/7"}],"wp:attachment":[{"href":"https:\/\/dev.groupe-tommasini.com\/menuiserie\/wp-json\/wp\/v2\/media?parent=74"}],"curies":[{"name":"wp","href":"https:\/\/api.w.org\/{rel}","templated":true}]}}